{"id":934,"date":"2026-03-25T06:59:17","date_gmt":"2026-03-25T06:59:17","guid":{"rendered":"https:\/\/horsewonder.dk\/product\/meta-gloss-500-ml-spray-rechargeable\/"},"modified":"2026-04-01T22:08:45","modified_gmt":"2026-04-01T21:08:45","slug":"meta-gloss-500-ml-spray-rechargeable","status":"publish","type":"product","link":"https:\/\/horsewonder.dk\/fr\/produit\/meta-gloss-500-ml-spray-rechargeable\/","title":{"rendered":"Meta Gloss 500 ml. Spray (rechargeable)"},"content":{"rendered":"<h5 style=\"text-align: left;\">10 caract\u00e9ristiques convaincantes<\/h5>\n<ul>\n<li>Formule 2 minutes<\/li>\n<li>Peut \u00eatre d\u00e9m\u00eal\u00e9 imm\u00e9diatement apr\u00e8s application<\/li>\n<li>Avec une formule unique Wet, Dry &amp; Dirty<\/li>\n<li>Anti-n\u0153uds \u00e0 effet longue dur\u00e9e<\/li>\n<li>Nourrit, soigne et prot\u00e8ge le poil<\/li>\n<li>Volume suppl\u00e9mentaire (+25 %) avec un toucher soyeux<\/li>\n<li>Repousse l\u2019urine, les excr\u00e9ments et la salet\u00e9<\/li>\n<li>Emp\u00eache la formation de nouveaux n\u0153uds<\/li>\n<li>Ne laisse aucun r\u00e9sidu collant, etc.<\/li>\n<li>Meta Gloss est incroyablement \u00e9conomique \u00e0 l\u2019usage<\/li>\n<\/ul>\n","protected":false},"excerpt":{"rendered":"<h5 style=\"text-align: left;\">10 caract\u00e9ristiques convaincantes<\/h5>\n<ul>\n<li>Formule 2 minutes<\/li>\n<li>Peut \u00eatre d\u00e9m\u00eal\u00e9 imm\u00e9diatement apr\u00e8s application<\/li>\n<li>Avec une formule unique Wet, Dry &amp; Dirty<\/li>\n<li>Anti-n\u0153uds \u00e0 effet longue dur\u00e9e<\/li>\n<li>Nourrit, soigne et prot\u00e8ge le poil<\/li>\n<li>Volume suppl\u00e9mentaire (+25 %) avec un toucher soyeux<\/li>\n<li>Repousse l\u2019urine, les excr\u00e9ments et la salet\u00e9<\/li>\n<li>Emp\u00eache la formation de nouveaux n\u0153uds<\/li>\n<li>Ne laisse aucun r\u00e9sidu collant, etc.<\/li>\n<li>Meta Gloss est incroyablement \u00e9conomique \u00e0 l\u2019usage<\/li>\n<\/ul>\n","protected":false},"featured_media":1554,"comment_status":"open","ping_status":"closed","template":"","meta":{"inline_featured_image":false},"product_brand":[],"product_cat":[142],"product_tag":[],"class_list":{"0":"post-934","1":"product","2":"type-product","3":"status-publish","4":"has-post-thumbnail","6":"product_cat-meta-gloss","8":"first","9":"instock","10":"sale","11":"taxable","12":"shipping-taxable","13":"purchasable","14":"product-type-simple"},"_links":{"self":[{"href":"https:\/\/horsewonder.dk\/fr\/wp-json\/wp\/v2\/product\/934","targetHints":{"allow":["GET"]}}],"collection":[{"href":"https:\/\/horsewonder.dk\/fr\/wp-json\/wp\/v2\/product"}],"about":[{"href":"https:\/\/horsewonder.dk\/fr\/wp-json\/wp\/v2\/types\/product"}],"replies":[{"embeddable":true,"href":"https:\/\/horsewonder.dk\/fr\/wp-json\/wp\/v2\/comments?post=934"}],"version-history":[{"count":2,"href":"https:\/\/horsewonder.dk\/fr\/wp-json\/wp\/v2\/product\/934\/revisions"}],"predecessor-version":[{"id":1696,"href":"https:\/\/horsewonder.dk\/fr\/wp-json\/wp\/v2\/product\/934\/revisions\/1696"}],"wp:featuredmedia":[{"embeddable":true,"href":"https:\/\/horsewonder.dk\/fr\/wp-json\/wp\/v2\/media\/1554"}],"wp:attachment":[{"href":"https:\/\/horsewonder.dk\/fr\/wp-json\/wp\/v2\/media?parent=934"}],"wp:term":[{"taxonomy":"product_brand","embeddable":true,"href":"https:\/\/horsewonder.dk\/fr\/wp-json\/wp\/v2\/product_brand?post=934"},{"taxonomy":"product_cat","embeddable":true,"href":"https:\/\/horsewonder.dk\/fr\/wp-json\/wp\/v2\/product_cat?post=934"},{"taxonomy":"product_tag","embeddable":true,"href":"https:\/\/horsewonder.dk\/fr\/wp-json\/wp\/v2\/product_tag?post=934"}],"curies":[{"name":"wp","href":"https:\/\/api.w.org\/{rel}","templated":true}]}}