{"id":2185,"date":"2026-04-01T12:26:04","date_gmt":"2026-04-01T11:26:04","guid":{"rendered":"https:\/\/horsewonder.dk\/product\/gel-anti-insectes-horse-wonder\/"},"modified":"2026-04-01T12:26:04","modified_gmt":"2026-04-01T11:26:04","slug":"gel-anti-insectes-horse-wonder","status":"publish","type":"product","link":"https:\/\/horsewonder.dk\/fr\/produit\/gel-anti-insectes-horse-wonder\/","title":{"rendered":"Gel anti-insectes Horse Wonder"},"content":{"rendered":"<p><strong>GEL ANTI-INSECTES HORSE WONDER<\/strong><\/p>\n<p>\u00c9loigne les insectes et soulage les piq\u00fbres d&rsquo;insectes<\/p>\n<p>Appliquer selon les besoins. L&rsquo;application se fait de pr\u00e9f\u00e9rence \u00e0 l&rsquo;aide d&rsquo;une \u00e9ponge humide ou mouill\u00e9e. <\/p>\n<p><strong>HORSE WONDER INSEKT GEL Contient :<\/strong><\/p>\n<ul>\n<li>Aqua gel<\/li>\n<li>Lavande<\/li>\n<li>Eucalyptus<\/li>\n<li>Menthol<\/li>\n<li>Myrte citronn\u00e9<\/li>\n<li>Huile de graines de nigelle<\/li>\n<li>Huile de margousier<\/li>\n<\/ul>\n<p><strong>AGITER AVANT UTILISATION<\/strong><\/p>\n<p><strong>PRODUIT AU DANEMARK<\/strong><\/p>\n<p><strong>POLITIQUE DE RETOUR INT\u00c9GRAL SOUS 90 JOURS<\/strong><\/p>\n","protected":false},"excerpt":{"rendered":"<p><strong>500 ml.<\/strong><\/p>\n","protected":false},"featured_media":1713,"comment_status":"open","ping_status":"closed","template":"","meta":{"inline_featured_image":false},"product_brand":[],"product_cat":[68],"product_tag":[132,89,289,290,60,282,284],"class_list":{"0":"post-2185","1":"product","2":"type-product","3":"status-publish","4":"has-post-thumbnail","6":"product_cat-hourse-wonder","7":"product_tag-cheval-2","8":"product_tag-cheval","9":"product_tag-chevaux","10":"product_tag-gel-anti-insectes","11":"product_tag-horse-wonder","12":"product_tag-insecte-2","13":"product_tag-insectes","15":"first","16":"instock","17":"taxable","18":"shipping-taxable","19":"purchasable","20":"product-type-simple"},"_links":{"self":[{"href":"https:\/\/horsewonder.dk\/fr\/wp-json\/wp\/v2\/product\/2185","targetHints":{"allow":["GET"]}}],"collection":[{"href":"https:\/\/horsewonder.dk\/fr\/wp-json\/wp\/v2\/product"}],"about":[{"href":"https:\/\/horsewonder.dk\/fr\/wp-json\/wp\/v2\/types\/product"}],"replies":[{"embeddable":true,"href":"https:\/\/horsewonder.dk\/fr\/wp-json\/wp\/v2\/comments?post=2185"}],"version-history":[{"count":0,"href":"https:\/\/horsewonder.dk\/fr\/wp-json\/wp\/v2\/product\/2185\/revisions"}],"wp:featuredmedia":[{"embeddable":true,"href":"https:\/\/horsewonder.dk\/fr\/wp-json\/wp\/v2\/media\/1713"}],"wp:attachment":[{"href":"https:\/\/horsewonder.dk\/fr\/wp-json\/wp\/v2\/media?parent=2185"}],"wp:term":[{"taxonomy":"product_brand","embeddable":true,"href":"https:\/\/horsewonder.dk\/fr\/wp-json\/wp\/v2\/product_brand?post=2185"},{"taxonomy":"product_cat","embeddable":true,"href":"https:\/\/horsewonder.dk\/fr\/wp-json\/wp\/v2\/product_cat?post=2185"},{"taxonomy":"product_tag","embeddable":true,"href":"https:\/\/horsewonder.dk\/fr\/wp-json\/wp\/v2\/product_tag?post=2185"}],"curies":[{"name":"wp","href":"https:\/\/api.w.org\/{rel}","templated":true}]}}