{"id":2175,"date":"2026-04-01T11:53:35","date_gmt":"2026-04-01T10:53:35","guid":{"rendered":"https:\/\/horsewonder.dk\/product\/roll-on-anti-insectes\/"},"modified":"2026-04-01T11:53:35","modified_gmt":"2026-04-01T10:53:35","slug":"roll-on-anti-insectes","status":"publish","type":"product","link":"https:\/\/horsewonder.dk\/fr\/produit\/roll-on-anti-insectes\/","title":{"rendered":"Roll-On anti-insectes"},"content":{"rendered":"<h1>Roll-On anti-insectes (60 ml) pour chevaux<\/h1>\n<p>Les insectes tels que les moucherons, les taons et les gu\u00eapes, ainsi que les tiques et les acariens, peuvent \u00eatre extr\u00eamement g\u00eanants et inconfortables pour les chevaux. Outre les d\u00e9mangeaisons et les irritations, ils peuvent provoquer des gonflements et m\u00eame des r\u00e9actions allergiques chez certains chevaux. C&rsquo;est pourquoi il est important de prot\u00e9ger votre cheval contre ces insectes, surtout pendant les mois les plus chauds.  <\/p>\n<p>Insect Roll-On est un produit 100% naturel con\u00e7u pour prot\u00e9ger les chevaux, auquel nous avons ajout\u00e9 des ingr\u00e9dients particuli\u00e8rement d\u00e9sagr\u00e9ables pour les insectes, mais dont l&rsquo;odeur reste agr\u00e9able pour les humains.<\/p>\n<p>Insect Roll-On aide \u00e0 \u00e9loigner presque tous les types d&rsquo;insectes, r\u00e9duisant ainsi les piq\u00fbres et morsures g\u00eanantes. Il peut \u00e9galement soulager les d\u00e9mangeaisons et les irritations caus\u00e9es par les piq\u00fbres d&rsquo;insectes. <\/p>\n<h2>Comment fonctionne Insect Roll-On ?<\/h2>\n<h3>Protection avant l&rsquo;attaque :<\/h3>\n<p>Insect Roll-On a une odeur et un go\u00fbt d\u00e9sagr\u00e9ables pour les insectes, ce qui les emp\u00eache de mordre et de piquer votre cheval. Insect Roll-On est donc id\u00e9al pour une utilisation lorsque le cheval est \u00e0 l&rsquo;ext\u00e9rieur, par exemple pendant l&rsquo;entra\u00eenement, au paddock ou lors de comp\u00e9titions. <\/p>\n<h3>Soulagement apr\u00e8s une attaque :<\/h3>\n<p>Si votre cheval a d\u00e9j\u00e0 \u00e9t\u00e9 piqu\u00e9 ou mordu, Insect Roll-On peut \u00e9galement aider \u00e0 soulager l&rsquo;inconfort et les d\u00e9mangeaisons. L&rsquo;effet rafra\u00eechissant de la Roll-On Insect est si efficace qu&rsquo;il peut \u00e9galement apporter un soulagement instantan\u00e9 et r\u00e9duire les d\u00e9mangeaisons. <\/p>\n<h3>Protection des \u00e9curies et autres zones :<\/h3>\n<p>Insect Roll-On peut \u00e9galement \u00eatre utilis\u00e9 pour pr\u00e9venir les insectes dans les espaces de vie des chevaux, tels que les \u00e9curies et les hangars. Appliquez la Roll-On directement sur les zones affect\u00e9es ou les zones o\u00f9 les insectes se rassemblent g\u00e9n\u00e9ralement pour emp\u00eacher les insectes d&rsquo;entrer ou les faire dispara\u00eetre. En \u00e9t\u00e9, les zones o\u00f9 le cheval dort ou reste peuvent \u00e9galement \u00eatre trait\u00e9es pour emp\u00eacher les moustiques et autres insectes d&rsquo;y p\u00e9n\u00e9trer.  <\/p>\n<h2>Ingr\u00e9dients :<\/h2>\n<p>- <strong>Aqua Gel :<\/strong> La base qui contient les autres ingr\u00e9dients.<br \/>\n- <strong>Lavande :<\/strong> Son parfum \u00e9loigne les moustiques, les mouches et les puces.<br \/>\n- <strong>Eucalyptus :<\/strong> Repousse les moustiques et les tiques gr\u00e2ce \u00e0 sa forte odeur.<br \/>\n- <strong>Menthol :<\/strong> cr\u00e9e un effet de refroidissement et a un parfum fort qui \u00e9loigne les insectes.<br \/>\n- <strong>Myrte citronn\u00e9 :<\/strong> Le parfum citronn\u00e9 du myrte citronn\u00e9 aide \u00e0 repousser les moustiques.<br \/>\n- <strong>Huile de graines de nigelle :<\/strong> connue pour repousser divers insectes.<br \/>\n- <strong>Huile de neem :<\/strong> perturbe le syst\u00e8me hormonal des insectes, r\u00e9duisant ainsi leur reproduction.<br \/>\n- <strong>Branche d&rsquo;amarum :<\/strong> Connue pour son go\u00fbt incroyablement amer, elle repousse les tavelures, les taons et les gu\u00eapes, ainsi que les tiques, les acariens et les ao\u00fbtats.<\/p>\n<p>Insect Roll-On pour chevaux est la solution id\u00e9ale pour garder votre cheval prot\u00e9g\u00e9 et confortable, \u00e0 l&rsquo;abri des insectes g\u00eanants et potentiellement nuisibles.<\/p>\n","protected":false},"excerpt":{"rendered":"<p><strong>60ml<\/strong><\/p>\n","protected":false},"featured_media":1649,"comment_status":"open","ping_status":"closed","template":"","meta":{"inline_featured_image":false},"product_brand":[],"product_cat":[68],"product_tag":[169,167,282,284,285,283,286],"class_list":{"0":"post-2175","1":"product","2":"type-product","3":"status-publish","4":"has-post-thumbnail","6":"product_cat-hourse-wonder","7":"product_tag-bug-away","8":"product_tag-insecte","9":"product_tag-insecte-2","10":"product_tag-insectes","11":"product_tag-insectifuge","12":"product_tag-spray-anti-insectes-2","13":"product_tag-spray-anti-moustiques-2","15":"first","16":"instock","17":"taxable","18":"shipping-taxable","19":"purchasable","20":"product-type-simple"},"_links":{"self":[{"href":"https:\/\/horsewonder.dk\/fr\/wp-json\/wp\/v2\/product\/2175","targetHints":{"allow":["GET"]}}],"collection":[{"href":"https:\/\/horsewonder.dk\/fr\/wp-json\/wp\/v2\/product"}],"about":[{"href":"https:\/\/horsewonder.dk\/fr\/wp-json\/wp\/v2\/types\/product"}],"replies":[{"embeddable":true,"href":"https:\/\/horsewonder.dk\/fr\/wp-json\/wp\/v2\/comments?post=2175"}],"version-history":[{"count":0,"href":"https:\/\/horsewonder.dk\/fr\/wp-json\/wp\/v2\/product\/2175\/revisions"}],"wp:featuredmedia":[{"embeddable":true,"href":"https:\/\/horsewonder.dk\/fr\/wp-json\/wp\/v2\/media\/1649"}],"wp:attachment":[{"href":"https:\/\/horsewonder.dk\/fr\/wp-json\/wp\/v2\/media?parent=2175"}],"wp:term":[{"taxonomy":"product_brand","embeddable":true,"href":"https:\/\/horsewonder.dk\/fr\/wp-json\/wp\/v2\/product_brand?post=2175"},{"taxonomy":"product_cat","embeddable":true,"href":"https:\/\/horsewonder.dk\/fr\/wp-json\/wp\/v2\/product_cat?post=2175"},{"taxonomy":"product_tag","embeddable":true,"href":"https:\/\/horsewonder.dk\/fr\/wp-json\/wp\/v2\/product_tag?post=2175"}],"curies":[{"name":"wp","href":"https:\/\/api.w.org\/{rel}","templated":true}]}}