{"id":2161,"date":"2026-03-31T07:36:11","date_gmt":"2026-03-31T06:36:11","guid":{"rendered":"https:\/\/horsewonder.dk\/product\/entretien-du-cuir-horse-wonder\/"},"modified":"2026-03-31T07:36:11","modified_gmt":"2026-03-31T06:36:11","slug":"entretien-du-cuir-horse-wonder","status":"publish","type":"product","link":"https:\/\/horsewonder.dk\/fr\/produit\/entretien-du-cuir-horse-wonder\/","title":{"rendered":"Entretien du cuir Horse Wonder"},"content":{"rendered":"<p>Horse Wonder Leather Care est con\u00e7u pour prolonger la dur\u00e9e de vie et maintenir l&rsquo;aspect de tous les \u00e9quipements en cuir v\u00e9ritable et artificiel, ainsi que de tous les types de bois. Qu&rsquo;il soit utilis\u00e9 pour l&rsquo;\u00e9quipement \u00e9questre ou la garde-robe du cavalier, il offre un soin efficace et doux. Combinant des ingr\u00e9dients naturels tels que l&rsquo;huile de noix de coco, l&rsquo;huile de lanoline et la cire d&rsquo;abeille, il nettoie et prot\u00e8ge tout en renfor\u00e7ant les qualit\u00e9s naturelles du cuir et du bois. Ce soin polyvalent redonne au cuir teint sa couleur d&rsquo;origine et le prot\u00e8ge contre les dommages caus\u00e9s par l&rsquo;eau, la salet\u00e9 et la lumi\u00e8re du soleil. Horse Wonder est le choix id\u00e9al pour le cavalier et l&rsquo;\u00e9quipement de son cheval, et avec une utilisation r\u00e9guli\u00e8re, il peut aider \u00e0 maintenir vos produits en cuir et vos boiseries en parfait \u00e9tat, ind\u00e9pendamment des conditions m\u00e9t\u00e9orologiques ou de l&rsquo;usure. Horse Wonder Leather Care donne un aspect soign\u00e9 et laisse une finition soyeuse ou semi-brillante selon la surface.     <\/p>\n<h4>Particuli\u00e8rement bien pour :<\/h4>\n<ul>\n<li>Selles, licols et autres \u00e9quipements d&rsquo;\u00e9quitation<\/li>\n<li>Cuir v\u00e9ritable et artificiel (chaussures, sacs, vestes, etc.)<\/li>\n<li>Surfaces en bois (meubles, \u00e9quipements)<\/li>\n<li>Protection contre les marques de sel sur les chaussures<\/li>\n<li>Souligner la couleur du cuir teint\u00e9<\/li>\n<li>Imperm\u00e9abilit\u00e9 \u00e0 l&rsquo;eau et \u00e0 la salet\u00e9<\/li>\n<\/ul>\n<p>&nbsp;<\/p>\n<h2>Ingr\u00e9dients :<\/h2>\n<p><strong>Cocos Nucifera<\/strong> <em> Oil (Coconut Oil) :<\/em> Propri\u00e9t\u00e9s hydratantes et nourrissantes, id\u00e9ales pour assouplir le cuir et le bois tout en les prot\u00e9geant du dess\u00e8chement.<\/p>\n<p><strong>Lanoline<\/strong> <em>(huile de lanoline) :<\/em> cire naturelle issue de la laine de mouton. Excellente pour p\u00e9n\u00e9trer la surface du cuir, o\u00f9 elle assure une protection en profondeur et r\u00e9tablit la souplesse. <\/p>\n<p>Cera <strong>Alba<\/strong><em> (cire d&rsquo;abeille) :<\/em> cr\u00e9e une barri\u00e8re hydrofuge qui prot\u00e8ge de l&rsquo;humidit\u00e9 tout en donnant au cuir une belle finition polie.<\/p>\n<p>&nbsp;<\/p>\n<h2>Application :<\/h2>\n<ol>\n<li>A l&rsquo;aide d&rsquo;une \u00e9ponge douce et ferme, tamponnez l\u00e9g\u00e8rement le cuir avec Horse Wonder Leather Care (\u00e9conomisez votre produit, un peu suffit).<\/li>\n<li>Appliquez une couche aussi fine que possible sur la zone souhait\u00e9e<\/li>\n<li>Il n&rsquo;y a pas de temps de s\u00e9chage ; l&rsquo;\u00e9quipement peut \u00eatre utilis\u00e9 imm\u00e9diatement apr\u00e8s l&rsquo;application.<\/li>\n<\/ol>\n<p>&nbsp;<\/p>\n<h4>A utiliser avec d&rsquo;autres produits de soin :<\/h4>\n<p>Horse Wonder Leather Care nettoie et polit en une seule \u00e9tape, ce qui le rend id\u00e9al pour les retouches rapides ou l&rsquo;entretien complet.<\/p>\n<p>Horse Wonder peut \u00eatre combin\u00e9 avec d&rsquo;autres produits d&rsquo;entretien et de nettoyage, comme par ex.<a href=\"https:\/\/hocl.dk\/product\/horse-wonder\/horse-wonder-rensesaebe\/\"> Horse Wonder Cleaning Soap<\/a>, <a href=\"https:\/\/hocl.dk\/product\/wonder-clean\/universal-rensesaebe-150gram\/\">Univeral Cleaning Soap<\/a>, sans aucun probl\u00e8me. Cependant, il est toujours recommand\u00e9 d&rsquo;appliquer Horse Wonder en derni\u00e8re \u00e9tape de la routine d&rsquo;entretien pour sceller le cuir et assurer une protection optimale. <\/p>\n<p>&nbsp;<\/p>\n<h2>Recommandations pour une utilisation s\u00fbre :<\/h2>\n<ul>\n<li>Testez le produit sur une petite surface invisible avant de l&rsquo;utiliser sur des surfaces plus grandes, en particulier sur des mat\u00e9riaux d\u00e9licats ou nouveaux (par exemple, le dos ou le bord).<\/li>\n<li>Tenir hors de port\u00e9e des enfants et des animaux<\/li>\n<li>\u00c9vitez le contact avec les yeux. En cas de contact, rincez abondamment \u00e0 l&rsquo;eau. <\/li>\n<li>Utiliser sur des surfaces propres et s\u00e8ches pour un effet optimal<\/li>\n<\/ul>\n<p><strong>Conserver au sec, \u00e0 temp\u00e9rature ambiante et \u00e0 l&rsquo;abri de la lumi\u00e8re directe du soleil.  <\/strong><\/p>\n","protected":false},"excerpt":{"rendered":"<p>250ml<\/p>\n","protected":false},"featured_media":1560,"comment_status":"open","ping_status":"closed","template":"","meta":{"inline_featured_image":false},"product_brand":[],"product_cat":[68],"product_tag":[89,278,279,60,106],"class_list":{"0":"post-2161","1":"product","2":"type-product","3":"status-publish","4":"has-post-thumbnail","6":"product_cat-hourse-wonder","7":"product_tag-cheval","8":"product_tag-cuir","9":"product_tag-entretien-du-cuir","10":"product_tag-horse-wonder","11":"product_tag-wonder","13":"first","14":"instock","15":"taxable","16":"shipping-taxable","17":"purchasable","18":"product-type-simple"},"_links":{"self":[{"href":"https:\/\/horsewonder.dk\/fr\/wp-json\/wp\/v2\/product\/2161","targetHints":{"allow":["GET"]}}],"collection":[{"href":"https:\/\/horsewonder.dk\/fr\/wp-json\/wp\/v2\/product"}],"about":[{"href":"https:\/\/horsewonder.dk\/fr\/wp-json\/wp\/v2\/types\/product"}],"replies":[{"embeddable":true,"href":"https:\/\/horsewonder.dk\/fr\/wp-json\/wp\/v2\/comments?post=2161"}],"version-history":[{"count":0,"href":"https:\/\/horsewonder.dk\/fr\/wp-json\/wp\/v2\/product\/2161\/revisions"}],"wp:featuredmedia":[{"embeddable":true,"href":"https:\/\/horsewonder.dk\/fr\/wp-json\/wp\/v2\/media\/1560"}],"wp:attachment":[{"href":"https:\/\/horsewonder.dk\/fr\/wp-json\/wp\/v2\/media?parent=2161"}],"wp:term":[{"taxonomy":"product_brand","embeddable":true,"href":"https:\/\/horsewonder.dk\/fr\/wp-json\/wp\/v2\/product_brand?post=2161"},{"taxonomy":"product_cat","embeddable":true,"href":"https:\/\/horsewonder.dk\/fr\/wp-json\/wp\/v2\/product_cat?post=2161"},{"taxonomy":"product_tag","embeddable":true,"href":"https:\/\/horsewonder.dk\/fr\/wp-json\/wp\/v2\/product_tag?post=2161"}],"curies":[{"name":"wp","href":"https:\/\/api.w.org\/{rel}","templated":true}]}}