{"id":2112,"date":"2026-04-01T12:03:17","date_gmt":"2026-04-01T11:03:17","guid":{"rendered":"https:\/\/horsewonder.dk\/product\/savon-nettoyant-horse-wonder\/"},"modified":"2026-04-01T12:03:17","modified_gmt":"2026-04-01T11:03:17","slug":"savon-nettoyant-horse-wonder","status":"publish","type":"product","link":"https:\/\/horsewonder.dk\/fr\/produit\/savon-nettoyant-horse-wonder\/","title":{"rendered":"Savon nettoyant \"Horse Wonder"},"content":{"rendered":"<h1>Savon nettoyant \"Horse Wonder<\/h1>\n<h2>Nettoyage efficace des chevaux et des \u00e9quipements<\/h2>\n<p>Le savon nettoyant Horse Wonder est la solution id\u00e9ale pour le nettoyage des chevaux et du mat\u00e9riel. Ce savon \u00e0 la fois doux et puissant est fait sur mesure pour garder la peau de votre cheval saine et en pleine forme. <\/p>\n<p>&nbsp;<\/p>\n<h3><strong>Ce que le savon nettoyant \" Horse Wonder \" peut faire pour vous :<\/strong><\/h3>\n<ul>\n<li><strong>Nettoyage des peaux s\u00e8ches et enflamm\u00e9es :<\/strong> Notre formule de nettoyage est sp\u00e9cialement con\u00e7ue pour soulager l&rsquo;inflammation et hydrater la peau s\u00e8che des chevaux. Ceci est essentiel pour maintenir le confort et le bien-\u00eatre de votre cheval. <\/li>\n<li><strong>\u00c9limination efficace des moisissures :<\/strong> avec notre pommade universelle, le savon de nettoyage Horse Wonder est votre meilleur ami dans la lutte contre les moisissures. Il \u00e9limine et pr\u00e9vient efficacement cette nuisance. <\/li>\n<li><strong>Nettoyage en douceur des selles et des harnais :<\/strong> notre savon n&rsquo;est pas seulement destin\u00e9 aux chevaux, mais aussi au nettoyage de votre \u00e9quipement. Utilisez-le avec une \u00e9ponge et de l&rsquo;eau ti\u00e8de pour garder votre \u00e9quipement en parfait \u00e9tat. <\/li>\n<\/ul>\n<p>&nbsp;<\/p>\n<h3><strong>Ingr\u00e9dient cl\u00e9 :<\/strong><\/h3>\n<div class=\"flex-1 overflow-hidden\">\n<div class=\"react-scroll-to-bottom--css-cbcem-79elbk h-full dark:bg-gray-800\">\n<div class=\"react-scroll-to-bottom--css-cbcem-1n7m0yu\">\n<div class=\"flex flex-col text-sm dark:bg-gray-800\">\n<div class=\"group w-full text-token-text-primary border-b border-black\/10 dark:border-gray-900\/50 bg-gray-50 dark:bg-[#444654]\" data-testid=\"conversation-turn-195\">\n<div class=\"p-4 justify-center text-base md:gap-6 md:py-6 m-auto\">\n<div class=\"flex flex-1 gap-4 text-base mx-auto md:gap-6 md:max-w-2xl lg:max-w-[38rem] xl:max-w-3xl }\">\n<div class=\"relative flex w-[calc(100%-50px)] flex-col gap-1 md:gap-3 lg:w-[calc(100%-115px)]\">\n<div class=\"flex flex-grow flex-col gap-3 max-w-full\">\n<div class=\"min-h-[20px] flex flex-col items-start gap-3 overflow-x-auto whitespace-pre-wrap break-words\">\n<div class=\"markdown prose w-full break-words dark:prose-invert light\">\n<p>Notre savon contient un m\u00e9lange d&rsquo;huiles de coco et de palmiste qui nettoie en profondeur mais en douceur.<\/p>\n<p>Le savon nettoyant Horse Wonder est une solution de nettoyage polyvalente pour votre cheval et votre \u00e9quipement. Gardez la peau de votre cheval saine et sans inflammation et \u00e9liminez efficacement les moisissures de l&rsquo;\u00e9curie. Convient \u00e9galement au nettoyage des selles et des harnais.  <\/p>\n<p>Si vous avez des questions sur nos produits, n&rsquo;h\u00e9sitez pas \u00e0 nous contacter \u00e0 l&rsquo;adresse <a href=\"mailto:info@hocl.dk\" target=\"_new\" rel=\"noopener\">info@hocl.dk<\/a> ou \u00e0 nous appeler au num\u00e9ro suivant : +45 <a href=\"tel:+4571999669\">71 99 96 69<\/a>.<\/p>\n<p>Choisissez le savon de nettoyage Horse Wonder - pour un cheval heureux et en bonne sant\u00e9 et un \u00e9quipement bien entretenu. Disponible dans un format pratique de 100 ml. <\/p>\n<\/div>\n<\/div>\n<\/div>\n<\/div>\n<\/div>\n<\/div>\n<\/div>\n<\/div>\n<\/div>\n<\/div>\n<\/div>\n","protected":false},"excerpt":{"rendered":"<p><strong>100ml<\/strong><\/p>\n","protected":false},"featured_media":1655,"comment_status":"open","ping_status":"closed","template":"","meta":{"inline_featured_image":false},"product_brand":[],"product_cat":[68],"product_tag":[60,256,255,254],"class_list":{"0":"post-2112","1":"product","2":"type-product","3":"status-publish","4":"has-post-thumbnail","6":"product_cat-hourse-wonder","7":"product_tag-horse-wonder","8":"product_tag-https-hocl-dk-vare-tag-rense-saebe","9":"product_tag-savon-nettoyant-horse-wonder","10":"product_tag-savon-pour-chevaux","12":"first","13":"instock","14":"taxable","15":"shipping-taxable","16":"purchasable","17":"product-type-simple"},"_links":{"self":[{"href":"https:\/\/horsewonder.dk\/fr\/wp-json\/wp\/v2\/product\/2112","targetHints":{"allow":["GET"]}}],"collection":[{"href":"https:\/\/horsewonder.dk\/fr\/wp-json\/wp\/v2\/product"}],"about":[{"href":"https:\/\/horsewonder.dk\/fr\/wp-json\/wp\/v2\/types\/product"}],"replies":[{"embeddable":true,"href":"https:\/\/horsewonder.dk\/fr\/wp-json\/wp\/v2\/comments?post=2112"}],"version-history":[{"count":0,"href":"https:\/\/horsewonder.dk\/fr\/wp-json\/wp\/v2\/product\/2112\/revisions"}],"wp:featuredmedia":[{"embeddable":true,"href":"https:\/\/horsewonder.dk\/fr\/wp-json\/wp\/v2\/media\/1655"}],"wp:attachment":[{"href":"https:\/\/horsewonder.dk\/fr\/wp-json\/wp\/v2\/media?parent=2112"}],"wp:term":[{"taxonomy":"product_brand","embeddable":true,"href":"https:\/\/horsewonder.dk\/fr\/wp-json\/wp\/v2\/product_brand?post=2112"},{"taxonomy":"product_cat","embeddable":true,"href":"https:\/\/horsewonder.dk\/fr\/wp-json\/wp\/v2\/product_cat?post=2112"},{"taxonomy":"product_tag","embeddable":true,"href":"https:\/\/horsewonder.dk\/fr\/wp-json\/wp\/v2\/product_tag?post=2112"}],"curies":[{"name":"wp","href":"https:\/\/api.w.org\/{rel}","templated":true}]}}