{"id":2095,"date":"2026-04-01T12:13:16","date_gmt":"2026-04-01T11:13:16","guid":{"rendered":"https:\/\/horsewonder.dk\/product\/gel-glace-chaud-horse-wonder\/"},"modified":"2026-04-01T12:13:16","modified_gmt":"2026-04-01T11:13:16","slug":"gel-glace-chaud-horse-wonder","status":"publish","type":"product","link":"https:\/\/horsewonder.dk\/fr\/produit\/gel-glace-chaud-horse-wonder\/","title":{"rendered":"Gel glac\u00e9 chaud Horse Wonder"},"content":{"rendered":"<h1>Gel glac\u00e9 chaud Horse Wonder<\/h1>\n<h3>votre partenaire naturel dans la lutte contre les douleurs articulaires et musculaires.<\/h3>\n<p>Notre gel \u00e0 base d&rsquo;eau est cr\u00e9\u00e9 avec soin et contient des ingr\u00e9dients soigneusement s\u00e9lectionn\u00e9s tels que l&rsquo;huile d&rsquo;eucalyptus, la menthe japonaise, le menthol et le camphre sans parfum qui agissent en harmonie pour soulager la douleur et augmenter le confort.<\/p>\n<p><strong>Refroidit et chauffe en m\u00eame temps<\/strong><\/p>\n<p>Ce gel bleu original est connu pour sa polyvalence et son efficacit\u00e9. Il offre une combinaison unique d&rsquo;effets de r\u00e9chauffement et de refroidissement qui p\u00e9n\u00e8tre profond\u00e9ment dans la peau, soulageant la myosite, les douleurs arthritiques, les entorses et les foulures. Il peut \u00e9galement aider \u00e0 pr\u00e9venir les blessures et \u00e0 promouvoir un mode de vie sain et actif.  <\/p>\n<p><strong>Con\u00e7u pour un usage externe<\/strong><\/p>\n<p>Le gel glac\u00e9 Horse Wonder Hot est con\u00e7u pour un usage externe et est facile \u00e0 appliquer. Il peut \u00eatre utilis\u00e9 dans le cadre de votre routine quotidienne pour soulager la douleur ou en cas de besoin lorsque des douleurs et de l&rsquo;inconfort apparaissent. Pour plus d&rsquo;efficacit\u00e9, agitez le flacon avant utilisation.  <\/p>\n<p><strong>Essayez-le d\u00e8s aujourd&rsquo;hui<\/strong><\/p>\n<p>Nous sommes fiers d&rsquo;offrir un produit qui non seulement aide \u00e0 soulager la douleur, mais qui favorise \u00e9galement le bien-\u00eatre et l&rsquo;activit\u00e9. Notre gel glac\u00e9 chaud est votre partenaire de confiance pour maintenir une vie active, sans douleur ni inconfort. N&rsquo;oubliez pas d&rsquo;\u00e9viter tout contact avec les yeux et, en cas de contact avec les yeux, rincez-les abondamment \u00e0 l&rsquo;eau.  <\/p>\n","protected":false},"excerpt":{"rendered":"<p><strong>250ml<\/strong><\/p>\n","protected":false},"featured_media":1677,"comment_status":"open","ping_status":"closed","template":"","meta":{"inline_featured_image":false},"product_brand":[],"product_cat":[68],"product_tag":[89,243,239,241],"class_list":{"0":"post-2095","1":"product","2":"type-product","3":"status-publish","4":"has-post-thumbnail","6":"product_cat-hourse-wonder","7":"product_tag-cheval","8":"product_tag-gel-glace-chaud","9":"product_tag-geler","10":"product_tag-lemerveillement-du-cheval","12":"first","13":"instock","14":"taxable","15":"shipping-taxable","16":"purchasable","17":"product-type-simple"},"_links":{"self":[{"href":"https:\/\/horsewonder.dk\/fr\/wp-json\/wp\/v2\/product\/2095","targetHints":{"allow":["GET"]}}],"collection":[{"href":"https:\/\/horsewonder.dk\/fr\/wp-json\/wp\/v2\/product"}],"about":[{"href":"https:\/\/horsewonder.dk\/fr\/wp-json\/wp\/v2\/types\/product"}],"replies":[{"embeddable":true,"href":"https:\/\/horsewonder.dk\/fr\/wp-json\/wp\/v2\/comments?post=2095"}],"version-history":[{"count":0,"href":"https:\/\/horsewonder.dk\/fr\/wp-json\/wp\/v2\/product\/2095\/revisions"}],"wp:featuredmedia":[{"embeddable":true,"href":"https:\/\/horsewonder.dk\/fr\/wp-json\/wp\/v2\/media\/1677"}],"wp:attachment":[{"href":"https:\/\/horsewonder.dk\/fr\/wp-json\/wp\/v2\/media?parent=2095"}],"wp:term":[{"taxonomy":"product_brand","embeddable":true,"href":"https:\/\/horsewonder.dk\/fr\/wp-json\/wp\/v2\/product_brand?post=2095"},{"taxonomy":"product_cat","embeddable":true,"href":"https:\/\/horsewonder.dk\/fr\/wp-json\/wp\/v2\/product_cat?post=2095"},{"taxonomy":"product_tag","embeddable":true,"href":"https:\/\/horsewonder.dk\/fr\/wp-json\/wp\/v2\/product_tag?post=2095"}],"curies":[{"name":"wp","href":"https:\/\/api.w.org\/{rel}","templated":true}]}}