{"id":1824,"date":"2026-04-03T11:52:15","date_gmt":"2026-04-03T10:52:15","guid":{"rendered":"https:\/\/horsewonder.dk\/product\/spray-pour-lhaleine\/"},"modified":"2026-04-03T11:52:56","modified_gmt":"2026-04-03T10:52:56","slug":"spray-pour-lhaleine","status":"publish","type":"product","link":"https:\/\/horsewonder.dk\/fr\/produit\/spray-pour-lhaleine\/","title":{"rendered":"Spray pour l&rsquo;haleine"},"content":{"rendered":"<h1>Horse Wonder Breath Spray<br \/>\nRetrouvez la libert\u00e9 de votre cheval face aux probl\u00e8mes respiratoires.<\/h1>\n<p>Horse Wonder Breath Spray est votre r\u00e9ponse naturelle pour combattre les probl\u00e8mes respiratoires chez les chevaux. Notre <strong>produit 100% naturel<\/strong> a \u00e9t\u00e9 soigneusement d\u00e9velopp\u00e9 pour donner \u00e0 votre cheval la libert\u00e9 qu&rsquo;il m\u00e9rite face aux sympt\u00f4mes d\u00e9sagr\u00e9ables associ\u00e9s aux difficult\u00e9s respiratoires. <\/p>\n<h2>Une solution fiable<\/h2>\n<p>Horse Wonder Breath Spray n&rsquo;est pas seulement une promesse, c&rsquo;est une garantie. Nous soutenons notre produit \u00e0 100 % et offrons une garantie de remboursement si vous n&rsquo;obtenez pas l&rsquo;effet d\u00e9sir\u00e9. Nous sommes d\u00e9termin\u00e9s \u00e0 am\u00e9liorer la respiration de votre cheval et donc sa qualit\u00e9 de vie.  <\/p>\n<h3>Ingr\u00e9dients naturels<\/h3>\n<p>Nous avons formul\u00e9 le spray respiratoire Horse Wonder avec des ingr\u00e9dients naturels soigneusement s\u00e9lectionn\u00e9s qui agissent en harmonie avec le corps de votre cheval. Notre formule contient un gel \u00e0 base d&rsquo;eau enrichi d&rsquo;huile d&rsquo;eucalyptus, de menthe japonaise, de menthol, de camphre sans parfum et de lavande. Ces ingr\u00e9dients sont connus pour leurs propri\u00e9t\u00e9s calmantes et respiratoires et sont doux pour la peau de votre cheval.  <\/p>\n<h3>Utilisation s\u00fbre<\/h3>\n<p>Le spray Horse Wonder Breath est con\u00e7u pour un usage externe et doit \u00eatre appliqu\u00e9 sur le poitrail et le cou du cheval pour un effet optimal. Nous vous recommandons d&rsquo;agiter le produit avant de l&rsquo;utiliser. En cas de contact accidentel avec les yeux, rincez abondamment \u00e0 l&rsquo;eau.  <\/p>\n<h3>Stockage<\/h3>\n<p>Pour un effet optimal, il est recommand\u00e9 de conserver le Horse Wonder Breath Spray au r\u00e9frig\u00e9rateur.<\/p>\n<p>Le spray respiratoire Horse Wonder est la cl\u00e9 qui vous permettra de lib\u00e9rer votre cheval de ses probl\u00e8mes respiratoires. Essayez-le d\u00e8s aujourd&rsquo;hui et constatez un changement dans le bien-\u00eatre de votre cheval. <\/p>\n","protected":false},"excerpt":{"rendered":"<p><strong>500ml<\/strong><\/p>\n","protected":false},"featured_media":1826,"comment_status":"open","ping_status":"closed","template":"","meta":{"inline_featured_image":false},"product_brand":[],"product_cat":[68],"product_tag":[169,167,171,175,173],"class_list":{"0":"post-1824","1":"product","2":"type-product","3":"status-publish","4":"has-post-thumbnail","6":"product_cat-hourse-wonder","7":"product_tag-bug-away","8":"product_tag-insecte","9":"product_tag-moustiques","10":"product_tag-spray-anti-insectes","11":"product_tag-spray-anti-moustiques","13":"first","14":"instock","15":"taxable","16":"shipping-taxable","17":"purchasable","18":"product-type-simple"},"_links":{"self":[{"href":"https:\/\/horsewonder.dk\/fr\/wp-json\/wp\/v2\/product\/1824","targetHints":{"allow":["GET"]}}],"collection":[{"href":"https:\/\/horsewonder.dk\/fr\/wp-json\/wp\/v2\/product"}],"about":[{"href":"https:\/\/horsewonder.dk\/fr\/wp-json\/wp\/v2\/types\/product"}],"replies":[{"embeddable":true,"href":"https:\/\/horsewonder.dk\/fr\/wp-json\/wp\/v2\/comments?post=1824"}],"version-history":[{"count":1,"href":"https:\/\/horsewonder.dk\/fr\/wp-json\/wp\/v2\/product\/1824\/revisions"}],"predecessor-version":[{"id":1841,"href":"https:\/\/horsewonder.dk\/fr\/wp-json\/wp\/v2\/product\/1824\/revisions\/1841"}],"wp:featuredmedia":[{"embeddable":true,"href":"https:\/\/horsewonder.dk\/fr\/wp-json\/wp\/v2\/media\/1826"}],"wp:attachment":[{"href":"https:\/\/horsewonder.dk\/fr\/wp-json\/wp\/v2\/media?parent=1824"}],"wp:term":[{"taxonomy":"product_brand","embeddable":true,"href":"https:\/\/horsewonder.dk\/fr\/wp-json\/wp\/v2\/product_brand?post=1824"},{"taxonomy":"product_cat","embeddable":true,"href":"https:\/\/horsewonder.dk\/fr\/wp-json\/wp\/v2\/product_cat?post=1824"},{"taxonomy":"product_tag","embeddable":true,"href":"https:\/\/horsewonder.dk\/fr\/wp-json\/wp\/v2\/product_tag?post=1824"}],"curies":[{"name":"wp","href":"https:\/\/api.w.org\/{rel}","templated":true}]}}