{"id":1439,"date":"2026-03-31T07:09:57","date_gmt":"2026-03-31T06:09:57","guid":{"rendered":"https:\/\/horsewonder.dk\/product\/wonder-cooling-body-wrap\/"},"modified":"2026-03-31T07:09:57","modified_gmt":"2026-03-31T06:09:57","slug":"wonder-cooling-body-wrap","status":"publish","type":"product","link":"https:\/\/horsewonder.dk\/fr\/produit\/wonder-cooling-body-wrap\/","title":{"rendered":"Wonder Cooling Body Wrap"},"content":{"rendered":"<h2><strong>Wonder Cooling Body Wrap<\/strong><\/h2>\n<h3><strong>taille 60\u2033 x 63\u2033<\/strong><\/h3>\n<p>Le nouveau produit r\u00e9volutionnaire pour les athl\u00e8tes humains est d\u00e9sormais disponible pour nos athl\u00e8tes \u00e0 quatre pattes ! La technologie textile utilise un mat\u00e9riau hyper-\u00e9vaporatif avanc\u00e9. Une fois activ\u00e9e, la couverture peut \u00eatre jusqu\u2019\u00e0 22 \u00b0C plus fra\u00eeche que la temp\u00e9rature ambiante et abaisser la temp\u00e9rature corporelle de votre cheval. L\u2019effet rafra\u00eechissant peut durer des heures ! L\u2019eau est absorb\u00e9e par le tissu multifibres, qui r\u00e9gule le temps d\u2019\u00e9vaporation, offrant ainsi un refroidissement durable. Id\u00e9al pour le cavalier de loisir qui souhaite am\u00e9liorer le confort du cheval ; excellent pour les disciplines de comp\u00e9tition en apportant une r\u00e9duction RAPIDE mais S\u00dbRE de la temp\u00e9rature corporelle centrale. Th\u00e9rapie parfaite pour la r\u00e9cup\u00e9ration musculaire apr\u00e8s l\u2019effort, le transport, l\u2019anhidrose et d\u2019autres probl\u00e8mes li\u00e9s \u00e0 la chaleur.      <\/p>\n<p>&nbsp;<\/p>\n<p><strong>MODE D\u2019EMPLOI DE WONDER COOLING BODY WRAP :<\/strong><\/p>\n<ol>\n<li>Placez la couverture sur le cheval, c\u00f4t\u00e9 textur\u00e9 vers le bas<\/li>\n<li>Fixez les sangles de poitrail (en les laissant l\u00e2ches pour permettre le mouvement)<\/li>\n<li>Fixez le rabat ventral<\/li>\n<li>Vaporisez l\u00e9g\u00e8rement le rabat avec le r\u00e9glage brume sur le tuyau ou avec un flacon pulv\u00e9risateur. Pour des r\u00e9sultats optimaux, soulevez la couverture et vaporisez aussi le dessous. Veillez \u00e0 ne pas trop imbiber la couverture !  <\/li>\n<li>Utilisez de l\u2019eau \u00e0 n\u2019importe quelle temp\u00e9rature, depuis n\u2019importe quelle source, et placez la couverture sur votre cheval non attach\u00e9<\/li>\n<li>Commencez simplement \u00e0 marcher avec votre cheval afin que l\u2019air circule dessus, ou tirez l\u00e9g\u00e8rement sur les c\u00f4t\u00e9s de la couverture pour activer le refroidissement<\/li>\n<li>Pour prolonger la dur\u00e9e de refroidissement, humidifiez simplement la couverture en vaporisant l\u00e9g\u00e8rement avec le r\u00e9glage brume d\u2019un tuyau ou \u00e0 l\u2019aide d\u2019un flacon pulv\u00e9risateur, avec n\u2019importe quelle source d\u2019eau disponible. L\u2019eau peut \u00eatre appliqu\u00e9e, et la couverture refroidira pendant l\u2019\u00e9vaporation. Veillez \u00e0 ne pas saturer la couverture avec trop d\u2019eau d\u2019un seul coup. Le poids de l\u2019eau dans la couverture r\u00e9duira la circulation de l\u2019air, essentielle au processus de refroidissement   <\/li>\n<\/ol>\n<p>&nbsp;<\/p>\n<h2><strong>CONSEILS D\u2019ENTRETIEN :<\/strong><\/h2>\n<ul>\n<li>Rincez avant et apr\u00e8s chaque utilisation.<\/li>\n<li>Apr\u00e8s utilisation, lorsqu\u2019elle est encore humide, pliez-la et placez-la dans l\u2019emballage d\u2019origine ou dans tout contenant herm\u00e9tique. Si elle n\u2019est pas utilis\u00e9e pendant plus de 3 \u00e0 4 semaines, pliez-la lorsqu\u2019elle est humide et laissez-la s\u00e9cher compl\u00e8tement avant de la ranger. Ne pliez pas la couverture lorsqu\u2019elle est rigide ; humidifiez-la simplement pour l\u2019assouplir  <\/li>\n<li>Lavage en machine ou \u00e0 la main s\u00e9par\u00e9ment avec un savon ou une lessive douce. Ne mettez pas la couverture au s\u00e8che-linge <\/li>\n<\/ul>\n<p>&nbsp;<\/p>\n<h2><strong>LE REFROIDISSEMENT DURE DES HEURES !<\/strong><\/h2>\n<p>M\u00eame par fortes chaleurs, elle apporte une HUMIDIT\u00c9 continue toute la journ\u00e9e. Aucun refroidissement ni \u00e9lectricit\u00e9 n\u2019est jamais n\u00e9cessaire. Humidifiez simplement et secouez. Parfait d\u00e8s que votre cheval a besoin de se rafra\u00eechir ! R\u00e9cup\u00e9ration apr\u00e8s comp\u00e9tition, \u00e9quitation de loisir par temps chaud, anhidrose et autres blessures li\u00e9es \u00e0 la chaleur.    <\/p>\n<ul>\n<li>La couverture n\u2019est pas destin\u00e9e \u00e0 traiter des affections m\u00e9dicales au-del\u00e0 d\u2019apporter un soulagement. By Wonder n\u2019assume aucune responsabilit\u00e9 pour les dommages caus\u00e9s par une mauvaise utilisation du produit. <\/li>\n<li>By Wonder est uniquement responsable des co\u00fbts de remplacement du produit.<\/li>\n<li>Avertissement : Ne laissez jamais votre cheval sans surveillance lorsqu\u2019il porte des couvertures Horse Wonder Cooling, car le tissu, les sangles et les boucles peuvent pr\u00e9senter un risque d\u2019\u00e9touffement ou provoquer une obstruction en cas d\u2019ingestion.<\/li>\n<\/ul>\n<p>PEUT \u00caTRE UTILIS\u00c9 AVEC DES SELS D\u2019EPSOM OU DES LINIMENTS<\/p>\n<p>R\u00c9CUP\u00c9RATION PLUS RAPIDE APR\u00c8S L\u2019EFFORT<\/p>\n<p>AUCUN REFROIDISSEMENT, \u00c9LECTRICIT\u00c9 OU GEL LAVABLE EN MACHINE &amp; R\u00c9UTILISABLE<\/p>\n","protected":false},"excerpt":{"rendered":"<p>60\u2033 x 63\u2033<br \/>\nWonder horse Cooling est un produit r\u00e9volutionnaire pour les chevaux ! La technologie textile utilise un mat\u00e9riau hyper-\u00e9vaporatif avanc\u00e9. Id\u00e9al pour le cavalier de loisir qui souhaite am\u00e9liorer le confort du cheval ; excellent pour les disciplines de comp\u00e9tition en apportant une r\u00e9duction RAPIDE mais S\u00dbRE de la temp\u00e9rature corporelle centrale. Th\u00e9rapie parfaite pour la r\u00e9cup\u00e9ration musculaire apr\u00e8s l\u2019effort, le transport, l\u2019anhidrose et d\u2019autres probl\u00e8mes li\u00e9s \u00e0 la chaleur.   <\/p>\n","protected":false},"featured_media":1432,"comment_status":"open","ping_status":"closed","template":"","meta":{"inline_featured_image":false},"product_brand":[],"product_cat":[68],"product_tag":[127,132,89,60,128],"class_list":{"0":"post-1439","1":"product","2":"type-product","3":"status-publish","4":"has-post-thumbnail","6":"product_cat-hourse-wonder","7":"product_tag-body-wrap","8":"product_tag-cheval-2","9":"product_tag-cheval","10":"product_tag-horse-wonder","11":"product_tag-wonder-cooling-body-wrap","13":"first","14":"instock","15":"taxable","16":"shipping-taxable","17":"purchasable","18":"product-type-simple"},"_links":{"self":[{"href":"https:\/\/horsewonder.dk\/fr\/wp-json\/wp\/v2\/product\/1439","targetHints":{"allow":["GET"]}}],"collection":[{"href":"https:\/\/horsewonder.dk\/fr\/wp-json\/wp\/v2\/product"}],"about":[{"href":"https:\/\/horsewonder.dk\/fr\/wp-json\/wp\/v2\/types\/product"}],"replies":[{"embeddable":true,"href":"https:\/\/horsewonder.dk\/fr\/wp-json\/wp\/v2\/comments?post=1439"}],"version-history":[{"count":0,"href":"https:\/\/horsewonder.dk\/fr\/wp-json\/wp\/v2\/product\/1439\/revisions"}],"wp:featuredmedia":[{"embeddable":true,"href":"https:\/\/horsewonder.dk\/fr\/wp-json\/wp\/v2\/media\/1432"}],"wp:attachment":[{"href":"https:\/\/horsewonder.dk\/fr\/wp-json\/wp\/v2\/media?parent=1439"}],"wp:term":[{"taxonomy":"product_brand","embeddable":true,"href":"https:\/\/horsewonder.dk\/fr\/wp-json\/wp\/v2\/product_brand?post=1439"},{"taxonomy":"product_cat","embeddable":true,"href":"https:\/\/horsewonder.dk\/fr\/wp-json\/wp\/v2\/product_cat?post=1439"},{"taxonomy":"product_tag","embeddable":true,"href":"https:\/\/horsewonder.dk\/fr\/wp-json\/wp\/v2\/product_tag?post=1439"}],"curies":[{"name":"wp","href":"https:\/\/api.w.org\/{rel}","templated":true}]}}