{"id":1415,"date":"2026-03-31T07:02:43","date_gmt":"2026-03-31T06:02:43","guid":{"rendered":"https:\/\/horsewonder.dk\/product\/wonder-cooling-body-wrap-deluxe\/"},"modified":"2026-03-31T07:02:43","modified_gmt":"2026-03-31T06:02:43","slug":"wonder-cooling-body-wrap-deluxe","status":"publish","type":"product","link":"https:\/\/horsewonder.dk\/fr\/produit\/wonder-cooling-body-wrap-deluxe\/","title":{"rendered":"Wonder Cooling Body Wrap Deluxe"},"content":{"rendered":"<p>Vous pouvez d\u00e9sormais offrir \u00e0 votre compagnon \u00e0 quatre pattes le refroidissement ultime avec notre Wonder Cooling Body Wrap Deluxe. Cette technologie r\u00e9volutionnaire, auparavant r\u00e9serv\u00e9e aux athl\u00e8tes humains, est d\u00e9sormais disponible pour votre cheval. <\/p>\n<p>Le wrap procure un refroidissement pendant des heures, m\u00eame par forte chaleur. Aucun besoin de r\u00e9frig\u00e9rateur, d\u2019\u00e9lectricit\u00e9 ni de gel. Il suffit d\u2019humidifier et de refroidir !  <\/p>\n<p>&nbsp;<\/p>\n<p>\ud83c\udf21\ufe0f <strong>Refroidit jusqu\u2019\u00e0 22 \u00b0C<\/strong> : Le wrap utilise une technologie avanc\u00e9e d\u2019hyper-\u00e9vaporation, capable de r\u00e9duire la temp\u00e9rature corporelle de votre cheval jusqu\u2019\u00e0 22 \u00b0C par rapport \u00e0 l\u2019environnement. Cet effet rafra\u00eechissant dure des heures, et votre cheval vous en sera reconnaissant <\/p>\n<p>\ud83c\udfc7 <strong>Parfait pour toutes les disciplines<\/strong> : Que vous montiez pour le loisir ou participiez \u00e0 des comp\u00e9titions, Wonder Cooling Body Wrap Deluxe peut aider \u00e0 r\u00e9duire rapidement et en toute s\u00e9curit\u00e9 la temp\u00e9rature corporelle centrale de votre cheval<\/p>\n<p>\ud83c\udf0a <strong>Refroidissement longue dur\u00e9e<\/strong> : Le wrap absorbe l\u2019eau, qui s\u2019\u00e9vapore progressivement et garantit que votre cheval reste au frais longtemps<\/p>\n<p>&nbsp;<\/p>\n<h2><strong>Comment utiliser Wonder Cooling Body Wrap Deluxe<\/strong> :<\/h2>\n<ol>\n<li>Placez le wrap sur le cheval, c\u00f4t\u00e9 stri\u00e9 vers le bas.<\/li>\n<li>Fixez les sangles de poitrail (en les laissant l\u00e2ches afin que votre cheval puisse bouger librement).<\/li>\n<li>Fixez la sangle ventrale.<\/li>\n<\/ol>\n<p>Humidifiez l\u00e9g\u00e8rement la sangle ventrale avec un vaporisateur ou un tuyau, et veillez \u00e0 soulever le wrap pour pulv\u00e9riser le dessous. Veillez \u00e0 ne pas d\u00e9tremper le wrap. <\/p>\n<p>&nbsp;<\/p>\n<h2><strong>Entretien et soin<\/strong> :<\/h2>\n<ul>\n<li>Rincez avant et apr\u00e8s chaque utilisation.<\/li>\n<li>Lorsque vous avez fini d\u2019utiliser le wrap, pliez-le tant qu\u2019il est humide et rangez-le dans son emballage d\u2019origine ou dans un r\u00e9cipient herm\u00e9tique.<\/li>\n<li>Si le wrap ne doit pas \u00eatre utilis\u00e9 pendant plus de 3 \u00e0 4 semaines, pliez-le tant qu\u2019il est encore humide et laissez-le s\u00e9cher compl\u00e8tement avant de le ranger. Ne pliez pas le wrap lorsqu\u2019il est dur ; humidifiez-le simplement pour l\u2019assouplir.<\/li>\n<li>Lavable en machine ou \u00e0 la main s\u00e9par\u00e9ment avec un savon doux ou une lessive. \u00c9vitez de mettre le wrap au s\u00e8che-linge. <\/li>\n<\/ul>\n<p>&nbsp;<\/p>\n<h3><strong>Remarque<\/strong> :<\/h3>\n<p>Le wrap n\u2019est pas destin\u00e9 \u00e0 traiter des affections m\u00e9dicales, hormis pour apporter un soulagement. By Wonder n\u2019est pas responsable d\u2019\u00e9ventuels dommages caus\u00e9s par une mauvaise utilisation du produit. <\/p>\n","protected":false},"excerpt":{"rendered":"<p>Taille 67\u201d x 82\u201d<br \/>\nWonder horse Cooling est un produit r\u00e9volutionnaire pour les chevaux ! La technologie textile utilise un mat\u00e9riau hyper-\u00e9vaporatif avanc\u00e9. Id\u00e9al pour le cavalier de loisir qui souhaite am\u00e9liorer le confort de son cheval ; excellent pour les disciplines de comp\u00e9tition en offrant une r\u00e9duction RAPIDE mais S\u00dbRE de la temp\u00e9rature corporelle centrale. Th\u00e9rapie parfaite pour la r\u00e9cup\u00e9ration musculaire apr\u00e8s l\u2019effort, le transport, l\u2019anhidrose et d\u2019autres probl\u00e8mes li\u00e9s \u00e0 la chaleur.   <\/p>\n","protected":false},"featured_media":1391,"comment_status":"open","ping_status":"closed","template":"","meta":{"inline_featured_image":false},"product_brand":[],"product_cat":[68],"product_tag":[127,89,60,106,128],"class_list":{"0":"post-1415","1":"product","2":"type-product","3":"status-publish","4":"has-post-thumbnail","6":"product_cat-hourse-wonder","7":"product_tag-body-wrap","8":"product_tag-cheval","9":"product_tag-horse-wonder","10":"product_tag-wonder","11":"product_tag-wonder-cooling-body-wrap","13":"first","14":"instock","15":"taxable","16":"shipping-taxable","17":"purchasable","18":"product-type-simple"},"_links":{"self":[{"href":"https:\/\/horsewonder.dk\/fr\/wp-json\/wp\/v2\/product\/1415","targetHints":{"allow":["GET"]}}],"collection":[{"href":"https:\/\/horsewonder.dk\/fr\/wp-json\/wp\/v2\/product"}],"about":[{"href":"https:\/\/horsewonder.dk\/fr\/wp-json\/wp\/v2\/types\/product"}],"replies":[{"embeddable":true,"href":"https:\/\/horsewonder.dk\/fr\/wp-json\/wp\/v2\/comments?post=1415"}],"version-history":[{"count":0,"href":"https:\/\/horsewonder.dk\/fr\/wp-json\/wp\/v2\/product\/1415\/revisions"}],"wp:featuredmedia":[{"embeddable":true,"href":"https:\/\/horsewonder.dk\/fr\/wp-json\/wp\/v2\/media\/1391"}],"wp:attachment":[{"href":"https:\/\/horsewonder.dk\/fr\/wp-json\/wp\/v2\/media?parent=1415"}],"wp:term":[{"taxonomy":"product_brand","embeddable":true,"href":"https:\/\/horsewonder.dk\/fr\/wp-json\/wp\/v2\/product_brand?post=1415"},{"taxonomy":"product_cat","embeddable":true,"href":"https:\/\/horsewonder.dk\/fr\/wp-json\/wp\/v2\/product_cat?post=1415"},{"taxonomy":"product_tag","embeddable":true,"href":"https:\/\/horsewonder.dk\/fr\/wp-json\/wp\/v2\/product_tag?post=1415"}],"curies":[{"name":"wp","href":"https:\/\/api.w.org\/{rel}","templated":true}]}}