{"id":1344,"date":"2026-03-31T06:43:07","date_gmt":"2026-03-31T05:43:07","guid":{"rendered":"https:\/\/horsewonder.dk\/product\/wonder-cooling-hock-wrap\/"},"modified":"2026-03-31T06:46:35","modified_gmt":"2026-03-31T05:46:35","slug":"wonder-cooling-hock-wrap","status":"publish","type":"product","link":"https:\/\/horsewonder.dk\/fr\/produit\/wonder-cooling-hock-wrap\/","title":{"rendered":"Wonder Cooling Hock Wrap"},"content":{"rendered":"<p>Avec notre Wonder Cooling Hock Wrap, votre cheval b\u00e9n\u00e9ficie du refroidissement dont il a besoin apr\u00e8s l\u2019entra\u00eenement ou en cas de surchauffe. Le Hock Wrap est facile \u00e0 utiliser et offre \u00e0 votre cheval des heures de fra\u00eecheur. <\/p>\n<p>Le wrap procure un refroidissement pendant des heures, m\u00eame par forte chaleur. Pas besoin de r\u00e9frig\u00e9rateur, d\u2019\u00e9lectricit\u00e9 ni de gel. Il suffit de mouiller, d\u2019essorer et de secouer !  <\/p>\n<p>&nbsp;<\/p>\n<h2><strong>Mode d\u2019emploi du Wonder Cooling Hock Wrap<\/strong> :<\/h2>\n<ol>\n<li>Humidifiez le wrap avec de l\u2019eau (quelle qu\u2019en soit la source) et essorez l\u2019exc\u00e9dent. Faites-le tournoyer dans l\u2019air pendant 10 \u00e0 15 secondes. <\/li>\n<li>Avec le c\u00f4t\u00e9 stri\u00e9 contre le cheval, enroulez le produit autour du membre en couvrant autant de surface que possible pour un r\u00e9sultat optimal.<\/li>\n<\/ol>\n<p>&nbsp;<\/p>\n<h2><strong>Prolongez la dur\u00e9e de refroidissement :<\/strong><\/h2>\n<p>en r\u00e9humidifiant simplement le wrap, en le vaporisant l\u00e9g\u00e8rement avec de l\u2019eau au tuyau ou au spray. Toute temp\u00e9rature d\u2019eau convient, et le wrap refroidira par \u00e9vaporation. <\/p>\n<p>&nbsp;<\/p>\n<h2><strong>Entretien et soin<\/strong> :<\/h2>\n<ul>\n<li>Rincez avant et apr\u00e8s chaque utilisation.<\/li>\n<li>Une fois l\u2019utilisation termin\u00e9e, tant que le wrap est encore humide, pliez-le et remettez-le dans son emballage d\u2019origine ou dans un r\u00e9cipient herm\u00e9tique. S\u2019il ne doit pas \u00eatre utilis\u00e9 pendant plus de 3 \u00e0 4 semaines, pliez-le tant qu\u2019il est encore humide et laissez-le s\u00e9cher compl\u00e8tement. <\/li>\n<li>Ne pliez pas le wrap lorsqu\u2019il est dur ; humidifiez-le simplement pour l\u2019assouplir.<\/li>\n<li>Lavable en machine ou \u00e0 la main, s\u00e9par\u00e9ment, avec un savon ou une lessive douce. \u00c9vitez de mettre le wrap au s\u00e8che-linge. <\/li>\n<\/ul>\n<p>&nbsp;<\/p>\n<h3><strong>Remarque<\/strong> :<\/h3>\n<p>Le wrap n\u2019est pas destin\u00e9 \u00e0 traiter des affections m\u00e9dicales, hormis l\u2019apport de soulagement. By Wonder n\u2019est pas responsable d\u2019\u00e9ventuels dommages caus\u00e9s par une mauvaise utilisation du produit. <\/p>\n","protected":false},"excerpt":{"rendered":"<p>Incl. 2 wraps<br \/>\nWonder horse Cooling est un produit r\u00e9volutionnaire pour les chevaux ! La technologie textile utilise un mat\u00e9riau hyper-\u00e9vaporatif avanc\u00e9. Id\u00e9al pour le cavalier de loisir qui souhaite am\u00e9liorer le confort de son cheval ; excellent pour les disciplines de comp\u00e9tition en offrant une r\u00e9duction RAPIDE mais S\u00dbRE de la temp\u00e9rature corporelle centrale. Th\u00e9rapie parfaite pour la r\u00e9cup\u00e9ration musculaire apr\u00e8s l\u2019effort, le transport, l\u2019anhidrose et d\u2019autres probl\u00e8mes li\u00e9s \u00e0 la chaleur.   <\/p>\n","protected":false},"featured_media":1345,"comment_status":"open","ping_status":"closed","template":"","meta":{"inline_featured_image":false},"product_brand":[],"product_cat":[68],"product_tag":[89,104,105,60,106,107],"class_list":{"0":"post-1344","1":"product","2":"type-product","3":"status-publish","4":"has-post-thumbnail","6":"product_cat-hourse-wonder","7":"product_tag-cheval","8":"product_tag-hock-wrap","9":"product_tag-hock-wrap-pour-cheval","10":"product_tag-horse-wonder","11":"product_tag-wonder","12":"product_tag-wonder-cooling-hock-wrap","14":"first","15":"instock","16":"taxable","17":"shipping-taxable","18":"purchasable","19":"product-type-simple"},"_links":{"self":[{"href":"https:\/\/horsewonder.dk\/fr\/wp-json\/wp\/v2\/product\/1344","targetHints":{"allow":["GET"]}}],"collection":[{"href":"https:\/\/horsewonder.dk\/fr\/wp-json\/wp\/v2\/product"}],"about":[{"href":"https:\/\/horsewonder.dk\/fr\/wp-json\/wp\/v2\/types\/product"}],"replies":[{"embeddable":true,"href":"https:\/\/horsewonder.dk\/fr\/wp-json\/wp\/v2\/comments?post=1344"}],"version-history":[{"count":1,"href":"https:\/\/horsewonder.dk\/fr\/wp-json\/wp\/v2\/product\/1344\/revisions"}],"predecessor-version":[{"id":1369,"href":"https:\/\/horsewonder.dk\/fr\/wp-json\/wp\/v2\/product\/1344\/revisions\/1369"}],"wp:featuredmedia":[{"embeddable":true,"href":"https:\/\/horsewonder.dk\/fr\/wp-json\/wp\/v2\/media\/1345"}],"wp:attachment":[{"href":"https:\/\/horsewonder.dk\/fr\/wp-json\/wp\/v2\/media?parent=1344"}],"wp:term":[{"taxonomy":"product_brand","embeddable":true,"href":"https:\/\/horsewonder.dk\/fr\/wp-json\/wp\/v2\/product_brand?post=1344"},{"taxonomy":"product_cat","embeddable":true,"href":"https:\/\/horsewonder.dk\/fr\/wp-json\/wp\/v2\/product_cat?post=1344"},{"taxonomy":"product_tag","embeddable":true,"href":"https:\/\/horsewonder.dk\/fr\/wp-json\/wp\/v2\/product_tag?post=1344"}],"curies":[{"name":"wp","href":"https:\/\/api.w.org\/{rel}","templated":true}]}}