{"id":1310,"date":"2026-03-31T06:33:54","date_gmt":"2026-03-31T05:33:54","guid":{"rendered":"https:\/\/horsewonder.dk\/product\/bande-de-refroidissement-wonder-pour-les-jambes\/"},"modified":"2026-03-31T06:53:34","modified_gmt":"2026-03-31T05:53:34","slug":"bande-de-refroidissement-wonder-pour-les-jambes","status":"publish","type":"product","link":"https:\/\/horsewonder.dk\/fr\/produit\/bande-de-refroidissement-wonder-pour-les-jambes\/","title":{"rendered":"Bande de refroidissement Wonder pour les jambes"},"content":{"rendered":"<p>Avec Wonder Cooling Leg Wrap, votre cheval b\u00e9n\u00e9ficie d\u2019un refroidissement imm\u00e9diat apr\u00e8s l\u2019entra\u00eenement ou par temps chaud. Le Leg Wrap est facile \u00e0 utiliser et offre \u00e0 votre cheval des heures de refroidissement confortable. <\/p>\n<p>Le wrap procure un refroidissement pendant des heures, m\u00eame par forte chaleur. Pas besoin de r\u00e9frig\u00e9rateur, d\u2019\u00e9lectricit\u00e9 ni de gel. Il suffit de mouiller, d\u2019essorer et de secouer !  <\/p>\n<p>&nbsp;<\/p>\n<h2><strong>Mode d\u2019emploi du Wonder Cooling Leg Wrap<\/strong> :<\/h2>\n<ol>\n<li>Humidifiez le wrap avec de l\u2019eau de n\u2019importe quelle source et essorez l\u2019exc\u00e9dent. Faites tourner le wrap dans l\u2019air pendant 10 \u00e0 15 secondes. <\/li>\n<li>Avec le c\u00f4t\u00e9 rainur\u00e9 contre le cheval, enroulez le produit autour de la jambe du cheval autant que possible pour de meilleurs r\u00e9sultats.<\/li>\n<\/ol>\n<p>&nbsp;<\/p>\n<h2><strong>Prolongez la dur\u00e9e de refroidissement<\/strong><\/h2>\n<p>En r\u00e9humidifiant simplement le wrap, en le vaporisant l\u00e9g\u00e8rement avec de l\u2019eau d\u2019un tuyau ou d\u2019un pulv\u00e9risateur. Toute temp\u00e9rature d\u2019eau convient, et le wrap refroidira par \u00e9vaporation. Secouez le wrap pour favoriser la circulation de l\u2019air, puis appliquez-le sur le cheval.  <\/p>\n<p>&nbsp;<\/p>\n<h2><strong>Entretien et soin<\/strong> :<\/h2>\n<ul>\n<li>Rincez avant et apr\u00e8s chaque utilisation.<\/li>\n<li>Lorsque vous avez fini d\u2019utiliser le wrap, alors qu\u2019il est encore humide, pliez-le et remettez-le dans son emballage d\u2019origine ou dans un r\u00e9cipient herm\u00e9tique. S\u2019il n\u2019est pas utilis\u00e9 pendant plus de 3 \u00e0 4 semaines, pliez-le tant qu\u2019il est encore humide et laissez-le s\u00e9cher compl\u00e8tement.<\/li>\n<li>Ne pliez pas le wrap lorsqu\u2019il est dur ; humidifiez-le simplement pour l\u2019assouplir.<\/li>\n<li>Lavable en machine ou \u00e0 la main s\u00e9par\u00e9ment avec un savon doux ou une lessive. \u00c9vitez de mettre le wrap au s\u00e8che-linge. <\/li>\n<\/ul>\n<p>&nbsp;<\/p>\n<h3><strong>Remarque<\/strong> :<\/h3>\n<p>Le wrap n\u2019est pas destin\u00e9 \u00e0 traiter des affections m\u00e9dicales, hormis pour apporter un soulagement. By Wonder n\u2019est pas responsable d\u2019\u00e9ventuels dommages caus\u00e9s par une mauvaise utilisation du produit. <\/p>\n<p>Offrez \u00e0 votre cheval le meilleur refroidissement avec Wonder Cooling Leg Wrap ! \ud83d\udc34<\/p>\n","protected":false},"excerpt":{"rendered":"<p>Incl. 2 wraps<br \/>\nWonder horse Cooling est un produit r\u00e9volutionnaire pour les chevaux ! La technologie textile utilise un mat\u00e9riau hyper-\u00e9vaporatif avanc\u00e9. Id\u00e9al pour le cavalier de loisir qui souhaite am\u00e9liorer le confort de son cheval ; excellent pour les disciplines de comp\u00e9tition en offrant une r\u00e9duction RAPIDE mais S\u00dbRE de la temp\u00e9rature corporelle centrale. Th\u00e9rapie parfaite pour la r\u00e9cup\u00e9ration musculaire apr\u00e8s l\u2019effort, le transport, l\u2019anhidrose et d\u2019autres probl\u00e8mes li\u00e9s \u00e0 la chaleur.   <\/p>\n","protected":false},"featured_media":1311,"comment_status":"open","ping_status":"closed","template":"","meta":{"inline_featured_image":false},"product_brand":[],"product_cat":[68],"product_tag":[90,89,60,86,88,117],"class_list":{"0":"post-1310","1":"product","2":"type-product","3":"status-publish","4":"has-post-thumbnail","6":"product_cat-hourse-wonder","7":"product_tag-bande","8":"product_tag-cheval","9":"product_tag-horse-wonder","10":"product_tag-jambe","11":"product_tag-jambes-de-cheval","12":"product_tag-leg-wraps","14":"first","15":"instock","16":"taxable","17":"shipping-taxable","18":"purchasable","19":"product-type-simple"},"_links":{"self":[{"href":"https:\/\/horsewonder.dk\/fr\/wp-json\/wp\/v2\/product\/1310","targetHints":{"allow":["GET"]}}],"collection":[{"href":"https:\/\/horsewonder.dk\/fr\/wp-json\/wp\/v2\/product"}],"about":[{"href":"https:\/\/horsewonder.dk\/fr\/wp-json\/wp\/v2\/types\/product"}],"replies":[{"embeddable":true,"href":"https:\/\/horsewonder.dk\/fr\/wp-json\/wp\/v2\/comments?post=1310"}],"version-history":[{"count":1,"href":"https:\/\/horsewonder.dk\/fr\/wp-json\/wp\/v2\/product\/1310\/revisions"}],"predecessor-version":[{"id":1386,"href":"https:\/\/horsewonder.dk\/fr\/wp-json\/wp\/v2\/product\/1310\/revisions\/1386"}],"wp:featuredmedia":[{"embeddable":true,"href":"https:\/\/horsewonder.dk\/fr\/wp-json\/wp\/v2\/media\/1311"}],"wp:attachment":[{"href":"https:\/\/horsewonder.dk\/fr\/wp-json\/wp\/v2\/media?parent=1310"}],"wp:term":[{"taxonomy":"product_brand","embeddable":true,"href":"https:\/\/horsewonder.dk\/fr\/wp-json\/wp\/v2\/product_brand?post=1310"},{"taxonomy":"product_cat","embeddable":true,"href":"https:\/\/horsewonder.dk\/fr\/wp-json\/wp\/v2\/product_cat?post=1310"},{"taxonomy":"product_tag","embeddable":true,"href":"https:\/\/horsewonder.dk\/fr\/wp-json\/wp\/v2\/product_tag?post=1310"}],"curies":[{"name":"wp","href":"https:\/\/api.w.org\/{rel}","templated":true}]}}