{"id":1265,"date":"2026-03-31T06:22:17","date_gmt":"2026-03-31T05:22:17","guid":{"rendered":"https:\/\/horsewonder.dk\/product\/wonder-cooling-neck-wrap\/"},"modified":"2026-03-31T06:51:08","modified_gmt":"2026-03-31T05:51:08","slug":"wonder-cooling-neck-wrap","status":"publish","type":"product","link":"https:\/\/horsewonder.dk\/fr\/produit\/wonder-cooling-neck-wrap\/","title":{"rendered":"Wonder Cooling Neck Wrap"},"content":{"rendered":"<p>Notre Wonder Cooling Neck Wrap est con\u00e7u pour offrir un refroidissement imm\u00e9diat \u00e0 l\u2019encolure de votre cheval apr\u00e8s l\u2019entra\u00eenement ou par temps chaud. Il est facile \u00e0 utiliser et fabriqu\u00e9 dans un mat\u00e9riau qui garantit le confort de votre cheval. <\/p>\n<p>Le wrap procure un refroidissement pendant des heures, m\u00eame en cas de forte chaleur. Aucun besoin de r\u00e9frig\u00e9rateur, d\u2019\u00e9lectricit\u00e9 ou de gel. Il suffit d\u2019humidifier, d\u2019essorer et de secouer.  <\/p>\n<p>&nbsp;<\/p>\n<h2><strong>Comment appliquer le Wonder Cooling Neck Wrap sur votre cheval<\/strong> :<\/h2>\n<ol>\n<li>Placez l\u00e9g\u00e8rement l\u2019extr\u00e9mit\u00e9 de la serviette avec les sangles cousues sur le garrot<\/li>\n<li>Tirez l\u2019autre extr\u00e9mit\u00e9 du wrap vers vous et rentrez le tissu dessous<\/li>\n<li>Fixez d\u2019abord la sangle la plus proche de la t\u00eate, en veillant \u00e0 ce que le tissu soit bien rentr\u00e9, puis fixez les 2e et 3e sangles afin que le wrap soit bien maintenu  <\/li>\n<li>Fixez le clip gator sur le c\u00f4t\u00e9 du Neck Wrap (le plus \u00e9loign\u00e9 de la t\u00eate) et attachez-le au garrot<\/li>\n<\/ol>\n<p>&nbsp;<\/p>\n<h2><strong>Comment utiliser le Neck Wrap<\/strong> :<\/h2>\n<ol>\n<li>Humidifiez le wrap avec de l\u2019eau provenant de n\u2019importe quelle source et essorez l\u2019exc\u00e9dent. Faites-le tournoyer dans l\u2019air pendant 10\u201315 secondes <\/li>\n<li>C\u00f4t\u00e9 stri\u00e9 vers le bas, placez l\u2019extr\u00e9mit\u00e9 du wrap avec les sangles cousues sur le tissu au milieu du garrot. La sangle la plus courte doit \u00eatre la plus proche de la t\u00eate <\/li>\n<li>Passez l\u2019extr\u00e9mit\u00e9 du wrap sans sangles sous l\u2019encolure et rentrez le tissu sous les sangles cousues<\/li>\n<li>Utilisez les sangles Velcro pour entourer l\u2019encolure et ajustez la longueur jusqu\u2019\u00e0 ce que ce soit confortable<\/li>\n<\/ol>\n<p>&nbsp;<\/p>\n<h2><strong>Prolongez la dur\u00e9e de refroidissement<\/strong><\/h2>\n<p>En r\u00e9humidifiant simplement le wrap, en le vaporisant l\u00e9g\u00e8rement avec de l\u2019eau d\u2019un tuyau ou d\u2019un pulv\u00e9risateur. Toute temp\u00e9rature d\u2019eau convient, et le wrap refroidira par \u00e9vaporation. Secouez le wrap pour favoriser la circulation de l\u2019air, puis appliquez-le sur le cheval.  <\/p>\n<p>&nbsp;<\/p>\n<h2><strong>Entretien et soin<\/strong> :<\/h2>\n<ul>\n<li>Rincez avant et apr\u00e8s chaque utilisation.<\/li>\n<li>Lorsque vous avez fini d\u2019utiliser le wrap, alors qu\u2019il est encore humide, pliez-le et remettez-le dans son emballage d\u2019origine ou dans un r\u00e9cipient herm\u00e9tique.<br \/>\n-S\u2019il ne doit pas \u00eatre utilis\u00e9 pendant plus de 3\u20134 semaines, pliez-le alors qu\u2019il est encore humide et laissez-le s\u00e9cher compl\u00e8tement.<\/li>\n<li>Ne pliez pas le wrap lorsqu\u2019il est dur ; humidifiez-le simplement pour l\u2019assouplir.<\/li>\n<li>Lavable en machine ou \u00e0 la main, s\u00e9par\u00e9ment, avec un savon ou une lessive douce. \u00c9vitez de mettre le wrap au s\u00e8che-linge. <\/li>\n<\/ul>\n<h3><strong>Remarque<\/strong> :<\/h3>\n<p>Le wrap n\u2019est pas destin\u00e9 \u00e0 traiter des affections m\u00e9dicales, hormis l\u2019apport de soulagement. By Wonder n\u2019est pas responsable de tout dommage caus\u00e9 par une mauvaise utilisation du produit. \ud83d\udc34<\/p>\n","protected":false},"excerpt":{"rendered":"<p>Taille 24\u201d \u00d7 55\u201d<br \/>\nWonder horse Cooling est un produit r\u00e9volutionnaire pour les chevaux ! La technologie textile utilise un mat\u00e9riau hyper-\u00e9vaporatif avanc\u00e9. Id\u00e9al pour le cavalier de loisir qui souhaite am\u00e9liorer le confort de son cheval ; excellent pour les disciplines de comp\u00e9tition en offrant une r\u00e9duction RAPIDE mais S\u00dbRE de la temp\u00e9rature corporelle centrale. Th\u00e9rapie parfaite pour la r\u00e9cup\u00e9ration musculaire apr\u00e8s l\u2019effort, le transport, l\u2019anhidrose et d\u2019autres probl\u00e8mes li\u00e9s \u00e0 la chaleur.   <\/p>\n","protected":false},"featured_media":1266,"comment_status":"open","ping_status":"closed","template":"","meta":{"inline_featured_image":false},"product_brand":[],"product_cat":[68],"product_tag":[59,60,61,58],"class_list":{"0":"post-1265","1":"product","2":"type-product","3":"status-publish","4":"has-post-thumbnail","6":"product_cat-hourse-wonder","7":"product_tag-encolure-de-cheval","8":"product_tag-horse-wonder","9":"product_tag-neck-wrap","10":"product_tag-tour-de-cou-pour-cheval","12":"first","13":"instock","14":"taxable","15":"shipping-taxable","16":"purchasable","17":"product-type-simple"},"_links":{"self":[{"href":"https:\/\/horsewonder.dk\/fr\/wp-json\/wp\/v2\/product\/1265","targetHints":{"allow":["GET"]}}],"collection":[{"href":"https:\/\/horsewonder.dk\/fr\/wp-json\/wp\/v2\/product"}],"about":[{"href":"https:\/\/horsewonder.dk\/fr\/wp-json\/wp\/v2\/types\/product"}],"replies":[{"embeddable":true,"href":"https:\/\/horsewonder.dk\/fr\/wp-json\/wp\/v2\/comments?post=1265"}],"version-history":[{"count":2,"href":"https:\/\/horsewonder.dk\/fr\/wp-json\/wp\/v2\/product\/1265\/revisions"}],"predecessor-version":[{"id":1383,"href":"https:\/\/horsewonder.dk\/fr\/wp-json\/wp\/v2\/product\/1265\/revisions\/1383"}],"wp:featuredmedia":[{"embeddable":true,"href":"https:\/\/horsewonder.dk\/fr\/wp-json\/wp\/v2\/media\/1266"}],"wp:attachment":[{"href":"https:\/\/horsewonder.dk\/fr\/wp-json\/wp\/v2\/media?parent=1265"}],"wp:term":[{"taxonomy":"product_brand","embeddable":true,"href":"https:\/\/horsewonder.dk\/fr\/wp-json\/wp\/v2\/product_brand?post=1265"},{"taxonomy":"product_cat","embeddable":true,"href":"https:\/\/horsewonder.dk\/fr\/wp-json\/wp\/v2\/product_cat?post=1265"},{"taxonomy":"product_tag","embeddable":true,"href":"https:\/\/horsewonder.dk\/fr\/wp-json\/wp\/v2\/product_tag?post=1265"}],"curies":[{"name":"wp","href":"https:\/\/api.w.org\/{rel}","templated":true}]}}