{"id":993,"date":"2026-03-26T06:27:13","date_gmt":"2026-03-26T05:27:13","guid":{"rendered":"https:\/\/horsewonder.dk\/conditions-generales\/"},"modified":"2026-03-27T14:45:03","modified_gmt":"2026-03-27T13:45:03","slug":"conditions-generales","status":"publish","type":"page","link":"https:\/\/horsewonder.dk\/fr\/conditions-generales\/","title":{"rendered":"Conditions g\u00e9n\u00e9rales"},"content":{"rendered":"\n<p>Tous les prix incluent la TVA. Livraison gratuite sur toutes les commandes. Les produits sont rechargeables lorsque cela est indiqu\u00e9.<\/p>\n\n<p>Nous offrons une garantie de satisfaction \u00e0 100 % sur tous les produits Meta Gloss. Si vous n\u2019\u00eates pas satisfait, contactez-nous dans les 14 jours suivant la r\u00e9ception de votre commande.<\/p>\n\n<p>Les retours sont accept\u00e9s dans les 14 jours suivant l\u2019achat, dans l\u2019emballage d\u2019origine, non ouvert. Contactez-nous par e-mail \u00e0 john@hocl.dk ou appelez le +45 71 99 96 69.<\/p>\n\n<p>Les donn\u00e9es personnelles sont trait\u00e9es conform\u00e9ment au RGPD. Nous ne partageons pas vos donn\u00e9es avec des tiers sans votre consentement.<\/p>\n","protected":false},"excerpt":{"rendered":"<p>Tous les prix incluent la TVA. Livraison gratuite sur toutes les commandes. Les produits sont rechargeables lorsque cela est indiqu\u00e9. Nous offrons une garantie de satisfaction \u00e0 100 % sur tous les produits Meta Gloss. Si vous n\u2019\u00eates pas satisfait, contactez-nous dans les 14 jours suivant la r\u00e9ception de votre commande. Les retours sont accept\u00e9s [&hellip;]<\/p>\n","protected":false},"author":1,"featured_media":0,"parent":0,"menu_order":0,"comment_status":"closed","ping_status":"closed","template":"","meta":{"inline_featured_image":false,"footnotes":""},"class_list":["post-993","page","type-page","status-publish","hentry"],"_links":{"self":[{"href":"https:\/\/horsewonder.dk\/fr\/wp-json\/wp\/v2\/pages\/993","targetHints":{"allow":["GET"]}}],"collection":[{"href":"https:\/\/horsewonder.dk\/fr\/wp-json\/wp\/v2\/pages"}],"about":[{"href":"https:\/\/horsewonder.dk\/fr\/wp-json\/wp\/v2\/types\/page"}],"author":[{"embeddable":true,"href":"https:\/\/horsewonder.dk\/fr\/wp-json\/wp\/v2\/users\/1"}],"replies":[{"embeddable":true,"href":"https:\/\/horsewonder.dk\/fr\/wp-json\/wp\/v2\/comments?post=993"}],"version-history":[{"count":1,"href":"https:\/\/horsewonder.dk\/fr\/wp-json\/wp\/v2\/pages\/993\/revisions"}],"predecessor-version":[{"id":994,"href":"https:\/\/horsewonder.dk\/fr\/wp-json\/wp\/v2\/pages\/993\/revisions\/994"}],"wp:attachment":[{"href":"https:\/\/horsewonder.dk\/fr\/wp-json\/wp\/v2\/media?parent=993"}],"curies":[{"name":"wp","href":"https:\/\/api.w.org\/{rel}","templated":true}]}}