{"id":2195,"date":"2026-04-01T12:26:04","date_gmt":"2026-04-01T11:26:04","guid":{"rendered":"https:\/\/horsewonder.dk\/product\/gel-insecticida-horse-wonder\/"},"modified":"2026-04-01T12:26:04","modified_gmt":"2026-04-01T11:26:04","slug":"gel-insecticida-horse-wonder","status":"publish","type":"product","link":"https:\/\/horsewonder.dk\/es\/producto\/gel-insecticida-horse-wonder\/","title":{"rendered":"Gel Insecticida Horse Wonder"},"content":{"rendered":"<p><strong>GEL PARA INSECTOS HORSE WONDER<\/strong><\/p>\n<p>Mantiene alejados a los insectos y alivia sus picaduras<\/p>\n<p>Apl\u00edcalo seg\u00fan sea necesario. La mejor forma de aplicarlo es con una esponja h\u00fameda\/mojada <\/p>\n<p><strong>HORSE WONDER INSEKT GEL Contiene:<\/strong><\/p>\n<ul>\n<li>Aqua gel<\/li>\n<li>Lavanda<\/li>\n<li>Eucalipto<\/li>\n<li>Mentol<\/li>\n<li>Mirto lim\u00f3n<\/li>\n<li>Aceite de semillas de Nigella<\/li>\n<li>Aceite de neem<\/li>\n<\/ul>\n<p><strong>AGITAR ANTES DE USAR<\/strong><\/p>\n<p><strong>PRODUCIDO EN DINAMARCA<\/strong><\/p>\n<p><strong>POL\u00cdTICA DE DEVOLUCI\u00d3N TOTAL DE 90 D\u00cdAS<\/strong><\/p>\n","protected":false},"excerpt":{"rendered":"<p><strong>500 ml.<\/strong><\/p>\n","protected":false},"featured_media":1713,"comment_status":"open","ping_status":"closed","template":"","meta":{"inline_featured_image":false},"product_brand":[],"product_cat":[69],"product_tag":[94,134,293,294,52,263,265],"class_list":{"0":"post-2195","1":"product","2":"type-product","3":"status-publish","4":"has-post-thumbnail","6":"product_cat-hourse-wonder","7":"product_tag-caballo","8":"product_tag-caballo-2","9":"product_tag-caballos","10":"product_tag-gel-para-insectos","11":"product_tag-horse-wonder","12":"product_tag-insecto","13":"product_tag-insectos","15":"first","16":"instock","17":"taxable","18":"shipping-taxable","19":"purchasable","20":"product-type-simple"},"_links":{"self":[{"href":"https:\/\/horsewonder.dk\/es\/wp-json\/wp\/v2\/product\/2195","targetHints":{"allow":["GET"]}}],"collection":[{"href":"https:\/\/horsewonder.dk\/es\/wp-json\/wp\/v2\/product"}],"about":[{"href":"https:\/\/horsewonder.dk\/es\/wp-json\/wp\/v2\/types\/product"}],"replies":[{"embeddable":true,"href":"https:\/\/horsewonder.dk\/es\/wp-json\/wp\/v2\/comments?post=2195"}],"version-history":[{"count":0,"href":"https:\/\/horsewonder.dk\/es\/wp-json\/wp\/v2\/product\/2195\/revisions"}],"wp:featuredmedia":[{"embeddable":true,"href":"https:\/\/horsewonder.dk\/es\/wp-json\/wp\/v2\/media\/1713"}],"wp:attachment":[{"href":"https:\/\/horsewonder.dk\/es\/wp-json\/wp\/v2\/media?parent=2195"}],"wp:term":[{"taxonomy":"product_brand","embeddable":true,"href":"https:\/\/horsewonder.dk\/es\/wp-json\/wp\/v2\/product_brand?post=2195"},{"taxonomy":"product_cat","embeddable":true,"href":"https:\/\/horsewonder.dk\/es\/wp-json\/wp\/v2\/product_cat?post=2195"},{"taxonomy":"product_tag","embeddable":true,"href":"https:\/\/horsewonder.dk\/es\/wp-json\/wp\/v2\/product_tag?post=2195"}],"curies":[{"name":"wp","href":"https:\/\/api.w.org\/{rel}","templated":true}]}}