{"id":2146,"date":"2026-03-31T07:36:11","date_gmt":"2026-03-31T06:36:11","guid":{"rendered":"https:\/\/horsewonder.dk\/product\/cuidado-del-cuero-horse-wonder\/"},"modified":"2026-03-31T07:36:11","modified_gmt":"2026-03-31T06:36:11","slug":"cuidado-del-cuero-horse-wonder","status":"publish","type":"product","link":"https:\/\/horsewonder.dk\/es\/producto\/cuidado-del-cuero-horse-wonder\/","title":{"rendered":"Cuidado del cuero Horse Wonder"},"content":{"rendered":"<p>El Cuidado del Cuero Horse Wonder est\u00e1 dise\u00f1ado para prolongar la vida \u00fatil y mantener el aspecto de todos los equipos fabricados con cuero aut\u00e9ntico y artificial, as\u00ed como con todo tipo de maderas. Tanto si se utiliza para el equipamiento ecuestre como para el propio vestuario del jinete, ofrece un cuidado eficaz y suave. Combinando ingredientes naturales como el aceite de coco, el aceite de lanolina y la cera de abeja, limpia y protege a la vez que realza las cualidades naturales del cuero y la madera. Este vers\u00e1til cuidado del cuero restaura el color original del cuero te\u00f1ido y protege contra los da\u00f1os del agua, la suciedad y la luz solar. Horse Wonder es la elecci\u00f3n perfecta tanto para el jinete como para el equipo del caballo, y con un uso regular puede ayudar a mantener tus productos de cuero y madera en las mejores condiciones, independientemente del tiempo o el desgaste. El Cuidado del Cuero Horse Wonder proporciona un aspecto cuidado y deja un acabado entre sedoso y semibrillante, seg\u00fan la superficie.     <\/p>\n<h4>Especialmente bueno para:<\/h4>\n<ul>\n<li>Sillas de montar, cabestros y otros equipos de equitaci\u00f3n<\/li>\n<li>Cuero aut\u00e9ntico y artificial (zapatos, bolsos, chaquetas, etc.)<\/li>\n<li>Superficies de madera (muebles, equipos)<\/li>\n<li>Protecci\u00f3n contra las marcas de sal en los zapatos<\/li>\n<li>Resalta el color de la piel te\u00f1ida<\/li>\n<li>Repele el agua y la suciedad<\/li>\n<\/ul>\n<p>&nbsp;<\/p>\n<h2>Ingredientes:<\/h2>\n<p><strong>Aceite de Cocos Nucifera<\/strong> <em>(Aceite de Coco):<\/em> Propiedades hidratantes y nutritivas, por lo que es ideal para suavizar el cuero y la madera, a la vez que protege contra la sequedad<\/p>\n<p><strong>Lanolina<\/strong> <em>(aceite de lanolina):<\/em> Cera natural de lana de oveja. Excelente para penetrar en la superficie del cuero, donde proporciona una protecci\u00f3n profunda y restaura la flexibilidad <\/p>\n<p><strong>Cera Alba<\/strong><em> (cera de abejas):<\/em> Crea una barrera hidr\u00f3fuga que protege de la humedad al tiempo que proporciona al cuero una superficie pulida y hermosa<\/p>\n<p>&nbsp;<\/p>\n<h2>Aplicaci\u00f3n:<\/h2>\n<ol>\n<li>Con una esponja suave y firme, \u00fantala ligeramente con Horse Wonder Leather Care (guarda el producto, con un poco es suficiente)<\/li>\n<li>Aplica una capa lo m\u00e1s fina posible en la zona deseada<\/li>\n<li>No hay tiempo de secado; el equipo puede utilizarse inmediatamente despu\u00e9s de la aplicaci\u00f3n<\/li>\n<\/ol>\n<p>&nbsp;<\/p>\n<h4>Util\u00edzalo con otros productos de cuidado:<\/h4>\n<p>El Cuidado del Cuero Horse Wonder act\u00faa como limpiador y abrillantador en un solo paso, por lo que es ideal para retoques r\u00e1pidos o mantenimiento a fondo.<\/p>\n<p>Horse Wonder puede combinarse con otros productos de cuidado y limpieza, como por ejemplo<a href=\"https:\/\/hocl.dk\/product\/horse-wonder\/horse-wonder-rensesaebe\/\"> Jab\u00f3n Limpiador Horse Wonder<\/a>, <a href=\"https:\/\/hocl.dk\/product\/wonder-clean\/universal-rensesaebe-150gram\/\">Jab\u00f3n Limpiador Univeral<\/a>, sin ning\u00fan problema. Sin embargo, siempre se recomienda aplicar Horse Wonder como \u00faltimo paso de la rutina de cuidado para sellar el cuero y garantizar una protecci\u00f3n \u00f3ptima. <\/p>\n<p>&nbsp;<\/p>\n<h2>Recomendaciones para un uso seguro:<\/h2>\n<ul>\n<li>Prueba el producto en una zona peque\u00f1a e invisible antes de utilizarlo en superficies m\u00e1s grandes, especialmente en materiales delicados o nuevos (por ejemplo, el dorso o el borde)<\/li>\n<li>Mantener fuera del alcance de ni\u00f1os y animales<\/li>\n<li>Evitar el contacto con los ojos. En caso de contacto, aclarar abundantemente con agua. <\/li>\n<li>Util\u00edzalo sobre superficies limpias y secas para un efecto \u00f3ptimo<\/li>\n<\/ul>\n<p><strong>Gu\u00e1rdalo seco, a temperatura ambiente y alejado de la luz solar directa.  <\/strong><\/p>\n","protected":false},"excerpt":{"rendered":"<p>250 ml<\/p>\n","protected":false},"featured_media":1560,"comment_status":"open","ping_status":"closed","template":"","meta":{"inline_featured_image":false},"product_brand":[],"product_cat":[69],"product_tag":[94,276,277,52,114],"class_list":{"0":"post-2146","1":"product","2":"type-product","3":"status-publish","4":"has-post-thumbnail","6":"product_cat-hourse-wonder","7":"product_tag-caballo","8":"product_tag-cuero","9":"product_tag-cuidado-del-cuero","10":"product_tag-horse-wonder","11":"product_tag-wonder","13":"first","14":"instock","15":"taxable","16":"shipping-taxable","17":"purchasable","18":"product-type-simple"},"_links":{"self":[{"href":"https:\/\/horsewonder.dk\/es\/wp-json\/wp\/v2\/product\/2146","targetHints":{"allow":["GET"]}}],"collection":[{"href":"https:\/\/horsewonder.dk\/es\/wp-json\/wp\/v2\/product"}],"about":[{"href":"https:\/\/horsewonder.dk\/es\/wp-json\/wp\/v2\/types\/product"}],"replies":[{"embeddable":true,"href":"https:\/\/horsewonder.dk\/es\/wp-json\/wp\/v2\/comments?post=2146"}],"version-history":[{"count":0,"href":"https:\/\/horsewonder.dk\/es\/wp-json\/wp\/v2\/product\/2146\/revisions"}],"wp:featuredmedia":[{"embeddable":true,"href":"https:\/\/horsewonder.dk\/es\/wp-json\/wp\/v2\/media\/1560"}],"wp:attachment":[{"href":"https:\/\/horsewonder.dk\/es\/wp-json\/wp\/v2\/media?parent=2146"}],"wp:term":[{"taxonomy":"product_brand","embeddable":true,"href":"https:\/\/horsewonder.dk\/es\/wp-json\/wp\/v2\/product_brand?post=2146"},{"taxonomy":"product_cat","embeddable":true,"href":"https:\/\/horsewonder.dk\/es\/wp-json\/wp\/v2\/product_cat?post=2146"},{"taxonomy":"product_tag","embeddable":true,"href":"https:\/\/horsewonder.dk\/es\/wp-json\/wp\/v2\/product_tag?post=2146"}],"curies":[{"name":"wp","href":"https:\/\/api.w.org\/{rel}","templated":true}]}}