{"id":2135,"date":"2026-04-01T11:53:35","date_gmt":"2026-04-01T10:53:35","guid":{"rendered":"https:\/\/horsewonder.dk\/product\/roll-on-contra-insectos\/"},"modified":"2026-04-01T11:53:35","modified_gmt":"2026-04-01T10:53:35","slug":"roll-on-contra-insectos","status":"publish","type":"product","link":"https:\/\/horsewonder.dk\/es\/producto\/roll-on-contra-insectos\/","title":{"rendered":"Roll-On contra insectos"},"content":{"rendered":"<h1>Insecticida Roll-On (60 ml) para caballos<\/h1>\n<p>Insectos como jejenes, t\u00e1banos y avispas, as\u00ed como garrapatas, \u00e1caros y garrapatas, pueden ser muy molestos e inc\u00f3modos para los caballos. Adem\u00e1s de picor e irritaci\u00f3n, pueden causar hinchaz\u00f3n e incluso reacciones al\u00e9rgicas en algunos caballos. Por eso es importante proteger a tu caballo de estos insectos, sobre todo durante los meses m\u00e1s c\u00e1lidos.  <\/p>\n<p>Insect Roll-On es un producto 100% natural dise\u00f1ado para proteger a los caballos, al que hemos a\u00f1adido ingredientes que son especialmente desagradables para los insectos, pero que siguen teniendo un olor agradable para los humanos.<\/p>\n<p>Insect Roll-On ayuda a mantener alejados a casi todos los tipos de insectos, reduciendo las molestas picaduras y mordeduras de insectos. Tambi\u00e9n puede aliviar el picor y la irritaci\u00f3n causados por las picaduras de insectos. <\/p>\n<h2>\u00bfC\u00f3mo funciona Insect Roll-On?<\/h2>\n<h3>Protecci\u00f3n antes del ataque:<\/h3>\n<p>Insect Roll-On tiene un olor y un sabor desagradables para los insectos, lo que ayuda a evitar que muerdan y piquen a tu caballo. Esto hace que Insect Roll-On sea ideal para utilizar cuando el caballo est\u00e1 en el exterior, como durante el entrenamiento, en el prado o en competiciones. <\/p>\n<h3>Alivio tras un ataque:<\/h3>\n<p>Si a tu caballo ya le han picado o mordido, Insect Roll-On tambi\u00e9n puede ayudar a aliviar las molestias y el picor. El efecto refrescante de Insect Roll-On es tan eficaz que tambi\u00e9n puede proporcionar un alivio instant\u00e1neo y reducir el picor. <\/p>\n<h3>Protecci\u00f3n de establos y otras zonas:<\/h3>\n<p>Insect Roll-On tambi\u00e9n puede utilizarse para prevenir los insectos en las zonas donde viven los caballos, como establos y cobertizos. Aplica Roll-On directamente en las zonas afectadas o en las zonas donde suelen congregarse los insectos para evitar que entren o hacer que desaparezcan. En verano, las zonas donde duerme o permanece el caballo tambi\u00e9n pueden tratarse para mantener alejados a los mosquitos y otros insectos.  <\/p>\n<h2>Ingredientes:<\/h2>\n<p>- <strong>Aqua Gel:<\/strong> La base que lleva los dem\u00e1s ingredientes.<br \/>\n- <strong>Lavanda:<\/strong> Repele mosquitos, moscas y pulgas con su olor.<br \/>\n- <strong>Eucalipto:<\/strong> Repele los mosquitos y las garrapatas gracias a su fuerte olor.<br \/>\n- <strong>Mentol:<\/strong> Crea un efecto refrescante y tiene un fuerte aroma que mantiene alejados a los insectos.<br \/>\n- Mirto <strong>lim\u00f3n:<\/strong> El aroma a lim\u00f3n del mirto lim\u00f3n ayuda a repeler a los mosquitos.<br \/>\n- <strong>Aceite de semillas de Nigella:<\/strong> Conocido por repeler diversos insectos.<br \/>\n- <strong>Aceite de Neem:<\/strong> Altera el sistema hormonal de los insectos, reduciendo su reproducci\u00f3n.<br \/>\n- <strong>Ramita de Amarum:<\/strong> Conocida por su sabor incre\u00edblemente amargo, que repele a las cuchillas, los t\u00e1banos y las avispas, as\u00ed como a las garrapatas, los \u00e1caros y los chinches.<\/p>\n<p>Insect Roll-On para caballos es la soluci\u00f3n ideal para mantener a tu caballo protegido y c\u00f3modo, libre de insectos molestos y potencialmente da\u00f1inos.<\/p>\n","protected":false},"excerpt":{"rendered":"<p><strong>60 ml<\/strong><\/p>\n","protected":false},"featured_media":1649,"comment_status":"open","ping_status":"closed","template":"","meta":{"inline_featured_image":false},"product_brand":[],"product_cat":[69],"product_tag":[177,179,263,265,264,266,267],"class_list":{"0":"post-2135","1":"product","2":"type-product","3":"status-publish","4":"has-post-thumbnail","6":"product_cat-hourse-wonder","7":"product_tag-error","8":"product_tag-fuera-bichos","9":"product_tag-insecto","10":"product_tag-insectos","11":"product_tag-pulverizador-contra-insectos-2","12":"product_tag-repelente-de-insectos-2","13":"product_tag-spray-antimosquitos","15":"first","16":"instock","17":"taxable","18":"shipping-taxable","19":"purchasable","20":"product-type-simple"},"_links":{"self":[{"href":"https:\/\/horsewonder.dk\/es\/wp-json\/wp\/v2\/product\/2135","targetHints":{"allow":["GET"]}}],"collection":[{"href":"https:\/\/horsewonder.dk\/es\/wp-json\/wp\/v2\/product"}],"about":[{"href":"https:\/\/horsewonder.dk\/es\/wp-json\/wp\/v2\/types\/product"}],"replies":[{"embeddable":true,"href":"https:\/\/horsewonder.dk\/es\/wp-json\/wp\/v2\/comments?post=2135"}],"version-history":[{"count":0,"href":"https:\/\/horsewonder.dk\/es\/wp-json\/wp\/v2\/product\/2135\/revisions"}],"wp:featuredmedia":[{"embeddable":true,"href":"https:\/\/horsewonder.dk\/es\/wp-json\/wp\/v2\/media\/1649"}],"wp:attachment":[{"href":"https:\/\/horsewonder.dk\/es\/wp-json\/wp\/v2\/media?parent=2135"}],"wp:term":[{"taxonomy":"product_brand","embeddable":true,"href":"https:\/\/horsewonder.dk\/es\/wp-json\/wp\/v2\/product_brand?post=2135"},{"taxonomy":"product_cat","embeddable":true,"href":"https:\/\/horsewonder.dk\/es\/wp-json\/wp\/v2\/product_cat?post=2135"},{"taxonomy":"product_tag","embeddable":true,"href":"https:\/\/horsewonder.dk\/es\/wp-json\/wp\/v2\/product_tag?post=2135"}],"curies":[{"name":"wp","href":"https:\/\/api.w.org\/{rel}","templated":true}]}}