{"id":2115,"date":"2026-04-01T12:03:17","date_gmt":"2026-04-01T11:03:17","guid":{"rendered":"https:\/\/horsewonder.dk\/product\/jabon-limpiador-maravilla-de-caballo\/"},"modified":"2026-04-01T12:03:17","modified_gmt":"2026-04-01T11:03:17","slug":"jabon-limpiador-maravilla-de-caballo","status":"publish","type":"product","link":"https:\/\/horsewonder.dk\/es\/producto\/jabon-limpiador-maravilla-de-caballo\/","title":{"rendered":"Jab\u00f3n Limpiador Maravilla de Caballo"},"content":{"rendered":"<h1>Jab\u00f3n Limpiador Maravilla de Caballo<\/h1>\n<h2>Limpieza eficaz para caballos y equipos<\/h2>\n<p>El jab\u00f3n limpiador Horse Wonder es la soluci\u00f3n ideal para limpiar caballos y equipos. Este jab\u00f3n suave pero potente est\u00e1 hecho a medida para mantener la piel de tu caballo sana y en las mejores condiciones. <\/p>\n<p>&nbsp;<\/p>\n<h3><strong>Lo que el Jab\u00f3n Limpiador Maravilla de Caballo puede hacer por ti:<\/strong><\/h3>\n<ul>\n<li><strong>Limpieza de la piel inflamada y seca<\/strong> Nuestra f\u00f3rmula limpiadora est\u00e1 especialmente formulada para aliviar la inflamaci\u00f3n e hidratar la piel seca de los caballos. Esto es esencial para mantener el confort y el bienestar de tu caballo. <\/li>\n<li><strong>Eliminaci\u00f3n eficaz del moho:<\/strong> Junto con nuestra Pomada Universal, el Jab\u00f3n Limpiador Maravilla de Caballos es tu mejor amigo en la lucha contra el moho. Elimina y previene eficazmente esta molesta molestia. <\/li>\n<li><strong>Limpieza suave de sillas de montar y arneses:<\/strong> Nuestro jab\u00f3n no es s\u00f3lo para caballos, sino tambi\u00e9n para limpiar tu equipo. Util\u00edzalo con una esponja y agua tibia para mantener tu equipo en perfectas condiciones. <\/li>\n<\/ul>\n<p>&nbsp;<\/p>\n<h3><strong>Ingrediente clave:<\/strong><\/h3>\n<div class=\"flex-1 overflow-hidden\">\n<div class=\"react-scroll-to-bottom--css-cbcem-79elbk h-full dark:bg-gray-800\">\n<div class=\"react-scroll-to-bottom--css-cbcem-1n7m0yu\">\n<div class=\"flex flex-col text-sm dark:bg-gray-800\">\n<div class=\"group w-full text-token-text-primary border-b border-black\/10 dark:border-gray-900\/50 bg-gray-50 dark:bg-[#444654]\" data-testid=\"conversation-turn-195\">\n<div class=\"p-4 justify-center text-base md:gap-6 md:py-6 m-auto\">\n<div class=\"flex flex-1 gap-4 text-base mx-auto md:gap-6 md:max-w-2xl lg:max-w-[38rem] xl:max-w-3xl }\">\n<div class=\"relative flex w-[calc(100%-50px)] flex-col gap-1 md:gap-3 lg:w-[calc(100%-115px)]\">\n<div class=\"flex flex-grow flex-col gap-3 max-w-full\">\n<div class=\"min-h-[20px] flex flex-col items-start gap-3 overflow-x-auto whitespace-pre-wrap break-words\">\n<div class=\"markdown prose w-full break-words dark:prose-invert light\">\n<p>Nuestro jab\u00f3n contiene una mezcla de aceite de coco y de palmiste que limpia a fondo pero con suavidad.<\/p>\n<p>El jab\u00f3n limpiador Horse Wonder proporciona una soluci\u00f3n de limpieza vers\u00e1til tanto para tu caballo como para tu equipo. Mantiene la piel de tu caballo sana y sin inflamaciones y elimina eficazmente el moho del establo. Tambi\u00e9n es adecuado para limpiar sillas de montar y arneses.  <\/p>\n<p>Si tienes alguna pregunta sobre nuestro producto, puedes ponerte en contacto con nosotros en <a href=\"mailto:info@hocl.dk\" target=\"_new\" rel=\"noopener\">info@hocl.dk<\/a> o llamarnos al tel.: +45 <a href=\"tel:+4571999669\">71 99 96 69<\/a>.<\/p>\n<p>Elige el Jab\u00f3n Limpiador Horse Wonder: para un caballo feliz y sano y un equipo en buen estado. Se presenta en un pr\u00e1ctico envase de 100 ml. <\/p>\n<\/div>\n<\/div>\n<\/div>\n<\/div>\n<\/div>\n<\/div>\n<\/div>\n<\/div>\n<\/div>\n<\/div>\n<\/div>\n","protected":false},"excerpt":{"rendered":"<p><strong>100 ml<\/strong><\/p>\n","protected":false},"featured_media":1655,"comment_status":"open","ping_status":"closed","template":"","meta":{"inline_featured_image":false},"product_brand":[],"product_cat":[69],"product_tag":[52,259,258,257],"class_list":{"0":"post-2115","1":"product","2":"type-product","3":"status-publish","4":"has-post-thumbnail","6":"product_cat-hourse-wonder","7":"product_tag-horse-wonder","8":"product_tag-https-hocl-dk-vare-tag-rense-saebe","9":"product_tag-jabon-limpiador-maravilla-de-caballo","10":"product_tag-jabon-para-caballos","12":"first","13":"instock","14":"taxable","15":"shipping-taxable","16":"purchasable","17":"product-type-simple"},"_links":{"self":[{"href":"https:\/\/horsewonder.dk\/es\/wp-json\/wp\/v2\/product\/2115","targetHints":{"allow":["GET"]}}],"collection":[{"href":"https:\/\/horsewonder.dk\/es\/wp-json\/wp\/v2\/product"}],"about":[{"href":"https:\/\/horsewonder.dk\/es\/wp-json\/wp\/v2\/types\/product"}],"replies":[{"embeddable":true,"href":"https:\/\/horsewonder.dk\/es\/wp-json\/wp\/v2\/comments?post=2115"}],"version-history":[{"count":0,"href":"https:\/\/horsewonder.dk\/es\/wp-json\/wp\/v2\/product\/2115\/revisions"}],"wp:featuredmedia":[{"embeddable":true,"href":"https:\/\/horsewonder.dk\/es\/wp-json\/wp\/v2\/media\/1655"}],"wp:attachment":[{"href":"https:\/\/horsewonder.dk\/es\/wp-json\/wp\/v2\/media?parent=2115"}],"wp:term":[{"taxonomy":"product_brand","embeddable":true,"href":"https:\/\/horsewonder.dk\/es\/wp-json\/wp\/v2\/product_brand?post=2115"},{"taxonomy":"product_cat","embeddable":true,"href":"https:\/\/horsewonder.dk\/es\/wp-json\/wp\/v2\/product_cat?post=2115"},{"taxonomy":"product_tag","embeddable":true,"href":"https:\/\/horsewonder.dk\/es\/wp-json\/wp\/v2\/product_tag?post=2115"}],"curies":[{"name":"wp","href":"https:\/\/api.w.org\/{rel}","templated":true}]}}