{"id":2103,"date":"2026-04-01T12:13:16","date_gmt":"2026-04-01T11:13:16","guid":{"rendered":"https:\/\/horsewonder.dk\/product\/gel-hielo-caliente-horse-wonder\/"},"modified":"2026-04-01T12:13:16","modified_gmt":"2026-04-01T11:13:16","slug":"gel-hielo-caliente-horse-wonder","status":"publish","type":"product","link":"https:\/\/horsewonder.dk\/es\/producto\/gel-hielo-caliente-horse-wonder\/","title":{"rendered":"Gel Hielo Caliente Horse Wonder"},"content":{"rendered":"<h1>Gel Hielo Caliente Horse Wonder<\/h1>\n<h3>tu aliado natural en la lucha contra las articulaciones y los m\u00fasculos doloridos.<\/h3>\n<p>Nuestro gel a base de agua se crea con cuidado y contiene ingredientes cuidadosamente seleccionados, como aceite de eucalipto, menta japonesa, mentol y alcanfor sin fragancia, que act\u00faan en armon\u00eda para aliviar el dolor y aumentar el confort.<\/p>\n<p><strong>Enfr\u00eda y calienta al mismo tiempo<\/strong><\/p>\n<p>Este original gel azul es conocido por su versatilidad y eficacia. Proporciona una combinaci\u00f3n \u00fanica de efectos calor\u00edficos y refrescantes que penetra profundamente en la piel, aliviando la miositis, el dolor de la artritis, los esguinces y las distensiones. Tambi\u00e9n puede ayudar a prevenir lesiones y promover un estilo de vida sano y activo.  <\/p>\n<p><strong>Hecho para uso externo<\/strong><\/p>\n<p>El Gel Hielo Caliente Horse Wonder est\u00e1 dise\u00f1ado para uso externo y es f\u00e1cil de aplicar. Puede utilizarse como parte de tu rutina diaria para aliviar el dolor o seg\u00fan sea necesario cuando aparezcan agujetas y molestias. Para mayor beneficio, agita el frasco antes de usarlo.  <\/p>\n<p><strong>Pru\u00e9balo hoy<\/strong><\/p>\n<p>Estamos orgullosos de ofrecer un producto que no s\u00f3lo ayuda a aliviar el dolor, sino que tambi\u00e9n fomenta el bienestar y la actividad. Nuestro Gel de Hielo Caliente es tu socio de confianza para mantener una vida activa, libre de dolor y molestias. Recuerda evitar el contacto con los ojos y, si el producto entra en contacto con ellos, acl\u00e1ralos abundantemente con agua.  <\/p>\n","protected":false},"excerpt":{"rendered":"<p><strong>250 ml<\/strong><\/p>\n","protected":false},"featured_media":1677,"comment_status":"open","ping_status":"closed","template":"","meta":{"inline_featured_image":false},"product_brand":[],"product_cat":[69],"product_tag":[94,245,247,246],"class_list":{"0":"post-2103","1":"product","2":"type-product","3":"status-publish","4":"has-post-thumbnail","6":"product_cat-hourse-wonder","7":"product_tag-caballo","8":"product_tag-congelar","9":"product_tag-gel-de-hielo-caliente","10":"product_tag-horsewonder","12":"first","13":"instock","14":"taxable","15":"shipping-taxable","16":"purchasable","17":"product-type-simple"},"_links":{"self":[{"href":"https:\/\/horsewonder.dk\/es\/wp-json\/wp\/v2\/product\/2103","targetHints":{"allow":["GET"]}}],"collection":[{"href":"https:\/\/horsewonder.dk\/es\/wp-json\/wp\/v2\/product"}],"about":[{"href":"https:\/\/horsewonder.dk\/es\/wp-json\/wp\/v2\/types\/product"}],"replies":[{"embeddable":true,"href":"https:\/\/horsewonder.dk\/es\/wp-json\/wp\/v2\/comments?post=2103"}],"version-history":[{"count":0,"href":"https:\/\/horsewonder.dk\/es\/wp-json\/wp\/v2\/product\/2103\/revisions"}],"wp:featuredmedia":[{"embeddable":true,"href":"https:\/\/horsewonder.dk\/es\/wp-json\/wp\/v2\/media\/1677"}],"wp:attachment":[{"href":"https:\/\/horsewonder.dk\/es\/wp-json\/wp\/v2\/media?parent=2103"}],"wp:term":[{"taxonomy":"product_brand","embeddable":true,"href":"https:\/\/horsewonder.dk\/es\/wp-json\/wp\/v2\/product_brand?post=2103"},{"taxonomy":"product_cat","embeddable":true,"href":"https:\/\/horsewonder.dk\/es\/wp-json\/wp\/v2\/product_cat?post=2103"},{"taxonomy":"product_tag","embeddable":true,"href":"https:\/\/horsewonder.dk\/es\/wp-json\/wp\/v2\/product_tag?post=2103"}],"curies":[{"name":"wp","href":"https:\/\/api.w.org\/{rel}","templated":true}]}}