{"id":1832,"date":"2026-04-03T11:52:15","date_gmt":"2026-04-03T10:52:15","guid":{"rendered":"https:\/\/horsewonder.dk\/product\/spray-respiratorio\/"},"modified":"2026-04-03T11:52:58","modified_gmt":"2026-04-03T10:52:58","slug":"spray-respiratorio","status":"publish","type":"product","link":"https:\/\/horsewonder.dk\/es\/producto\/spray-respiratorio\/","title":{"rendered":"Spray respiratorio"},"content":{"rendered":"<h1>Spray para el aliento Horse Wonder<br \/>\nLibera a tu caballo de los problemas respiratorios<\/h1>\n<p>El spray para el aliento Horse Wonder es tu respuesta natural para combatir los problemas respiratorios de los caballos. Nuestro <strong>producto 100% natural<\/strong> ha sido cuidadosamente desarrollado para dar a tu caballo la libertad que se merece frente a los desagradables s\u00edntomas asociados a las dificultades respiratorias. <\/p>\n<h2>Soluci\u00f3n fiable<\/h2>\n<p>El Spray para el aliento Horse Wonder no es s\u00f3lo una promesa; es una garant\u00eda. Respaldamos nuestro producto al 100% y ofrecemos una garant\u00eda de devoluci\u00f3n del dinero si no experimentas el efecto deseado. Estamos decididos a mejorar la respiraci\u00f3n de tu caballo y, por tanto, su calidad de vida.  <\/p>\n<h3>Ingredientes naturales<\/h3>\n<p>Hemos formulado el Spray para el Aliento Maravilla de Caballo con ingredientes naturales cuidadosamente seleccionados que act\u00faan en armon\u00eda con el cuerpo de tu caballo. Nuestra f\u00f3rmula contiene un gel a base de agua enriquecido con aceite de eucalipto, menta japonesa, mentol, alcanfor sin perfume y lavanda. Estos ingredientes son conocidos por sus propiedades calmantes y respiratorias, y son suaves con la piel de tu caballo.  <\/p>\n<h3>Uso seguro<\/h3>\n<p>El Spray Respiratorio Maravilla para Caballos est\u00e1 dise\u00f1ado para uso externo y debe aplicarse en el pecho y el cuello del caballo para conseguir un efecto \u00f3ptimo. Recomendamos agitar el producto antes de usarlo. Si entra accidentalmente en los ojos, acl\u00e1ralos bien con agua.  <\/p>\n<h3>Almacenamiento<\/h3>\n<p>Para obtener el mejor efecto posible, se recomienda guardar el Spray para el Aliento de Caballo Maravilla en el frigor\u00edfico.<\/p>\n<p>El spray respiratorio Horse Wonder es la clave para que tu caballo recupere la libertad de los problemas respiratorios. Pru\u00e9balo hoy mismo y experimenta un cambio en el bienestar de tu caballo. <\/p>\n","protected":false},"excerpt":{"rendered":"<p><strong>500 ml<\/strong><\/p>\n","protected":false},"featured_media":1834,"comment_status":"open","ping_status":"closed","template":"","meta":{"inline_featured_image":false},"product_brand":[],"product_cat":[69],"product_tag":[177,179,181,185,183],"class_list":{"0":"post-1832","1":"product","2":"type-product","3":"status-publish","4":"has-post-thumbnail","6":"product_cat-hourse-wonder","7":"product_tag-error","8":"product_tag-fuera-bichos","9":"product_tag-mosquitos","10":"product_tag-pulverizador-contra-insectos","11":"product_tag-repelente-de-insectos","13":"first","14":"instock","15":"taxable","16":"shipping-taxable","17":"purchasable","18":"product-type-simple"},"_links":{"self":[{"href":"https:\/\/horsewonder.dk\/es\/wp-json\/wp\/v2\/product\/1832","targetHints":{"allow":["GET"]}}],"collection":[{"href":"https:\/\/horsewonder.dk\/es\/wp-json\/wp\/v2\/product"}],"about":[{"href":"https:\/\/horsewonder.dk\/es\/wp-json\/wp\/v2\/types\/product"}],"replies":[{"embeddable":true,"href":"https:\/\/horsewonder.dk\/es\/wp-json\/wp\/v2\/comments?post=1832"}],"version-history":[{"count":1,"href":"https:\/\/horsewonder.dk\/es\/wp-json\/wp\/v2\/product\/1832\/revisions"}],"predecessor-version":[{"id":1843,"href":"https:\/\/horsewonder.dk\/es\/wp-json\/wp\/v2\/product\/1832\/revisions\/1843"}],"wp:featuredmedia":[{"embeddable":true,"href":"https:\/\/horsewonder.dk\/es\/wp-json\/wp\/v2\/media\/1834"}],"wp:attachment":[{"href":"https:\/\/horsewonder.dk\/es\/wp-json\/wp\/v2\/media?parent=1832"}],"wp:term":[{"taxonomy":"product_brand","embeddable":true,"href":"https:\/\/horsewonder.dk\/es\/wp-json\/wp\/v2\/product_brand?post=1832"},{"taxonomy":"product_cat","embeddable":true,"href":"https:\/\/horsewonder.dk\/es\/wp-json\/wp\/v2\/product_cat?post=1832"},{"taxonomy":"product_tag","embeddable":true,"href":"https:\/\/horsewonder.dk\/es\/wp-json\/wp\/v2\/product_tag?post=1832"}],"curies":[{"name":"wp","href":"https:\/\/api.w.org\/{rel}","templated":true}]}}