{"id":1451,"date":"2026-03-31T07:09:57","date_gmt":"2026-03-31T06:09:57","guid":{"rendered":"https:\/\/horsewonder.dk\/product\/wonder-cooling-body-wrap\/"},"modified":"2026-03-31T07:09:57","modified_gmt":"2026-03-31T06:09:57","slug":"wonder-cooling-body-wrap","status":"publish","type":"product","link":"https:\/\/horsewonder.dk\/es\/producto\/wonder-cooling-body-wrap\/","title":{"rendered":"Wonder Cooling Body Wrap"},"content":{"rendered":"<h2><strong>Wonder Cooling Body Wrap<\/strong><\/h2>\n<h3><strong>talla 60\u2033 x 63\u2033<\/strong><\/h3>\n<p>\u00a1El revolucionario nuevo producto para atletas humanos ya est\u00e1 disponible para nuestros atletas de cuatro patas! La tecnolog\u00eda textil utiliza un material hiper-evaporativo avanzado. Al activarse, la manta puede estar hasta 22 \u00baC m\u00e1s fr\u00eda que la temperatura ambiente y reducir la temperatura corporal de su caballo. \u00a1El efecto refrescante puede durar horas! El agua es absorbida por el tejido multifibra, que regula el tiempo que tarda en evaporarse, proporcionando un efecto refrescante duradero. Fant\u00e1stico para el jinete recreativo que desea mejorar el confort del caballo; excelente para disciplinas competitivas al proporcionar una reducci\u00f3n R\u00c1PIDA pero SEGURA de la temperatura corporal central. Terapia perfecta para la recuperaci\u00f3n muscular tras el esfuerzo, el transporte, la anhidrosis y otros problemas relacionados con el calor.      <\/p>\n<p>&nbsp;<\/p>\n<p><strong>C\u00d3MO USAR WONDER COOLING BODY WRAP:<\/strong><\/p>\n<ol>\n<li>Coloque la manta sobre el caballo con el lado abultado hacia abajo<\/li>\n<li>Abroche las correas del pecho (pero d\u00e9jelas holgadas para permitir el movimiento)<\/li>\n<li>Abroche la solapa abdominal<\/li>\n<li>Roc\u00ede ligeramente la solapa con el ajuste de niebla sobre el caballo o con un pulverizador. Para obtener resultados \u00f3ptimos, levante la manta y roc\u00ede tambi\u00e9n la parte inferior. \u00a1Tenga cuidado de no sobresaturar la manta!  <\/li>\n<li>Use agua a cualquier temperatura de cualquier fuente y coloque la manta en su caballo sin supervisi\u00f3n<\/li>\n<li>Simplemente empiece a caminar con su caballo para que el aire pase por encima, o agite ligeramente los laterales de la manta para activar el enfriamiento<\/li>\n<li>Para prolongar el tiempo de enfriamiento, solo tiene que humedecer la manta rociando ligeramente con el ajuste de niebla de una manguera o usando un pulverizador con cualquier fuente de agua disponible. Se puede aplicar agua y la manta enfriar\u00e1 durante la evaporaci\u00f3n. Tenga cuidado de no empapar la manta con demasiada agua de una sola vez. El peso del agua en la manta reducir\u00e1 la circulaci\u00f3n de aire, que es crucial para el proceso de enfriamiento de la manta   <\/li>\n<\/ol>\n<p>&nbsp;<\/p>\n<h2><strong>INSTRUCCIONES DE CUIDADO:<\/strong><\/h2>\n<ul>\n<li>Aclare antes y despu\u00e9s de cada uso.<\/li>\n<li>Al terminar el uso, mientras est\u00e9 h\u00fameda, d\u00f3blela y col\u00f3quela en el embalaje original o en cualquier recipiente que pueda sellarse. Si no se va a usar en m\u00e1s de 3-4 semanas, d\u00f3blela mientras est\u00e9 h\u00fameda y deje que se seque por completo antes de guardarla. No doble la manta cuando est\u00e9 r\u00edgida; simplemente humed\u00e9zcala para ablandarla  <\/li>\n<li>Lavar a m\u00e1quina o a mano por separado con jab\u00f3n o detergente suave. No ponga la manta en la secadora <\/li>\n<\/ul>\n<p>&nbsp;<\/p>\n<h2><strong>\u00a1EL ENFRIAMIENTO DURA HORAS!<\/strong><\/h2>\n<p>Incluso con altas temperaturas, proporciona HUMEDAD continua durante todo el d\u00eda. No se requiere refrigeraci\u00f3n ni electricidad. Simplemente humedezca y agite. \u00a1Fant\u00e1stico siempre que su caballo necesite enfriarse! Recuperaci\u00f3n tras la competici\u00f3n, equitaci\u00f3n recreativa con calor, anhidrosis y otras lesiones relacionadas con el calor.    <\/p>\n<ul>\n<li>La manta no est\u00e1 destinada a tratar afecciones m\u00e9dicas m\u00e1s all\u00e1 de ofrecer alivio. By Wonder no asume ninguna responsabilidad por da\u00f1os causados por el uso indebido del producto. <\/li>\n<li>By Wonder solo se hace responsable de los costes de sustituci\u00f3n del producto.<\/li>\n<li>Advertencia: Nunca deje a su caballo sin supervisi\u00f3n mientras lleve las mantas refrigerantes Horse Wonder, ya que el tejido, las correas y las hebillas pueden suponer un riesgo de asfixia o provocar una obstrucci\u00f3n si se ingieren.<\/li>\n<\/ul>\n<p>SE PUEDE USAR CON SALES DE EPSOM O LINIMENTOS<\/p>\n<p>RECUPERACI\u00d3N M\u00c1S R\u00c1PIDA TRAS EL ESFUERZO<\/p>\n<p>SIN REFRIGERACI\u00d3N, ELECTRICIDAD NI GEL LAVABLE A M\u00c1QUINA Y REUTILIZABLE<\/p>\n","protected":false},"excerpt":{"rendered":"<p>60\u2033 x 63\u2033<br \/>\nWonder horse Cooling es un producto revolucionario para caballos. La tecnolog\u00eda textil utiliza un material hiper-evaporativo avanzado. Fant\u00e1stico para el jinete recreativo que desea mejorar el confort del caballo; excelente para disciplinas competitivas al proporcionar una reducci\u00f3n R\u00c1PIDA pero SEGURA de la temperatura corporal central. Terapia perfecta para la recuperaci\u00f3n muscular tras el esfuerzo, el transporte, la anhidrosis y otros problemas relacionados con el calor.   <\/p>\n","protected":false},"featured_media":1432,"comment_status":"open","ping_status":"closed","template":"","meta":{"inline_featured_image":false},"product_brand":[],"product_cat":[69],"product_tag":[123,134,94,52,124],"class_list":{"0":"post-1451","1":"product","2":"type-product","3":"status-publish","4":"has-post-thumbnail","6":"product_cat-hourse-wonder","7":"product_tag-body-wrap","8":"product_tag-caballo-2","9":"product_tag-caballo","10":"product_tag-horse-wonder","11":"product_tag-wonder-cooling-body-wrap","13":"first","14":"instock","15":"taxable","16":"shipping-taxable","17":"purchasable","18":"product-type-simple"},"_links":{"self":[{"href":"https:\/\/horsewonder.dk\/es\/wp-json\/wp\/v2\/product\/1451","targetHints":{"allow":["GET"]}}],"collection":[{"href":"https:\/\/horsewonder.dk\/es\/wp-json\/wp\/v2\/product"}],"about":[{"href":"https:\/\/horsewonder.dk\/es\/wp-json\/wp\/v2\/types\/product"}],"replies":[{"embeddable":true,"href":"https:\/\/horsewonder.dk\/es\/wp-json\/wp\/v2\/comments?post=1451"}],"version-history":[{"count":0,"href":"https:\/\/horsewonder.dk\/es\/wp-json\/wp\/v2\/product\/1451\/revisions"}],"wp:featuredmedia":[{"embeddable":true,"href":"https:\/\/horsewonder.dk\/es\/wp-json\/wp\/v2\/media\/1432"}],"wp:attachment":[{"href":"https:\/\/horsewonder.dk\/es\/wp-json\/wp\/v2\/media?parent=1451"}],"wp:term":[{"taxonomy":"product_brand","embeddable":true,"href":"https:\/\/horsewonder.dk\/es\/wp-json\/wp\/v2\/product_brand?post=1451"},{"taxonomy":"product_cat","embeddable":true,"href":"https:\/\/horsewonder.dk\/es\/wp-json\/wp\/v2\/product_cat?post=1451"},{"taxonomy":"product_tag","embeddable":true,"href":"https:\/\/horsewonder.dk\/es\/wp-json\/wp\/v2\/product_tag?post=1451"}],"curies":[{"name":"wp","href":"https:\/\/api.w.org\/{rel}","templated":true}]}}