{"id":1399,"date":"2026-03-31T07:02:43","date_gmt":"2026-03-31T06:02:43","guid":{"rendered":"https:\/\/horsewonder.dk\/product\/wonder-cooling-body-wrap-deluxe\/"},"modified":"2026-03-31T07:02:43","modified_gmt":"2026-03-31T06:02:43","slug":"wonder-cooling-body-wrap-deluxe","status":"publish","type":"product","link":"https:\/\/horsewonder.dk\/es\/producto\/wonder-cooling-body-wrap-deluxe\/","title":{"rendered":"Wonder Cooling Body Wrap Deluxe"},"content":{"rendered":"<p>Ahora puede ofrecer a su amigo de cuatro patas la refrigeraci\u00f3n definitiva con nuestro Wonder Cooling Body Wrap Deluxe. Esta tecnolog\u00eda innovadora, antes reservada solo a atletas humanos, ahora est\u00e1 disponible para su caballo. <\/p>\n<p>La manta proporciona refrigeraci\u00f3n durante horas, incluso con mucho calor. No necesita frigor\u00edfico, electricidad ni gel. \u00a1Solo humedezca y enfr\u00ede!  <\/p>\n<p>&nbsp;<\/p>\n<p>\ud83c\udf21\ufe0f <strong>Enfr\u00eda hasta 22 \u00b0C<\/strong>: La manta utiliza una avanzada tecnolog\u00eda de hiperevaporaci\u00f3n, capaz de reducir la temperatura corporal de su caballo hasta 22 \u00b0C respecto al ambiente. Este efecto de enfriamiento dura horas, y su caballo se lo agradecer\u00e1 <\/p>\n<p>\ud83c\udfc7 <strong>Perfecta para todas las disciplinas<\/strong>: Tanto si monta por ocio como si compite, Wonder Cooling Body Wrap Deluxe puede ayudar a reducir la temperatura corporal central de su caballo de forma r\u00e1pida y segura<\/p>\n<p>\ud83c\udf0a <strong>Refrigeraci\u00f3n duradera<\/strong>: La manta absorbe agua, que se evapora gradualmente y garantiza que su caballo se mantenga fresco durante mucho tiempo<\/p>\n<p>&nbsp;<\/p>\n<h2><strong>C\u00f3mo usar Wonder Cooling Body Wrap Deluxe<\/strong>:<\/h2>\n<ol>\n<li>Coloque la manta sobre el caballo con el lado acanalado hacia abajo.<\/li>\n<li>Abroche las correas del pecho (pero d\u00e9jelas flojas para que su caballo pueda moverse libremente).<\/li>\n<li>Abroche la cincha ventral.<\/li>\n<\/ol>\n<p>Humedezca ligeramente la cincha ventral con un pulverizador o una manguera, y aseg\u00farese de levantar la manta para rociar la parte inferior. Tenga cuidado de no empapar la manta. <\/p>\n<p>&nbsp;<\/p>\n<h2><strong>Mantenimiento y cuidado<\/strong>:<\/h2>\n<ul>\n<li>Aclare antes y despu\u00e9s de cada uso.<\/li>\n<li>Cuando termine de usar la manta, pli\u00e9guela mientras est\u00e9 h\u00fameda y gu\u00e1rdela en el embalaje original o en un recipiente herm\u00e9tico.<\/li>\n<li>Si no va a usar la manta durante m\u00e1s de 3-4 semanas, pli\u00e9guela mientras a\u00fan est\u00e9 h\u00fameda y deje que se seque por completo antes de guardarla. No doble la venda cuando est\u00e9 dura; simplemente humed\u00e9zcala para ablandarla.<\/li>\n<li>Se puede lavar a m\u00e1quina o a mano por separado con jab\u00f3n o detergente suave. Evite meter la venda en la secadora. <\/li>\n<\/ul>\n<p>&nbsp;<\/p>\n<h3><strong>Nota<\/strong>:<\/h3>\n<p>La venda no est\u00e1 destinada a tratar afecciones m\u00e9dicas, m\u00e1s all\u00e1 de ofrecer alivio. By Wonder no se hace responsable de cualquier da\u00f1o causado por el uso indebido del producto. <\/p>\n","protected":false},"excerpt":{"rendered":"<p>Talla 67\u201d x 82\u201d<br \/>\nWonder horse Cooling es un producto revolucionario para caballos. La tecnolog\u00eda textil utiliza un material avanzado de hiperevaporaci\u00f3n. Ideal para el jinete recreativo que desea mejorar el confort del caballo; excelente para disciplinas de competici\u00f3n al proporcionar una reducci\u00f3n R\u00c1PIDA pero SEGURA de la temperatura corporal central. Terapia perfecta para la recuperaci\u00f3n muscular tras el esfuerzo, el transporte, la anhidrosis y otros problemas relacionados con el calor.   <\/p>\n","protected":false},"featured_media":1391,"comment_status":"open","ping_status":"closed","template":"","meta":{"inline_featured_image":false},"product_brand":[],"product_cat":[69],"product_tag":[123,94,52,114,124],"class_list":{"0":"post-1399","1":"product","2":"type-product","3":"status-publish","4":"has-post-thumbnail","6":"product_cat-hourse-wonder","7":"product_tag-body-wrap","8":"product_tag-caballo","9":"product_tag-horse-wonder","10":"product_tag-wonder","11":"product_tag-wonder-cooling-body-wrap","13":"first","14":"instock","15":"taxable","16":"shipping-taxable","17":"purchasable","18":"product-type-simple"},"_links":{"self":[{"href":"https:\/\/horsewonder.dk\/es\/wp-json\/wp\/v2\/product\/1399","targetHints":{"allow":["GET"]}}],"collection":[{"href":"https:\/\/horsewonder.dk\/es\/wp-json\/wp\/v2\/product"}],"about":[{"href":"https:\/\/horsewonder.dk\/es\/wp-json\/wp\/v2\/types\/product"}],"replies":[{"embeddable":true,"href":"https:\/\/horsewonder.dk\/es\/wp-json\/wp\/v2\/comments?post=1399"}],"version-history":[{"count":0,"href":"https:\/\/horsewonder.dk\/es\/wp-json\/wp\/v2\/product\/1399\/revisions"}],"wp:featuredmedia":[{"embeddable":true,"href":"https:\/\/horsewonder.dk\/es\/wp-json\/wp\/v2\/media\/1391"}],"wp:attachment":[{"href":"https:\/\/horsewonder.dk\/es\/wp-json\/wp\/v2\/media?parent=1399"}],"wp:term":[{"taxonomy":"product_brand","embeddable":true,"href":"https:\/\/horsewonder.dk\/es\/wp-json\/wp\/v2\/product_brand?post=1399"},{"taxonomy":"product_cat","embeddable":true,"href":"https:\/\/horsewonder.dk\/es\/wp-json\/wp\/v2\/product_cat?post=1399"},{"taxonomy":"product_tag","embeddable":true,"href":"https:\/\/horsewonder.dk\/es\/wp-json\/wp\/v2\/product_tag?post=1399"}],"curies":[{"name":"wp","href":"https:\/\/api.w.org\/{rel}","templated":true}]}}