{"id":1360,"date":"2026-03-31T06:43:07","date_gmt":"2026-03-31T05:43:07","guid":{"rendered":"https:\/\/horsewonder.dk\/product\/wonder-cooling-hock-wrap\/"},"modified":"2026-03-31T06:46:53","modified_gmt":"2026-03-31T05:46:53","slug":"wonder-cooling-hock-wrap","status":"publish","type":"product","link":"https:\/\/horsewonder.dk\/es\/producto\/wonder-cooling-hock-wrap\/","title":{"rendered":"Wonder Cooling Hock Wrap"},"content":{"rendered":"<p>Con nuestro Wonder Cooling Hock Wrap, su caballo obtiene la refrigeraci\u00f3n que necesita despu\u00e9s del entrenamiento o en caso de sobrecalentamiento. El Hock Wrap es f\u00e1cil de usar y proporciona horas de refrigeraci\u00f3n. <\/p>\n<p>El wrap proporciona refrigeraci\u00f3n durante horas, incluso con mucho calor. No necesita frigor\u00edfico, electricidad ni gel. Solo humedezca, escurra y agite.  <\/p>\n<p>&nbsp;<\/p>\n<h2><strong>C\u00f3mo usar Wonder Cooling Hock Wrap<\/strong>:<\/h2>\n<ol>\n<li>Humedezca el wrap con agua de cualquier fuente y escurra el exceso. Agite el wrap en el aire durante 10-15 segundos. <\/li>\n<li>Con el lado acanalado hacia el caballo, envuelva el producto alrededor de la pata y cubra la mayor superficie posible para obtener los mejores resultados.<\/li>\n<\/ol>\n<p>&nbsp;<\/p>\n<h2><strong>Prolongue el tiempo de refrigeraci\u00f3n:<\/strong><\/h2>\n<p>simplemente humedeciendo de nuevo el wrap, pulverizando ligeramente con agua de una manguera o un pulverizador. Puede usarse agua a cualquier temperatura, y el wrap enfriar\u00e1 por evaporaci\u00f3n. <\/p>\n<p>&nbsp;<\/p>\n<h2><strong>Mantenimiento y cuidado<\/strong>:<\/h2>\n<ul>\n<li>Aclare antes y despu\u00e9s de cada uso.<\/li>\n<li>Cuando termine de usar el wrap, mientras a\u00fan est\u00e9 h\u00famedo, d\u00f3blelo y gu\u00e1rdelo en el embalaje original o en un recipiente herm\u00e9tico. Si no va a usarse durante m\u00e1s de 3-4 semanas, d\u00f3blelo mientras a\u00fan est\u00e9 h\u00famedo y deje que se seque por completo. <\/li>\n<li>No doble el wrap cuando est\u00e9 duro; simplemente humed\u00e9zcalo para ablandarlo.<\/li>\n<li>Se puede lavar a m\u00e1quina o a mano por separado con jab\u00f3n o detergente suave. Evite meter el wrap en la secadora. <\/li>\n<\/ul>\n<p>&nbsp;<\/p>\n<h3><strong>Nota<\/strong>:<\/h3>\n<p>El wrap no est\u00e1 destinado a tratar afecciones m\u00e9dicas, m\u00e1s all\u00e1 de proporcionar alivio. By Wonder no se hace responsable de cualquier da\u00f1o causado por el uso indebido del producto. <\/p>\n","protected":false},"excerpt":{"rendered":"<p>Incl. 2 wraps<br \/>\nWonder horse Cooling es un producto revolucionario para caballos. La tecnolog\u00eda textil utiliza un material hiper-evaporativo avanzado. Ideal para el jinete recreativo que quiere mejorar la comodidad del caballo; excelente para disciplinas de competici\u00f3n al proporcionar una reducci\u00f3n R\u00c1PIDA pero SEGURA de la temperatura corporal central. Terapia perfecta para la recuperaci\u00f3n muscular tras el esfuerzo, el transporte, la anhidrosis y otros problemas relacionados con el calor.   <\/p>\n","protected":false},"featured_media":1361,"comment_status":"open","ping_status":"closed","template":"","meta":{"inline_featured_image":false},"product_brand":[],"product_cat":[69],"product_tag":[94,112,113,52,114,115],"class_list":{"0":"post-1360","1":"product","2":"type-product","3":"status-publish","4":"has-post-thumbnail","6":"product_cat-hourse-wonder","7":"product_tag-caballo","8":"product_tag-hock-wrap","9":"product_tag-hock-wrap-para-caballos","10":"product_tag-horse-wonder","11":"product_tag-wonder","12":"product_tag-wonder-cooling-hock-wrap","14":"first","15":"instock","16":"taxable","17":"shipping-taxable","18":"purchasable","19":"product-type-simple"},"_links":{"self":[{"href":"https:\/\/horsewonder.dk\/es\/wp-json\/wp\/v2\/product\/1360","targetHints":{"allow":["GET"]}}],"collection":[{"href":"https:\/\/horsewonder.dk\/es\/wp-json\/wp\/v2\/product"}],"about":[{"href":"https:\/\/horsewonder.dk\/es\/wp-json\/wp\/v2\/types\/product"}],"replies":[{"embeddable":true,"href":"https:\/\/horsewonder.dk\/es\/wp-json\/wp\/v2\/comments?post=1360"}],"version-history":[{"count":1,"href":"https:\/\/horsewonder.dk\/es\/wp-json\/wp\/v2\/product\/1360\/revisions"}],"predecessor-version":[{"id":1373,"href":"https:\/\/horsewonder.dk\/es\/wp-json\/wp\/v2\/product\/1360\/revisions\/1373"}],"wp:featuredmedia":[{"embeddable":true,"href":"https:\/\/horsewonder.dk\/es\/wp-json\/wp\/v2\/media\/1361"}],"wp:attachment":[{"href":"https:\/\/horsewonder.dk\/es\/wp-json\/wp\/v2\/media?parent=1360"}],"wp:term":[{"taxonomy":"product_brand","embeddable":true,"href":"https:\/\/horsewonder.dk\/es\/wp-json\/wp\/v2\/product_brand?post=1360"},{"taxonomy":"product_cat","embeddable":true,"href":"https:\/\/horsewonder.dk\/es\/wp-json\/wp\/v2\/product_cat?post=1360"},{"taxonomy":"product_tag","embeddable":true,"href":"https:\/\/horsewonder.dk\/es\/wp-json\/wp\/v2\/product_tag?post=1360"}],"curies":[{"name":"wp","href":"https:\/\/api.w.org\/{rel}","templated":true}]}}