{"id":1318,"date":"2026-03-31T06:33:54","date_gmt":"2026-03-31T05:33:54","guid":{"rendered":"https:\/\/horsewonder.dk\/product\/wonder-cooling-leg-wrap\/"},"modified":"2026-03-31T06:53:57","modified_gmt":"2026-03-31T05:53:57","slug":"wonder-cooling-leg-wrap","status":"publish","type":"product","link":"https:\/\/horsewonder.dk\/es\/producto\/wonder-cooling-leg-wrap\/","title":{"rendered":"Wonder Cooling Leg Wrap"},"content":{"rendered":"<p>Con Wonder Cooling Leg Wrap, su caballo obtiene un enfriamiento inmediato despu\u00e9s del entrenamiento o con tiempo caluroso. La venda es f\u00e1cil de usar y proporciona a su caballo horas de enfriamiento c\u00f3modo. <\/p>\n<p>El wrap proporciona refrigeraci\u00f3n durante horas, incluso con mucho calor. No necesita frigor\u00edfico, electricidad ni gel. Solo humedezca, escurra y agite.  <\/p>\n<p>&nbsp;<\/p>\n<h2><strong>C\u00f3mo usar Wonder Cooling Leg Wrap<\/strong>:<\/h2>\n<ol>\n<li>Humedezca la venda con agua de cualquier fuente y escurra el exceso. Agite la venda en el aire durante 10-15 segundos. <\/li>\n<li>Con el lado acanalado hacia el caballo, envuelva el producto alrededor de la pata del caballo, lo m\u00e1ximo posible para obtener los mejores resultados.<\/li>\n<\/ol>\n<p>&nbsp;<\/p>\n<h2><strong>Prolongue el tiempo de enfriamiento<\/strong><\/h2>\n<p>Simplemente humedezca de nuevo el wrap roci\u00e1ndolo ligeramente con agua de una manguera o un pulverizador. Puede usar agua a cualquier temperatura, y el wrap enfriar\u00e1 por evaporaci\u00f3n. Agite el wrap para favorecer la circulaci\u00f3n de aire y, a continuaci\u00f3n, apl\u00edquelo al caballo.  <\/p>\n<p>&nbsp;<\/p>\n<h2><strong>Mantenimiento y cuidado<\/strong>:<\/h2>\n<ul>\n<li>Aclare antes y despu\u00e9s de cada uso.<\/li>\n<li>Cuando termine de usar el wrap, mientras a\u00fan est\u00e9 h\u00famedo, d\u00f3blelo y col\u00f3quelo en el embalaje original o en un recipiente herm\u00e9tico. Si no va a usarse durante m\u00e1s de 3-4 semanas, d\u00f3blela mientras a\u00fan est\u00e9 h\u00fameda y deje que se seque por completo.<\/li>\n<li>No doble la venda cuando est\u00e9 dura; simplemente humed\u00e9zcala para ablandarla.<\/li>\n<li>Se puede lavar a m\u00e1quina o a mano por separado con jab\u00f3n o detergente suave. Evite meter la venda en la secadora. <\/li>\n<\/ul>\n<p>&nbsp;<\/p>\n<h3><strong>Nota<\/strong>:<\/h3>\n<p>La venda no est\u00e1 destinada a tratar afecciones m\u00e9dicas, m\u00e1s all\u00e1 de ofrecer alivio. By Wonder no se hace responsable de cualquier da\u00f1o causado por el uso indebido del producto. <\/p>\n<p>\u00a1Ofrezca a su caballo el mejor enfriamiento con Wonder Cooling Leg Wrap! \ud83d\udc34<\/p>\n","protected":false},"excerpt":{"rendered":"<p>Incl. 2 wraps<br \/>\nWonder horse Cooling es un producto revolucionario para caballos. La tecnolog\u00eda textil utiliza un material hiper-evaporativo avanzado. Ideal para el jinete recreativo que quiere mejorar la comodidad del caballo; excelente para disciplinas de competici\u00f3n al proporcionar una reducci\u00f3n R\u00c1PIDA pero SEGURA de la temperatura corporal central. Terapia perfecta para la recuperaci\u00f3n muscular tras el esfuerzo, el transporte, la anhidrosis y otros problemas relacionados con el calor.   <\/p>\n","protected":false},"featured_media":1319,"comment_status":"open","ping_status":"closed","template":"","meta":{"inline_featured_image":false},"product_brand":[],"product_cat":[69],"product_tag":[94,52,91,93,95,119],"class_list":{"0":"post-1318","1":"product","2":"type-product","3":"status-publish","4":"has-post-thumbnail","6":"product_cat-hourse-wonder","7":"product_tag-caballo","8":"product_tag-horse-wonder","9":"product_tag-pata","10":"product_tag-patas-de-caballo","11":"product_tag-venda","12":"product_tag-vendas-para-las-patas","14":"first","15":"instock","16":"taxable","17":"shipping-taxable","18":"purchasable","19":"product-type-simple"},"_links":{"self":[{"href":"https:\/\/horsewonder.dk\/es\/wp-json\/wp\/v2\/product\/1318","targetHints":{"allow":["GET"]}}],"collection":[{"href":"https:\/\/horsewonder.dk\/es\/wp-json\/wp\/v2\/product"}],"about":[{"href":"https:\/\/horsewonder.dk\/es\/wp-json\/wp\/v2\/types\/product"}],"replies":[{"embeddable":true,"href":"https:\/\/horsewonder.dk\/es\/wp-json\/wp\/v2\/comments?post=1318"}],"version-history":[{"count":1,"href":"https:\/\/horsewonder.dk\/es\/wp-json\/wp\/v2\/product\/1318\/revisions"}],"predecessor-version":[{"id":1388,"href":"https:\/\/horsewonder.dk\/es\/wp-json\/wp\/v2\/product\/1318\/revisions\/1388"}],"wp:featuredmedia":[{"embeddable":true,"href":"https:\/\/horsewonder.dk\/es\/wp-json\/wp\/v2\/media\/1319"}],"wp:attachment":[{"href":"https:\/\/horsewonder.dk\/es\/wp-json\/wp\/v2\/media?parent=1318"}],"wp:term":[{"taxonomy":"product_brand","embeddable":true,"href":"https:\/\/horsewonder.dk\/es\/wp-json\/wp\/v2\/product_brand?post=1318"},{"taxonomy":"product_cat","embeddable":true,"href":"https:\/\/horsewonder.dk\/es\/wp-json\/wp\/v2\/product_cat?post=1318"},{"taxonomy":"product_tag","embeddable":true,"href":"https:\/\/horsewonder.dk\/es\/wp-json\/wp\/v2\/product_tag?post=1318"}],"curies":[{"name":"wp","href":"https:\/\/api.w.org\/{rel}","templated":true}]}}