{"id":1249,"date":"2026-03-31T06:22:17","date_gmt":"2026-03-31T05:22:17","guid":{"rendered":"https:\/\/horsewonder.dk\/product\/wonder-cooling-neck-wrap\/"},"modified":"2026-03-31T06:51:07","modified_gmt":"2026-03-31T05:51:07","slug":"wonder-cooling-neck-wrap","status":"publish","type":"product","link":"https:\/\/horsewonder.dk\/es\/producto\/wonder-cooling-neck-wrap\/","title":{"rendered":"Wonder Cooling Neck Wrap"},"content":{"rendered":"<p>Nuestro Wonder Cooling Neck Wrap est\u00e1 dise\u00f1ado para proporcionar un enfriamiento inmediato al cuello de su caballo despu\u00e9s del entrenamiento o con tiempo caluroso. Es f\u00e1cil de usar y est\u00e1 fabricado con un material que garantiza la comodidad de su caballo. <\/p>\n<p>El wrap proporciona enfriamiento durante horas, incluso con mucho calor. No necesita frigor\u00edfico, electricidad ni gel. Solo humedezca, escurra y agite.  <\/p>\n<p>&nbsp;<\/p>\n<h2><strong>C\u00f3mo aplicar Wonder Cooling Neck Wrap a su caballo<\/strong>:<\/h2>\n<ol>\n<li>Coloque ligeramente sobre la cruz el extremo de la toalla con las correas cosidas<\/li>\n<li>Tire del otro extremo del wrap hacia usted y meta el material por debajo<\/li>\n<li>Abroche primero la correa m\u00e1s cercana a la cabeza; aseg\u00farese de que el material quede bien metido y contin\u00fae con la 2.\u00aa y 3.\u00aa correas para que el wrap quede bien sujeto  <\/li>\n<li>Fije el clip gator en el lateral del Neck Wrap (el m\u00e1s alejado de la cabeza) y suj\u00e9telo a la cruz<\/li>\n<\/ol>\n<p>&nbsp;<\/p>\n<h2><strong>C\u00f3mo usar el Neck Wrap<\/strong>:<\/h2>\n<ol>\n<li>Humedezca el wrap con agua de cualquier fuente y escurra el exceso. Agite el wrap en el aire durante 10-15 segundos <\/li>\n<li>Con el lado acanalado hacia abajo, coloque sobre el centro de la cruz el extremo del wrap con las correas cosidas. La correa m\u00e1s corta debe quedar m\u00e1s cerca de la cabeza <\/li>\n<li>Pase por debajo del cuello el extremo del wrap sin correas y meta el material por debajo de las correas cosidas<\/li>\n<li>Use las correas de velcro para envolver el cuello y ajuste la longitud hasta que resulte c\u00f3modo<\/li>\n<\/ol>\n<p>&nbsp;<\/p>\n<h2><strong>Prolongue el tiempo de enfriamiento<\/strong><\/h2>\n<p>Simplemente humedezca de nuevo el wrap roci\u00e1ndolo ligeramente con agua de una manguera o un pulverizador. Puede usar agua a cualquier temperatura, y el wrap enfriar\u00e1 por evaporaci\u00f3n. Agite el wrap para favorecer la circulaci\u00f3n de aire y, a continuaci\u00f3n, apl\u00edquelo al caballo.  <\/p>\n<p>&nbsp;<\/p>\n<h2><strong>Mantenimiento y cuidado<\/strong>:<\/h2>\n<ul>\n<li>Aclare antes y despu\u00e9s de cada uso.<\/li>\n<li>Cuando termine de usar el wrap, mientras a\u00fan est\u00e9 h\u00famedo, d\u00f3blelo y col\u00f3quelo en el embalaje original o en un recipiente herm\u00e9tico.<br \/>\n-Si no va a usarse en m\u00e1s de 3-4 semanas, d\u00f3blelo mientras a\u00fan est\u00e9 h\u00famedo y deje que se seque por completo.<\/li>\n<li>No doble el wrap cuando est\u00e9 duro; simplemente humed\u00e9zcalo para ablandarlo.<\/li>\n<li>Se puede lavar a m\u00e1quina o a mano por separado con jab\u00f3n o detergente suave. Evite meter el wrap en la secadora. <\/li>\n<\/ul>\n<h3><strong>Nota<\/strong>:<\/h3>\n<p>El wrap no est\u00e1 destinado a tratar afecciones m\u00e9dicas m\u00e1s all\u00e1 de proporcionar alivio. By Wonder no se hace responsable de cualquier da\u00f1o causado por el uso indebido del producto. \ud83d\udc34<\/p>\n","protected":false},"excerpt":{"rendered":"<p>Tama\u00f1o 24\u201dx55\u201d<br \/>\nWonder horse Cooling es un producto revolucionario para caballos. La tecnolog\u00eda textil utiliza un material hiper-evaporativo avanzado. Fant\u00e1stico para el jinete recreativo que desea mejorar el confort del caballo; excelente para disciplinas competitivas al proporcionar una reducci\u00f3n R\u00c1PIDA pero SEGURA de la temperatura corporal central. Terapia perfecta para la recuperaci\u00f3n muscular tras el esfuerzo, el transporte, la anhidrosis y otros problemas relacionados con el calor.   <\/p>\n","protected":false},"featured_media":1250,"comment_status":"open","ping_status":"closed","template":"","meta":{"inline_featured_image":false},"product_brand":[],"product_cat":[69],"product_tag":[51,52,53,50],"class_list":{"0":"post-1249","1":"product","2":"type-product","3":"status-publish","4":"has-post-thumbnail","6":"product_cat-hourse-wonder","7":"product_tag-cuello-de-caballo","8":"product_tag-horse-wonder","9":"product_tag-neck-wrap","10":"product_tag-prenda-de-cuello-para-caballo","12":"first","13":"instock","14":"taxable","15":"shipping-taxable","16":"purchasable","17":"product-type-simple"},"_links":{"self":[{"href":"https:\/\/horsewonder.dk\/es\/wp-json\/wp\/v2\/product\/1249","targetHints":{"allow":["GET"]}}],"collection":[{"href":"https:\/\/horsewonder.dk\/es\/wp-json\/wp\/v2\/product"}],"about":[{"href":"https:\/\/horsewonder.dk\/es\/wp-json\/wp\/v2\/types\/product"}],"replies":[{"embeddable":true,"href":"https:\/\/horsewonder.dk\/es\/wp-json\/wp\/v2\/comments?post=1249"}],"version-history":[{"count":3,"href":"https:\/\/horsewonder.dk\/es\/wp-json\/wp\/v2\/product\/1249\/revisions"}],"predecessor-version":[{"id":1381,"href":"https:\/\/horsewonder.dk\/es\/wp-json\/wp\/v2\/product\/1249\/revisions\/1381"}],"wp:featuredmedia":[{"embeddable":true,"href":"https:\/\/horsewonder.dk\/es\/wp-json\/wp\/v2\/media\/1250"}],"wp:attachment":[{"href":"https:\/\/horsewonder.dk\/es\/wp-json\/wp\/v2\/media?parent=1249"}],"wp:term":[{"taxonomy":"product_brand","embeddable":true,"href":"https:\/\/horsewonder.dk\/es\/wp-json\/wp\/v2\/product_brand?post=1249"},{"taxonomy":"product_cat","embeddable":true,"href":"https:\/\/horsewonder.dk\/es\/wp-json\/wp\/v2\/product_cat?post=1249"},{"taxonomy":"product_tag","embeddable":true,"href":"https:\/\/horsewonder.dk\/es\/wp-json\/wp\/v2\/product_tag?post=1249"}],"curies":[{"name":"wp","href":"https:\/\/api.w.org\/{rel}","templated":true}]}}