{"id":982,"date":"2026-03-26T06:27:13","date_gmt":"2026-03-26T05:27:13","guid":{"rendered":"https:\/\/horsewonder.dk\/terminos-condiciones\/"},"modified":"2026-03-27T14:44:54","modified_gmt":"2026-03-27T13:44:54","slug":"terminos-condiciones","status":"publish","type":"page","link":"https:\/\/horsewonder.dk\/es\/terminos-condiciones\/","title":{"rendered":"T\u00e9rminos &amp; Condiciones"},"content":{"rendered":"\n<p>Todos los precios incluyen IVA. Env\u00edo gratuito en todos los pedidos. Los productos son rellenables cuando se indique.  <\/p>\n\n<p>Ofrecemos una garant\u00eda de satisfacci\u00f3n del 100% en todos los productos Meta Gloss. Si no est\u00e1 satisfecho, p\u00f3ngase en contacto con nosotros en un plazo de 14 d\u00edas desde la recepci\u00f3n de su pedido. <\/p>\n\n<p>Se aceptan devoluciones en un plazo de 14 d\u00edas desde la compra, en el embalaje original y sin abrir. P\u00f3ngase en contacto con nosotros por correo electr\u00f3nico en john@hocl.dk o llame al +45 71 99 96 69. <\/p>\n\n<p>Los datos personales se tratan de conformidad con la normativa del RGPD. No compartimos sus datos con terceros sin su consentimiento. <\/p>\n","protected":false},"excerpt":{"rendered":"<p>Todos los precios incluyen IVA. Env\u00edo gratuito en todos los pedidos. Los productos son rellenables cuando se indique. Ofrecemos una garant\u00eda de satisfacci\u00f3n del 100% en todos los productos Meta Gloss. Si no est\u00e1 satisfecho, p\u00f3ngase en contacto con nosotros en un plazo de 14 d\u00edas desde la recepci\u00f3n de su pedido. Se aceptan devoluciones [&hellip;]<\/p>\n","protected":false},"author":1,"featured_media":0,"parent":0,"menu_order":0,"comment_status":"closed","ping_status":"closed","template":"","meta":{"inline_featured_image":false,"footnotes":""},"class_list":["post-982","page","type-page","status-publish","hentry"],"_links":{"self":[{"href":"https:\/\/horsewonder.dk\/es\/wp-json\/wp\/v2\/pages\/982","targetHints":{"allow":["GET"]}}],"collection":[{"href":"https:\/\/horsewonder.dk\/es\/wp-json\/wp\/v2\/pages"}],"about":[{"href":"https:\/\/horsewonder.dk\/es\/wp-json\/wp\/v2\/types\/page"}],"author":[{"embeddable":true,"href":"https:\/\/horsewonder.dk\/es\/wp-json\/wp\/v2\/users\/1"}],"replies":[{"embeddable":true,"href":"https:\/\/horsewonder.dk\/es\/wp-json\/wp\/v2\/comments?post=982"}],"version-history":[{"count":1,"href":"https:\/\/horsewonder.dk\/es\/wp-json\/wp\/v2\/pages\/982\/revisions"}],"predecessor-version":[{"id":983,"href":"https:\/\/horsewonder.dk\/es\/wp-json\/wp\/v2\/pages\/982\/revisions\/983"}],"wp:attachment":[{"href":"https:\/\/horsewonder.dk\/es\/wp-json\/wp\/v2\/media?parent=982"}],"curies":[{"name":"wp","href":"https:\/\/api.w.org\/{rel}","templated":true}]}}