{"id":925,"date":"2026-03-25T06:54:17","date_gmt":"2026-03-25T06:54:17","guid":{"rendered":"https:\/\/horsewonder.dk\/product\/meta-gloss-gel-250-ml-nachfuellbar\/"},"modified":"2026-03-31T07:44:18","modified_gmt":"2026-03-31T06:44:18","slug":"meta-gloss-gel-250-ml-nachfuellbar","status":"publish","type":"product","link":"https:\/\/horsewonder.dk\/de\/produkt\/meta-gloss-gel-250-ml-nachfuellbar\/","title":{"rendered":"Meta Gloss Gel 250 ml (nachf\u00fcllbar)"},"content":{"rendered":"<h5 style=\"text-align: left;\">10 \u00fcberzeugende Eigenschaften<\/h5>\n<ul>\n<li style=\"text-align: left;\">Meta Gloss auf Platz 1<\/li>\n<li style=\"text-align: left;\">2-Minuten-Formel<\/li>\n<li style=\"text-align: left;\">sofort nach dem Auftragen durchk\u00e4mmbar<\/li>\n<li style=\"text-align: left;\">mit einzigartiger Wet, Dry &amp; Dirty-Formel<\/li>\n<li style=\"text-align: left;\">entwirrt super, mit Langzeitwirkung<\/li>\n<li style=\"text-align: left;\">n\u00e4hrt, pflegt und sch\u00fctzt das Haar<\/li>\n<li style=\"text-align: left;\">Volumen (+25 %), Glanz, mit seidig-weichem Gef\u00fchl<\/li>\n<li style=\"text-align: left;\">urin-, kot- und schmutzabweisend<\/li>\n<li style=\"text-align: left;\">verhindert die Bildung neuer Knoten<\/li>\n<li style=\"text-align: left;\">hinterl\u00e4sst keine klebrigen R\u00fcckst\u00e4nde o. \u00c4.<\/li>\n<li style=\"text-align: left;\">Meta Gloss ist sehr ergiebig!<\/li>\n<\/ul>\n","protected":false},"excerpt":{"rendered":"<h5 style=\"text-align: left;\">10 \u00fcberzeugende Eigenschaften<\/h5>\n<ul>\n<li style=\"text-align: left;\">Meta Gloss auf Platz 1<\/li>\n<li style=\"text-align: left;\">2-Minuten-Formel<\/li>\n<li style=\"text-align: left;\">sofort nach dem Auftragen durchk\u00e4mmbar<\/li>\n<li style=\"text-align: left;\">mit einzigartiger Wet, Dry &amp; Dirty-Formel<\/li>\n<li style=\"text-align: left;\">entwirrt super, mit Langzeitwirkung<\/li>\n<li style=\"text-align: left;\">n\u00e4hrt, pflegt und sch\u00fctzt das Haar<\/li>\n<li style=\"text-align: left;\">Volumen (+25 %), Glanz, mit seidig-weichem Gef\u00fchl<\/li>\n<li style=\"text-align: left;\">urin-, kot- und schmutzabweisend<\/li>\n<li style=\"text-align: left;\">verhindert die Bildung neuer Knoten<\/li>\n<li style=\"text-align: left;\">hinterl\u00e4sst keine klebrigen R\u00fcckst\u00e4nde o. \u00c4.<\/li>\n<li style=\"text-align: left;\">Meta Gloss ist sehr ergiebig!<\/li>\n<\/ul>\n","protected":false},"featured_media":1546,"comment_status":"open","ping_status":"closed","template":"","meta":{"inline_featured_image":false},"product_brand":[],"product_cat":[140],"product_tag":[],"class_list":{"0":"post-925","1":"product","2":"type-product","3":"status-publish","4":"has-post-thumbnail","6":"product_cat-meta-gloss","8":"first","9":"instock","10":"sale","11":"taxable","12":"shipping-taxable","13":"purchasable","14":"product-type-simple"},"_links":{"self":[{"href":"https:\/\/horsewonder.dk\/de\/wp-json\/wp\/v2\/product\/925","targetHints":{"allow":["GET"]}}],"collection":[{"href":"https:\/\/horsewonder.dk\/de\/wp-json\/wp\/v2\/product"}],"about":[{"href":"https:\/\/horsewonder.dk\/de\/wp-json\/wp\/v2\/types\/product"}],"replies":[{"embeddable":true,"href":"https:\/\/horsewonder.dk\/de\/wp-json\/wp\/v2\/comments?post=925"}],"version-history":[{"count":1,"href":"https:\/\/horsewonder.dk\/de\/wp-json\/wp\/v2\/product\/925\/revisions"}],"predecessor-version":[{"id":1493,"href":"https:\/\/horsewonder.dk\/de\/wp-json\/wp\/v2\/product\/925\/revisions\/1493"}],"wp:featuredmedia":[{"embeddable":true,"href":"https:\/\/horsewonder.dk\/de\/wp-json\/wp\/v2\/media\/1546"}],"wp:attachment":[{"href":"https:\/\/horsewonder.dk\/de\/wp-json\/wp\/v2\/media?parent=925"}],"wp:term":[{"taxonomy":"product_brand","embeddable":true,"href":"https:\/\/horsewonder.dk\/de\/wp-json\/wp\/v2\/product_brand?post=925"},{"taxonomy":"product_cat","embeddable":true,"href":"https:\/\/horsewonder.dk\/de\/wp-json\/wp\/v2\/product_cat?post=925"},{"taxonomy":"product_tag","embeddable":true,"href":"https:\/\/horsewonder.dk\/de\/wp-json\/wp\/v2\/product_tag?post=925"}],"curies":[{"name":"wp","href":"https:\/\/api.w.org\/{rel}","templated":true}]}}