{"id":2145,"date":"2026-03-31T07:36:11","date_gmt":"2026-03-31T06:36:11","guid":{"rendered":"https:\/\/horsewonder.dk\/product\/horse-wonder-lederpflege\/"},"modified":"2026-03-31T07:36:11","modified_gmt":"2026-03-31T06:36:11","slug":"horse-wonder-lederpflege","status":"publish","type":"product","link":"https:\/\/horsewonder.dk\/de\/produkt\/horse-wonder-lederpflege\/","title":{"rendered":"Horse Wonder Lederpflege"},"content":{"rendered":"<p>Horse Wonder Leather Care wurde entwickelt, um die Lebensdauer zu verl\u00e4ngern und das Aussehen aller Ausr\u00fcstungsgegenst\u00e4nde aus echtem und k\u00fcnstlichem Leder sowie aller Arten von Holz zu erhalten. Ganz gleich, ob Sie es f\u00fcr Ihre Reitausr\u00fcstung oder Ihre eigene Garderobe verwenden, es bietet eine effektive und sanfte Pflege. Durch die Kombination nat\u00fcrlicher Inhaltsstoffe wie Kokosnuss\u00f6l, Lanolin\u00f6l und Bienenwachs reinigt und sch\u00fctzt es und f\u00f6rdert gleichzeitig die nat\u00fcrlichen Eigenschaften von Leder und Holz. Die vielseitige Lederpflege stellt die urspr\u00fcngliche Farbe von gef\u00e4rbtem Leder wieder her und sch\u00fctzt vor Sch\u00e4den durch Wasser, Schmutz und Sonnenlicht. Horse Wonder ist die perfekte Wahl sowohl f\u00fcr den Reiter als auch f\u00fcr die Ausr\u00fcstung des Pferdes und kann bei regelm\u00e4\u00dfiger Anwendung dazu beitragen, Ihre Lederprodukte und Holzarbeiten in einem Top-Zustand zu halten, unabh\u00e4ngig von Wetter und Abnutzung. Horse Wonder Leather Care sorgt f\u00fcr ein gepflegtes Aussehen und hinterl\u00e4sst je nach Oberfl\u00e4che ein seidiges bis halbgl\u00e4nzendes Finish.     <\/p>\n<h4>Besonders gut f\u00fcr:<\/h4>\n<ul>\n<li>S\u00e4ttel, Halfter und andere Reitausr\u00fcstung<\/li>\n<li>Echtes und k\u00fcnstliches Leder (Schuhe, Taschen, Jacken usw.)<\/li>\n<li>H\u00f6lzerne Oberfl\u00e4chen (M\u00f6bel, Ger\u00e4te)<\/li>\n<li>Schutz vor Salzflecken auf Schuhen<\/li>\n<li>Heben Sie die Farbe von gef\u00e4rbtem Leder hervor<\/li>\n<li>Wasser- und schmutzabweisend<\/li>\n<\/ul>\n<p>&nbsp;<\/p>\n<h2>Zutaten:<\/h2>\n<p><strong>Cocos Nucifera Oil<\/strong> <em>(Kokosnuss\u00f6l):<\/em> Feuchtigkeitsspendende und n\u00e4hrende Eigenschaften, die es ideal machen, um Leder und Holz weicher zu machen und vor dem Austrocknen zu sch\u00fctzen<\/p>\n<p><strong>Lanolin<\/strong> <em>(Lanolin\u00f6l):<\/em> Nat\u00fcrliches Wachs aus Schafwolle. Dringt hervorragend in die Oberfl\u00e4che des Leders ein, wo es tiefen Schutz bietet und die Flexibilit\u00e4t wiederherstellt. <\/p>\n<p><strong>Cera Alba<\/strong><em> (Bienenwachs):<\/em> Schafft eine wasserabweisende Barriere, die vor Feuchtigkeit sch\u00fctzt und dem Leder eine sch\u00f6ne, polierte Oberfl\u00e4che verleiht.<\/p>\n<p>&nbsp;<\/p>\n<h2>Anwendung:<\/h2>\n<ol>\n<li>Benutzen Sie einen weichen, festen Schwamm und tupfen Sie ihn leicht mit Horse Wonder Leather Care ab (sparen Sie Ihr Produkt, ein wenig reicht aus).<\/li>\n<li>Tragen Sie eine m\u00f6glichst d\u00fcnne Schicht auf die gew\u00fcnschte Stelle auf<\/li>\n<li>Es gibt keine Trocknungszeit; das Ger\u00e4t kann sofort nach der Anwendung verwendet werden.<\/li>\n<\/ol>\n<p>&nbsp;<\/p>\n<h4>Verwenden Sie es zusammen mit anderen Pflegeprodukten:<\/h4>\n<p>Horse Wonder Leather Care reinigt und poliert in einem Schritt und ist daher ideal f\u00fcr die schnelle Auffrischung oder gr\u00fcndliche Pflege.<\/p>\n<p>Horse Wonder kann problemlos mit anderen Pflege- und Reinigungsprodukten kombiniert werden, wie z.B.<a href=\"https:\/\/hocl.dk\/product\/horse-wonder\/horse-wonder-rensesaebe\/\"> Horse Wonder Cleaning Soap<\/a>, <a href=\"https:\/\/hocl.dk\/product\/wonder-clean\/universal-rensesaebe-150gram\/\">Univeral Cleaning Soap<\/a>, ohne Probleme kombiniert werden. Es wird jedoch immer empfohlen, Horse Wonder als letzten Schritt der Pflegeroutine aufzutragen, um das Leder zu versiegeln und optimalen Schutz zu gew\u00e4hrleisten. <\/p>\n<p>&nbsp;<\/p>\n<h2>Empfehlungen f\u00fcr den sicheren Gebrauch:<\/h2>\n<ul>\n<li>Testen Sie das Produkt an einer kleinen, nicht sichtbaren Stelle, bevor Sie es auf gr\u00f6\u00dferen Fl\u00e4chen verwenden, insbesondere auf empfindlichen oder neuen Materialien (z.B. R\u00fccken oder Kante).<\/li>\n<li>Au\u00dferhalb der Reichweite von Kindern und Tieren aufbewahren<\/li>\n<li>Vermeiden Sie den Kontakt mit den Augen. Bei Kontakt gr\u00fcndlich mit Wasser aussp\u00fclen <\/li>\n<li>Verwenden Sie es auf sauberen und trockenen Oberfl\u00e4chen f\u00fcr eine optimale Wirkung<\/li>\n<\/ul>\n<p><strong>Lagern Sie es trocken, bei Raumtemperatur und vor direkter Sonneneinstrahlung gesch\u00fctzt.  <\/strong><\/p>\n","protected":false},"excerpt":{"rendered":"<p>250ml<\/p>\n","protected":false},"featured_media":1560,"comment_status":"open","ping_status":"closed","template":"","meta":{"inline_featured_image":false},"product_brand":[],"product_cat":[67],"product_tag":[56,273,275,84,274,102],"class_list":{"0":"post-2145","1":"product","2":"type-product","3":"status-publish","4":"has-post-thumbnail","6":"product_cat-hourse-wonder","7":"product_tag-horse-wonder","8":"product_tag-leder","9":"product_tag-lederpflege","10":"product_tag-pferd","11":"product_tag-pflege-von-leder","12":"product_tag-wonder","14":"first","15":"instock","16":"taxable","17":"shipping-taxable","18":"purchasable","19":"product-type-simple"},"_links":{"self":[{"href":"https:\/\/horsewonder.dk\/de\/wp-json\/wp\/v2\/product\/2145","targetHints":{"allow":["GET"]}}],"collection":[{"href":"https:\/\/horsewonder.dk\/de\/wp-json\/wp\/v2\/product"}],"about":[{"href":"https:\/\/horsewonder.dk\/de\/wp-json\/wp\/v2\/types\/product"}],"replies":[{"embeddable":true,"href":"https:\/\/horsewonder.dk\/de\/wp-json\/wp\/v2\/comments?post=2145"}],"version-history":[{"count":0,"href":"https:\/\/horsewonder.dk\/de\/wp-json\/wp\/v2\/product\/2145\/revisions"}],"wp:featuredmedia":[{"embeddable":true,"href":"https:\/\/horsewonder.dk\/de\/wp-json\/wp\/v2\/media\/1560"}],"wp:attachment":[{"href":"https:\/\/horsewonder.dk\/de\/wp-json\/wp\/v2\/media?parent=2145"}],"wp:term":[{"taxonomy":"product_brand","embeddable":true,"href":"https:\/\/horsewonder.dk\/de\/wp-json\/wp\/v2\/product_brand?post=2145"},{"taxonomy":"product_cat","embeddable":true,"href":"https:\/\/horsewonder.dk\/de\/wp-json\/wp\/v2\/product_cat?post=2145"},{"taxonomy":"product_tag","embeddable":true,"href":"https:\/\/horsewonder.dk\/de\/wp-json\/wp\/v2\/product_tag?post=2145"}],"curies":[{"name":"wp","href":"https:\/\/api.w.org\/{rel}","templated":true}]}}