{"id":2136,"date":"2026-04-01T11:53:35","date_gmt":"2026-04-01T10:53:35","guid":{"rendered":"https:\/\/horsewonder.dk\/product\/insekt-roll-on\/"},"modified":"2026-04-01T11:53:35","modified_gmt":"2026-04-01T10:53:35","slug":"insekt-roll-on","status":"publish","type":"product","link":"https:\/\/horsewonder.dk\/de\/produkt\/insekt-roll-on\/","title":{"rendered":"Insekt Roll-On"},"content":{"rendered":"<h1>Insekten-Roll-On (60 ml) f\u00fcr Pferde<\/h1>\n<p>Insekten wie M\u00fccken, Bremsen und Wespen sowie Zecken und Milben k\u00f6nnen f\u00fcr Pferde \u00e4u\u00dferst l\u00e4stig und unangenehm sein. Neben Juckreiz und Irritationen k\u00f6nnen sie bei manchen Pferden auch Schwellungen und sogar allergische Reaktionen hervorrufen. Deshalb ist es wichtig, Ihr Pferd vor diesen Insekten zu sch\u00fctzen, besonders in den w\u00e4rmeren Monaten.  <\/p>\n<p>Insect Roll-On ist ein 100% nat\u00fcrliches Produkt zum Schutz von Pferden, dem wir Inhaltsstoffe hinzugef\u00fcgt haben, die besonders unangenehm f\u00fcr Insekten sind, aber dennoch einen angenehmen Duft f\u00fcr Menschen haben.<\/p>\n<p>Insect Roll-On hilft, fast alle Arten von Insekten fernzuhalten und l\u00e4stige Insektenbisse und -stiche zu reduzieren. Es kann auch Juckreiz und Reizungen lindern, die durch Insektenstiche verursacht werden. <\/p>\n<h2>Wie funktioniert Insect Roll-On?<\/h2>\n<h3>Schutz vor Angriffen:<\/h3>\n<p>Insect Roll-On riecht und schmeckt f\u00fcr die Insekten unangenehm und h\u00e4lt sie davon ab, Ihr Pferd zu bei\u00dfen und zu stechen. Damit ist Insect Roll-On ideal f\u00fcr die Anwendung, wenn das Pferd drau\u00dfen ist, z.B. beim Training, auf der Koppel oder bei Turnieren. <\/p>\n<h3>Erleichterung nach einer Attacke:<\/h3>\n<p>Wenn Ihr Pferd bereits gestochen oder gebissen wurde, kann Insect Roll-On auch helfen, das Unbehagen und den Juckreiz zu lindern. Die k\u00fchlende Wirkung von Insect Roll-On ist so effektiv, dass es auch sofortige Linderung verschaffen und den Juckreiz lindern kann. <\/p>\n<h3>Schutz der St\u00e4lle und anderer Bereiche:<\/h3>\n<p>Insect Roll-On kann auch zur Vorbeugung von Insekten in Wohnbereichen von Pferden wie St\u00e4llen und Schuppen verwendet werden. Tragen Sie Roll-On direkt auf die betroffenen Stellen oder Bereiche auf, in denen sich Insekten typischerweise ansammeln, um das Eindringen von Insekten zu verhindern oder sie zu vertreiben. Im Sommer k\u00f6nnen auch die Bereiche, in denen das Pferd schl\u00e4ft oder sich aufh\u00e4lt, behandelt werden, um Moskitos und andere Insekten fernzuhalten.  <\/p>\n<h2>Zutaten:<\/h2>\n<p>- <strong>Aqua Gel:<\/strong> Die Basis, die die anderen Inhaltsstoffe tr\u00e4gt.<br \/>\n- <strong>Lavendel:<\/strong> Vertreibt mit seinem Duft M\u00fccken, Fliegen und Fl\u00f6he.<br \/>\n- <strong>Eukalyptus:<\/strong> Vertreibt dank seines starken Duftes M\u00fccken und Zecken.<br \/>\n- <strong>Menthol:<\/strong> Erzeugt einen k\u00fchlenden Effekt und hat einen starken Duft, der Insekten fernh\u00e4lt.<br \/>\n- <strong>Zitronenmyrte<\/strong>: Der Zitronenduft der Zitronenmyrte hilft, M\u00fccken abzuwehren.<br \/>\n- <strong>Nigella-Samen\u00f6l:<\/strong> Bekannt daf\u00fcr, verschiedene Insekten abzuwehren.<br \/>\n- <strong>Neem-\u00d6l:<\/strong> Unterbricht das Hormonsystem der Insekten und reduziert ihre Fortpflanzung.<br \/>\n- <strong>Amarum-Zweig:<\/strong> Bekannt f\u00fcr seinen unglaublich bitteren Geschmack, der Spaltpilze, Bremsen und Wespen sowie Zecken und Milben abwehrt.<\/p>\n<p>Insect Roll-On f\u00fcr Pferde ist die ideale L\u00f6sung, um Ihr Pferd vor l\u00e4stigen und potenziell sch\u00e4dlichen Insekten zu sch\u00fctzen und zu pflegen.<\/p>\n","protected":false},"excerpt":{"rendered":"<p><strong>60ml<\/strong><\/p>\n","protected":false},"featured_media":1649,"comment_status":"open","ping_status":"closed","template":"","meta":{"inline_featured_image":false},"product_brand":[],"product_cat":[67],"product_tag":[178,176,268,270,271,269,272],"class_list":{"0":"post-2136","1":"product","2":"type-product","3":"status-publish","4":"has-post-thumbnail","6":"product_cat-hourse-wonder","7":"product_tag-abhauen","8":"product_tag-fehler","9":"product_tag-insekt","10":"product_tag-insekten","11":"product_tag-insektenschutzmittel","12":"product_tag-insektenspray-2","13":"product_tag-mueckenspray-2","15":"first","16":"instock","17":"taxable","18":"shipping-taxable","19":"purchasable","20":"product-type-simple"},"_links":{"self":[{"href":"https:\/\/horsewonder.dk\/de\/wp-json\/wp\/v2\/product\/2136","targetHints":{"allow":["GET"]}}],"collection":[{"href":"https:\/\/horsewonder.dk\/de\/wp-json\/wp\/v2\/product"}],"about":[{"href":"https:\/\/horsewonder.dk\/de\/wp-json\/wp\/v2\/types\/product"}],"replies":[{"embeddable":true,"href":"https:\/\/horsewonder.dk\/de\/wp-json\/wp\/v2\/comments?post=2136"}],"version-history":[{"count":0,"href":"https:\/\/horsewonder.dk\/de\/wp-json\/wp\/v2\/product\/2136\/revisions"}],"wp:featuredmedia":[{"embeddable":true,"href":"https:\/\/horsewonder.dk\/de\/wp-json\/wp\/v2\/media\/1649"}],"wp:attachment":[{"href":"https:\/\/horsewonder.dk\/de\/wp-json\/wp\/v2\/media?parent=2136"}],"wp:term":[{"taxonomy":"product_brand","embeddable":true,"href":"https:\/\/horsewonder.dk\/de\/wp-json\/wp\/v2\/product_brand?post=2136"},{"taxonomy":"product_cat","embeddable":true,"href":"https:\/\/horsewonder.dk\/de\/wp-json\/wp\/v2\/product_cat?post=2136"},{"taxonomy":"product_tag","embeddable":true,"href":"https:\/\/horsewonder.dk\/de\/wp-json\/wp\/v2\/product_tag?post=2136"}],"curies":[{"name":"wp","href":"https:\/\/api.w.org\/{rel}","templated":true}]}}