{"id":2129,"date":"2026-04-01T12:03:17","date_gmt":"2026-04-01T11:03:17","guid":{"rendered":"https:\/\/horsewonder.dk\/product\/pferdewunder-reinigungsseife\/"},"modified":"2026-04-01T12:03:17","modified_gmt":"2026-04-01T11:03:17","slug":"pferdewunder-reinigungsseife","status":"publish","type":"product","link":"https:\/\/horsewonder.dk\/de\/produkt\/pferdewunder-reinigungsseife\/","title":{"rendered":"Pferdewunder-Reinigungsseife"},"content":{"rendered":"<h1>Pferdewunder-Reinigungsseife<\/h1>\n<h2>Effektive Reinigung f\u00fcr Pferde und Ausr\u00fcstung<\/h2>\n<p>Horse Wonder Cleaning Soap ist die ideale L\u00f6sung f\u00fcr die Reinigung von Pferden und Ausr\u00fcstung. Diese sanfte und dennoch kraftvolle Seife ist ma\u00dfgeschneidert, um die Haut Ihres Pferdes gesund und in Topform zu halten. <\/p>\n<p>&nbsp;<\/p>\n<h3><strong>Was die Horse Wonder Cleansing Soap f\u00fcr Sie tun kann:<\/strong><\/h3>\n<ul>\n<li><strong>Reinigung von entz\u00fcndeter und trockener Haut:<\/strong> Unsere Reinigungsformel wurde speziell entwickelt, um Entz\u00fcndungen zu lindern und trockene Haut bei Pferden mit Feuchtigkeit zu versorgen. Dies ist wichtig, um den Komfort und das Wohlbefinden Ihres Pferdes zu erhalten. <\/li>\n<li><strong>Effektive Schimmelentfernung:<\/strong> Zusammen mit unserer Universalsalbe ist die Horse Wonder Reinigungsseife Ihr bester Freund im Kampf gegen Schimmel. Sie beseitigt und verhindert diese l\u00e4stige Plage effektiv. <\/li>\n<li><strong>Sanfte Reinigung von S\u00e4tteln und Geschirren:<\/strong> Unsere Seife ist nicht nur f\u00fcr Pferde, sondern auch f\u00fcr die Reinigung Ihrer Ausr\u00fcstung geeignet. Verwenden Sie sie mit einem Schwamm und lauwarmem Wasser, um Ihre Ausr\u00fcstung in einem tadellosen Zustand zu halten. <\/li>\n<\/ul>\n<p>&nbsp;<\/p>\n<h3><strong>Wichtige Zutat:<\/strong><\/h3>\n<div class=\"flex-1 overflow-hidden\">\n<div class=\"react-scroll-to-bottom--css-cbcem-79elbk h-full dark:bg-gray-800\">\n<div class=\"react-scroll-to-bottom--css-cbcem-1n7m0yu\">\n<div class=\"flex flex-col text-sm dark:bg-gray-800\">\n<div class=\"group w-full text-token-text-primary border-b border-black\/10 dark:border-gray-900\/50 bg-gray-50 dark:bg-[#444654]\" data-testid=\"conversation-turn-195\">\n<div class=\"p-4 justify-center text-base md:gap-6 md:py-6 m-auto\">\n<div class=\"flex flex-1 gap-4 text-base mx-auto md:gap-6 md:max-w-2xl lg:max-w-[38rem] xl:max-w-3xl }\">\n<div class=\"relative flex w-[calc(100%-50px)] flex-col gap-1 md:gap-3 lg:w-[calc(100%-115px)]\">\n<div class=\"flex flex-grow flex-col gap-3 max-w-full\">\n<div class=\"min-h-[20px] flex flex-col items-start gap-3 overflow-x-auto whitespace-pre-wrap break-words\">\n<div class=\"markdown prose w-full break-words dark:prose-invert light\">\n<p>Unsere Seife enth\u00e4lt eine Mischung aus Kokosnuss- und Palmkern\u00f6l, die gr\u00fcndlich, aber sanft reinigt.<\/p>\n<p>Horse Wonder Cleaning Soap ist eine vielseitige Reinigungsl\u00f6sung f\u00fcr Ihr Pferd und Ihre Ausr\u00fcstung. Halten Sie die Haut Ihres Pferdes gesund und frei von Entz\u00fcndungen und entfernen Sie effektiv Schimmel im Stall. Auch f\u00fcr die Reinigung von S\u00e4tteln und Geschirren geeignet.  <\/p>\n<p>Wenn Sie Fragen zu unserem Produkt haben, k\u00f6nnen Sie uns gerne unter <a href=\"mailto:info@hocl.dk\" target=\"_new\" rel=\"noopener\">info@hocl.dk<\/a> kontaktieren oder uns unter Tel.: +45 <a href=\"tel:+4571999669\">71 99 96 69<\/a> anrufen.<\/p>\n<p>W\u00e4hlen Sie die Horse Wonder Reinigungsseife - f\u00fcr ein gl\u00fcckliches und gesundes Pferd und eine gut gepflegte Ausr\u00fcstung. In einer praktischen 100 ml Gr\u00f6\u00dfe. <\/p>\n<\/div>\n<\/div>\n<\/div>\n<\/div>\n<\/div>\n<\/div>\n<\/div>\n<\/div>\n<\/div>\n<\/div>\n<\/div>\n","protected":false},"excerpt":{"rendered":"<p><strong>100ml<\/strong><\/p>\n","protected":false},"featured_media":1655,"comment_status":"open","ping_status":"closed","template":"","meta":{"inline_featured_image":false},"product_brand":[],"product_cat":[67],"product_tag":[56,262,260,261],"class_list":{"0":"post-2129","1":"product","2":"type-product","3":"status-publish","4":"has-post-thumbnail","6":"product_cat-hourse-wonder","7":"product_tag-horse-wonder","8":"product_tag-https-hocl-dk-vare-tag-rense-saebe","9":"product_tag-pferdeseife","10":"product_tag-pferdewunder-reinigungsseife","12":"first","13":"instock","14":"taxable","15":"shipping-taxable","16":"purchasable","17":"product-type-simple"},"_links":{"self":[{"href":"https:\/\/horsewonder.dk\/de\/wp-json\/wp\/v2\/product\/2129","targetHints":{"allow":["GET"]}}],"collection":[{"href":"https:\/\/horsewonder.dk\/de\/wp-json\/wp\/v2\/product"}],"about":[{"href":"https:\/\/horsewonder.dk\/de\/wp-json\/wp\/v2\/types\/product"}],"replies":[{"embeddable":true,"href":"https:\/\/horsewonder.dk\/de\/wp-json\/wp\/v2\/comments?post=2129"}],"version-history":[{"count":0,"href":"https:\/\/horsewonder.dk\/de\/wp-json\/wp\/v2\/product\/2129\/revisions"}],"wp:featuredmedia":[{"embeddable":true,"href":"https:\/\/horsewonder.dk\/de\/wp-json\/wp\/v2\/media\/1655"}],"wp:attachment":[{"href":"https:\/\/horsewonder.dk\/de\/wp-json\/wp\/v2\/media?parent=2129"}],"wp:term":[{"taxonomy":"product_brand","embeddable":true,"href":"https:\/\/horsewonder.dk\/de\/wp-json\/wp\/v2\/product_brand?post=2129"},{"taxonomy":"product_cat","embeddable":true,"href":"https:\/\/horsewonder.dk\/de\/wp-json\/wp\/v2\/product_cat?post=2129"},{"taxonomy":"product_tag","embeddable":true,"href":"https:\/\/horsewonder.dk\/de\/wp-json\/wp\/v2\/product_tag?post=2129"}],"curies":[{"name":"wp","href":"https:\/\/api.w.org\/{rel}","templated":true}]}}