{"id":2088,"date":"2026-04-01T12:20:41","date_gmt":"2026-04-01T11:20:41","guid":{"rendered":"https:\/\/horsewonder.dk\/product\/pferdewunder-universal-salbe\/"},"modified":"2026-04-01T12:20:41","modified_gmt":"2026-04-01T11:20:41","slug":"pferdewunder-universal-salbe","status":"publish","type":"product","link":"https:\/\/horsewonder.dk\/de\/produkt\/pferdewunder-universal-salbe\/","title":{"rendered":"Pferdewunder Universal-Salbe"},"content":{"rendered":"<p><strong>PFERDEWUNDER UNIVERSAL SALBE<\/strong><\/p>\n<p><strong>Effektives Brennholz:<\/strong><\/p>\n<ul>\n<li>Sonnenverbrannte Maultiere<\/li>\n<li>Sonnenekzem<\/li>\n<li>Wunden nach einem Halfter<\/li>\n<li>Zaumzeug und S\u00e4ttel<\/li>\n<li>Kann f\u00fcr Schimmel verwendet werden (zusammen mit der Reinigungsseife)<\/li>\n<\/ul>\n<p><em><strong>Morgens und abends eine d\u00fcnne Schicht auftragen<\/strong><\/em><\/p>\n<p><strong>HORSEWONDER UNIVERSAL OINTMENT Enth\u00e4lt<\/strong>:<\/p>\n<ul>\n<li>Nat\u00fcrliche Vaseline aus Bl\u00fcten\u00f6len<\/li>\n<li>Trauben\u00f6l<\/li>\n<li>100% reines Bienenwachs von jungen Bienen<\/li>\n<\/ul>\n<p>Heilende und antibakterielle Wirkung auf Wunden<\/p>\n","protected":false},"excerpt":{"rendered":"<p><strong>250 ml.<\/strong><\/p>\n","protected":false},"featured_media":1683,"comment_status":"open","ping_status":"closed","template":"","meta":{"inline_featured_image":false},"product_brand":[],"product_cat":[67],"product_tag":[84,135,236,237],"class_list":{"0":"post-2088","1":"product","2":"type-product","3":"status-publish","4":"has-post-thumbnail","6":"product_cat-hourse-wonder","7":"product_tag-pferd","8":"product_tag-pferd-2","9":"product_tag-universal-salbe","10":"product_tag-universal-salbe-2","12":"first","13":"instock","14":"taxable","15":"shipping-taxable","16":"purchasable","17":"product-type-simple"},"_links":{"self":[{"href":"https:\/\/horsewonder.dk\/de\/wp-json\/wp\/v2\/product\/2088","targetHints":{"allow":["GET"]}}],"collection":[{"href":"https:\/\/horsewonder.dk\/de\/wp-json\/wp\/v2\/product"}],"about":[{"href":"https:\/\/horsewonder.dk\/de\/wp-json\/wp\/v2\/types\/product"}],"replies":[{"embeddable":true,"href":"https:\/\/horsewonder.dk\/de\/wp-json\/wp\/v2\/comments?post=2088"}],"version-history":[{"count":0,"href":"https:\/\/horsewonder.dk\/de\/wp-json\/wp\/v2\/product\/2088\/revisions"}],"wp:featuredmedia":[{"embeddable":true,"href":"https:\/\/horsewonder.dk\/de\/wp-json\/wp\/v2\/media\/1683"}],"wp:attachment":[{"href":"https:\/\/horsewonder.dk\/de\/wp-json\/wp\/v2\/media?parent=2088"}],"wp:term":[{"taxonomy":"product_brand","embeddable":true,"href":"https:\/\/horsewonder.dk\/de\/wp-json\/wp\/v2\/product_brand?post=2088"},{"taxonomy":"product_cat","embeddable":true,"href":"https:\/\/horsewonder.dk\/de\/wp-json\/wp\/v2\/product_cat?post=2088"},{"taxonomy":"product_tag","embeddable":true,"href":"https:\/\/horsewonder.dk\/de\/wp-json\/wp\/v2\/product_tag?post=2088"}],"curies":[{"name":"wp","href":"https:\/\/api.w.org\/{rel}","templated":true}]}}