{"id":1831,"date":"2026-04-03T11:52:15","date_gmt":"2026-04-03T10:52:15","guid":{"rendered":"https:\/\/horsewonder.dk\/product\/breath-spray\/"},"modified":"2026-04-03T11:52:56","modified_gmt":"2026-04-03T10:52:56","slug":"breath-spray","status":"publish","type":"product","link":"https:\/\/horsewonder.dk\/de\/produkt\/breath-spray\/","title":{"rendered":"Breath Spray"},"content":{"rendered":"<h1>Horse Wonder Breath Spray<br \/>\nMachen Sie Ihr Pferd wieder frei von Atemproblemen<\/h1>\n<p>Horse Wonder Breath Spray ist Ihre nat\u00fcrliche Antwort zur Bek\u00e4mpfung von Atemproblemen bei Pferden. Unser <strong>100% nat\u00fcrliches Produkt<\/strong> wurde sorgf\u00e4ltig entwickelt, um Ihr Pferd von den unangenehmen Symptomen zu befreien, die mit Atembeschwerden verbunden sind. <\/p>\n<h2>Zuverl\u00e4ssige L\u00f6sung<\/h2>\n<p>Horse Wonder Breath Spray ist nicht nur ein Versprechen, es ist eine Garantie. Wir stehen zu 100% hinter unserem Produkt und bieten eine Geld-zur\u00fcck-Garantie, wenn Sie nicht die gew\u00fcnschte Wirkung erzielen. Wir sind entschlossen, die Atmung Ihres Pferdes und damit seine Lebensqualit\u00e4t zu verbessern.  <\/p>\n<h3>Nat\u00fcrliche Inhaltsstoffe<\/h3>\n<p>Wir haben Horse Wonder Breath Spray mit sorgf\u00e4ltig ausgew\u00e4hlten nat\u00fcrlichen Inhaltsstoffen formuliert, die in Harmonie mit dem K\u00f6rper Ihres Pferdes wirken. Unsere Formel enth\u00e4lt ein Gel auf Wasserbasis, das mit Eukalyptus\u00f6l, japanischer Minze, Menthol, duftstofffreiem Kampfer und Lavendel angereichert ist. Diese Inhaltsstoffe sind f\u00fcr ihre beruhigenden und atmungsaktiven Eigenschaften bekannt und sanft zur Haut Ihres Pferdes.  <\/p>\n<h3>Sichere Verwendung<\/h3>\n<p>Horse Wonder Breath Spray ist zur \u00e4u\u00dferlichen Anwendung bestimmt und sollte f\u00fcr eine optimale Wirkung auf Brust und Hals des Pferdes aufgetragen werden. Wir empfehlen, das Produkt vor der Anwendung zu sch\u00fctteln. Sollte es versehentlich in die Augen gelangen, sp\u00fclen Sie es gr\u00fcndlich mit Wasser aus.  <\/p>\n<h3>Lagerung<\/h3>\n<p>Um die bestm\u00f6gliche Wirkung zu erzielen, wird empfohlen, Horse Wonder Breath Spray im K\u00fchlschrank aufzubewahren.<\/p>\n<p>Horse Wonder Breath Spray ist Ihr Schl\u00fcssel, um Ihr Pferd von Atemproblemen zu befreien. Probieren Sie es noch heute aus und erleben Sie eine Ver\u00e4nderung des Wohlbefindens Ihres Pferdes. <\/p>\n","protected":false},"excerpt":{"rendered":"<p><strong>500ml<\/strong><\/p>\n","protected":false},"featured_media":1833,"comment_status":"open","ping_status":"closed","template":"","meta":{"inline_featured_image":false},"product_brand":[],"product_cat":[67],"product_tag":[178,176,184,182,180],"class_list":{"0":"post-1831","1":"product","2":"type-product","3":"status-publish","4":"has-post-thumbnail","6":"product_cat-hourse-wonder","7":"product_tag-abhauen","8":"product_tag-fehler","9":"product_tag-insektenspray","10":"product_tag-mueckenspray","11":"product_tag-stechmuecken","13":"first","14":"instock","15":"taxable","16":"shipping-taxable","17":"purchasable","18":"product-type-simple"},"_links":{"self":[{"href":"https:\/\/horsewonder.dk\/de\/wp-json\/wp\/v2\/product\/1831","targetHints":{"allow":["GET"]}}],"collection":[{"href":"https:\/\/horsewonder.dk\/de\/wp-json\/wp\/v2\/product"}],"about":[{"href":"https:\/\/horsewonder.dk\/de\/wp-json\/wp\/v2\/types\/product"}],"replies":[{"embeddable":true,"href":"https:\/\/horsewonder.dk\/de\/wp-json\/wp\/v2\/comments?post=1831"}],"version-history":[{"count":1,"href":"https:\/\/horsewonder.dk\/de\/wp-json\/wp\/v2\/product\/1831\/revisions"}],"predecessor-version":[{"id":1842,"href":"https:\/\/horsewonder.dk\/de\/wp-json\/wp\/v2\/product\/1831\/revisions\/1842"}],"wp:featuredmedia":[{"embeddable":true,"href":"https:\/\/horsewonder.dk\/de\/wp-json\/wp\/v2\/media\/1833"}],"wp:attachment":[{"href":"https:\/\/horsewonder.dk\/de\/wp-json\/wp\/v2\/media?parent=1831"}],"wp:term":[{"taxonomy":"product_brand","embeddable":true,"href":"https:\/\/horsewonder.dk\/de\/wp-json\/wp\/v2\/product_brand?post=1831"},{"taxonomy":"product_cat","embeddable":true,"href":"https:\/\/horsewonder.dk\/de\/wp-json\/wp\/v2\/product_cat?post=1831"},{"taxonomy":"product_tag","embeddable":true,"href":"https:\/\/horsewonder.dk\/de\/wp-json\/wp\/v2\/product_tag?post=1831"}],"curies":[{"name":"wp","href":"https:\/\/api.w.org\/{rel}","templated":true}]}}