{"id":1457,"date":"2026-03-31T07:09:57","date_gmt":"2026-03-31T06:09:57","guid":{"rendered":"https:\/\/horsewonder.dk\/product\/wonder-cooling-body-wrap\/"},"modified":"2026-03-31T07:09:57","modified_gmt":"2026-03-31T06:09:57","slug":"wonder-cooling-body-wrap","status":"publish","type":"product","link":"https:\/\/horsewonder.dk\/de\/produkt\/wonder-cooling-body-wrap\/","title":{"rendered":"Wonder Cooling Body Wrap"},"content":{"rendered":"<h2><strong>Wonder Cooling Body Wrap<\/strong><\/h2>\n<h3><strong>Gr\u00f6\u00dfe 60\u2033 x 63\u2033<\/strong><\/h3>\n<p>Das revolution\u00e4re neue Produkt f\u00fcr menschliche Athleten ist jetzt auch f\u00fcr unsere vierbeinigen Athleten erh\u00e4ltlich! Die Textiltechnologie nutzt ein fortschrittliches hyper-verdunstendes Material. Bei Aktivierung wird das Wrap bis zu 22 \u00b0 k\u00fchler als die Umgebungstemperatur und senkt die K\u00f6rpertemperatur deines Pferdes. Der K\u00fchleffekt kann stundenlang anhalten! Wasser wird vom Multifasergewebe aufgenommen, das reguliert, wie lange es dauert, bis das Wasser verdunstet \u2013 f\u00fcr eine anhaltende K\u00fchlwirkung. Ideal f\u00fcr Freizeitreiter, die den Komfort ihres Pferdes verbessern m\u00f6chten; hervorragend f\u00fcr den Turniersport, da es die K\u00f6rperkerntemperatur SCHNELL, aber SICHER senkt. Perfekte Therapie zur Muskelregeneration nach Anstrengung, Transport, Anhidrose und anderen hitzebedingten Problemen.      <\/p>\n<p>&nbsp;<\/p>\n<p><strong>SO VERWENDEST DU WONDER COOLING BODY WRAP:<\/strong><\/p>\n<ol>\n<li>Lege das Wrap mit der genoppten Seite nach unten auf das Pferd<\/li>\n<li>Brustgurte schlie\u00dfen (aber locker lassen, damit Bewegungsfreiheit bleibt)<\/li>\n<li>Bauchklappe schlie\u00dfen<\/li>\n<li>Befeuchte die Klappe leicht mit der Nebel-Einstellung am Schlauch oder mit einer Spr\u00fchflasche. F\u00fcr optimale Ergebnisse das Wrap anheben und auch die Unterseite bespr\u00fchen. Achte darauf, das Wrap nicht zu \u00fcbers\u00e4ttigen!  <\/li>\n<li>Verwende Wasser in jeder Temperatur aus jeder Wasserquelle und lege das Wrap auf dein nicht angebundenes Pferd<\/li>\n<li>Geh einfach mit deinem Pferd los, damit Luft dar\u00fcber streichen kann, oder zieh die Seiten des Wraps leicht auseinander, um die K\u00fchlung zu aktivieren<\/li>\n<li>Um die K\u00fchlzeit zu verl\u00e4ngern, befeuchte das Wrap einfach, indem du es leicht mit der Nebel-Einstellung am Schlauch oder mit einer Spr\u00fchflasche aus jeder verf\u00fcgbaren Wasserquelle bespr\u00fchst. Wasser kann aufgetragen werden, und das Wrap k\u00fchlt w\u00e4hrend der Verdunstung. Achte darauf, das Wrap nicht auf einmal mit zu viel Wasser zu tr\u00e4nken. Das Gewicht des Wassers im Wrap verringert die Luftzirkulation, die f\u00fcr den K\u00fchlprozess entscheidend ist   <\/li>\n<\/ol>\n<p>&nbsp;<\/p>\n<h2><strong>PFLEGEHINWEISE:<\/strong><\/h2>\n<ul>\n<li>Vor und nach jeder Anwendung aussp\u00fclen.<\/li>\n<li>Nach der Anwendung, solange es noch feucht ist, falten und in der Originalverpackung oder einem beliebigen verschlie\u00dfbaren Beh\u00e4lter aufbewahren. Wenn es l\u00e4nger als 3\u20134 Wochen nicht verwendet wird, im feuchten Zustand falten und vollst\u00e4ndig trocknen lassen, bevor es gelagert wird. Falte das Wrap nicht, wenn es hart ist \u2013 befeuchte es einfach, um es wieder weich zu machen  <\/li>\n<li>Maschinenw\u00e4sche oder Handw\u00e4sche separat mit milder Seife oder Waschmittel. Nicht in den Trockner geben <\/li>\n<\/ul>\n<p>&nbsp;<\/p>\n<h2><strong>K\u00dcHLT STUNDENLANG!<\/strong><\/h2>\n<p>Selbst bei hohen Temperaturen sorgt es den ganzen Tag f\u00fcr anhaltende FEUCHTIGKEIT. K\u00fchlung oder Strom werden nie ben\u00f6tigt. Einfach befeuchten und schwingen. Perfekt, wann immer dein Pferd Abk\u00fchlung braucht! Regeneration nach dem Turnier, Freizeitreiten bei hei\u00dfem Wetter, Anhidrose und andere hitzebedingte Verletzungen.    <\/p>\n<ul>\n<li>Das Wrap ist nicht f\u00fcr medizinische Zust\u00e4nde gedacht, au\u00dfer zur Linderung. By Wonder \u00fcbernimmt keine Verantwortung f\u00fcr Sch\u00e4den, die durch unsachgem\u00e4\u00dfe Verwendung des Produkts entstehen. <\/li>\n<li>By Wonder haftet nur f\u00fcr die Kosten des Produktaustauschs.<\/li>\n<li>Warnung: Lass dein Pferd niemals unbeaufsichtigt, w\u00e4hrend es Horse Wonder Cooling-Wraps tr\u00e4gt, da Stoff, Gurte und Schnallen eine Erstickungsgefahr darstellen oder bei Verschlucken eine Verstopfung verursachen k\u00f6nnen.<\/li>\n<\/ul>\n<p>KANN MIT EPSOM-SALZ ODER LINIMENTEN VERWENDET WERDEN<\/p>\n<p>SCHNELLERE REGENERATION NACH ANSTRENGUNG<\/p>\n<p>KEINE K\u00dcHLUNG, KEIN STROM ODER GEL MASCHINENWASCHBAR &amp; WIEDERVERWENDBAR<\/p>\n","protected":false},"excerpt":{"rendered":"<p>60\u2033 x 63\u2033<br \/>\nWonder Horse Cooling ist ein revolution\u00e4res Produkt f\u00fcr Pferde! Die Textiltechnologie nutzt ein fortschrittliches hyper-verdunstendes Material. Ideal f\u00fcr Freizeitreiter, die den Komfort ihres Pferdes verbessern m\u00f6chten; hervorragend f\u00fcr den Turniersport, da es die K\u00f6rperkerntemperatur SCHNELL, aber SICHER senkt. Perfekte Therapie zur Muskelregeneration nach Anstrengung, Transport, Anhidrose und anderen hitzebedingten Problemen.   <\/p>\n","protected":false},"featured_media":1432,"comment_status":"open","ping_status":"closed","template":"","meta":{"inline_featured_image":false},"product_brand":[],"product_cat":[67],"product_tag":[125,56,84,135,126],"class_list":{"0":"post-1457","1":"product","2":"type-product","3":"status-publish","4":"has-post-thumbnail","6":"product_cat-hourse-wonder","7":"product_tag-body-wrap","8":"product_tag-horse-wonder","9":"product_tag-pferd","10":"product_tag-pferd-2","11":"product_tag-wonder-cooling-body-wrap","13":"first","14":"instock","15":"taxable","16":"shipping-taxable","17":"purchasable","18":"product-type-simple"},"_links":{"self":[{"href":"https:\/\/horsewonder.dk\/de\/wp-json\/wp\/v2\/product\/1457","targetHints":{"allow":["GET"]}}],"collection":[{"href":"https:\/\/horsewonder.dk\/de\/wp-json\/wp\/v2\/product"}],"about":[{"href":"https:\/\/horsewonder.dk\/de\/wp-json\/wp\/v2\/types\/product"}],"replies":[{"embeddable":true,"href":"https:\/\/horsewonder.dk\/de\/wp-json\/wp\/v2\/comments?post=1457"}],"version-history":[{"count":0,"href":"https:\/\/horsewonder.dk\/de\/wp-json\/wp\/v2\/product\/1457\/revisions"}],"wp:featuredmedia":[{"embeddable":true,"href":"https:\/\/horsewonder.dk\/de\/wp-json\/wp\/v2\/media\/1432"}],"wp:attachment":[{"href":"https:\/\/horsewonder.dk\/de\/wp-json\/wp\/v2\/media?parent=1457"}],"wp:term":[{"taxonomy":"product_brand","embeddable":true,"href":"https:\/\/horsewonder.dk\/de\/wp-json\/wp\/v2\/product_brand?post=1457"},{"taxonomy":"product_cat","embeddable":true,"href":"https:\/\/horsewonder.dk\/de\/wp-json\/wp\/v2\/product_cat?post=1457"},{"taxonomy":"product_tag","embeddable":true,"href":"https:\/\/horsewonder.dk\/de\/wp-json\/wp\/v2\/product_tag?post=1457"}],"curies":[{"name":"wp","href":"https:\/\/api.w.org\/{rel}","templated":true}]}}