{"id":1407,"date":"2026-03-31T07:02:43","date_gmt":"2026-03-31T06:02:43","guid":{"rendered":"https:\/\/horsewonder.dk\/product\/wonder-cooling-body-wrap-deluxe\/"},"modified":"2026-03-31T07:02:43","modified_gmt":"2026-03-31T06:02:43","slug":"wonder-cooling-body-wrap-deluxe","status":"publish","type":"product","link":"https:\/\/horsewonder.dk\/de\/produkt\/wonder-cooling-body-wrap-deluxe\/","title":{"rendered":"Wonder Cooling Body Wrap Deluxe"},"content":{"rendered":"<p>Jetzt kannst du deinem vierbeinigen Freund die ultimative Abk\u00fchlung bieten \u2013 mit unserem Wonder Cooling Body Wrap Deluxe. Diese bahnbrechende Technologie, die bisher nur menschlichen Athleten vorbehalten war, ist jetzt f\u00fcr dein Pferd erh\u00e4ltlich. <\/p>\n<p>Der Wrap k\u00fchlt stundenlang \u2013 selbst bei gro\u00dfer Hitze. Kein K\u00fchlschrank, kein Strom, kein Gel n\u00f6tig. Einfach anfeuchten und abk\u00fchlen!  <\/p>\n<p>&nbsp;<\/p>\n<p>\ud83c\udf21\ufe0f <strong>K\u00fchlt bis zu 22 \u00b0C<\/strong>: Der Wrap nutzt fortschrittliche Hyperverdunstungstechnologie und kann die K\u00f6rpertemperatur deines Pferdes im Vergleich zur Umgebung um bis zu 22 \u00b0C senken. Dieser K\u00fchleffekt h\u00e4lt stundenlang an \u2013 und dein Pferd wird es dir danken <\/p>\n<p>\ud83c\udfc7 <strong>Perfekt f\u00fcr alle Disziplinen<\/strong>: Egal, ob du entspannt ausreitest oder an Turnieren teilnimmst \u2013 der Wonder Cooling Body Wrap Deluxe hilft, die K\u00f6rperkerntemperatur deines Pferdes schnell und sicher zu senken<\/p>\n<p>\ud83c\udf0a <strong>Lang anhaltende K\u00fchlung<\/strong>: Der Wrap nimmt Wasser auf, das nach und nach verdunstet \u2013 so bleibt dein Pferd lange angenehm k\u00fchl<\/p>\n<p>&nbsp;<\/p>\n<h2><strong>So verwendest du den Wonder Cooling Body Wrap Deluxe<\/strong>:<\/h2>\n<ol>\n<li>Lege den Wrap mit der gerillten Seite nach unten auf das Pferd.<\/li>\n<li>Befestige die Brustgurte (aber lass sie locker, damit sich dein Pferd frei bewegen kann).<\/li>\n<li>Befestige den Bauchgurt.<\/li>\n<\/ol>\n<p>Befeuchte den Bauchgurt leicht mit einer Spr\u00fchflasche oder einem Schlauch und hebe den Wrap an, um die Unterseite zu bespr\u00fchen. Achte darauf, den Wrap nicht zu durchn\u00e4ssen. <\/p>\n<p>&nbsp;<\/p>\n<h2><strong>Wartung und Pflege<\/strong>:<\/h2>\n<ul>\n<li>Vor und nach jeder Anwendung aussp\u00fclen.<\/li>\n<li>Wenn du den Wrap nicht mehr benutzt, falte ihn zusammen, solange er noch feucht ist, und bewahre ihn in der Originalverpackung oder in einem luftdicht verschlossenen Beh\u00e4lter auf.<\/li>\n<li>Wenn der Wrap l\u00e4nger als 3\u20134 Wochen nicht verwendet wird, falte ihn zusammen, solange er noch feucht ist, und lass ihn vollst\u00e4ndig trocknen, bevor du ihn verstaust. Falte den Wrap nicht, wenn er hart ist; befeuchte ihn einfach, um ihn wieder weich zu machen.<\/li>\n<li>Separat in der Maschine oder von Hand mit milder Seife oder Waschmittel waschbar. Den Wrap nicht in den Trockner geben. <\/li>\n<\/ul>\n<p>&nbsp;<\/p>\n<h3><strong>Hinweis<\/strong>:<\/h3>\n<p>Der Wrap ist nicht f\u00fcr medizinische Zust\u00e4nde gedacht, au\u00dfer zur Linderung. By Wonder \u00fcbernimmt keine Verantwortung f\u00fcr Sch\u00e4den, die durch unsachgem\u00e4\u00dfe Verwendung des Produkts entstehen. <\/p>\n","protected":false},"excerpt":{"rendered":"<p>Gr\u00f6\u00dfe 67\u201d x 82\u201d<br \/>\nWonder Horse Cooling ist ein revolution\u00e4res Produkt f\u00fcr Pferde! Die Textiltechnologie nutzt ein fortschrittliches hyper-evaporatives Material. Ideal f\u00fcr Freizeitreiter, die den Komfort ihres Pferdes verbessern m\u00f6chten; hervorragend f\u00fcr wettkampforientierte Disziplinen, da es eine SCHNELLE, aber SICHERE Senkung der K\u00f6rperkerntemperatur erm\u00f6glicht. Perfekte Therapie zur Muskelregeneration nach Belastung, Transport, Anhidrose und anderen hitzebedingten Problemen.   <\/p>\n","protected":false},"featured_media":1391,"comment_status":"open","ping_status":"closed","template":"","meta":{"inline_featured_image":false},"product_brand":[],"product_cat":[67],"product_tag":[125,56,84,102,126],"class_list":{"0":"post-1407","1":"product","2":"type-product","3":"status-publish","4":"has-post-thumbnail","6":"product_cat-hourse-wonder","7":"product_tag-body-wrap","8":"product_tag-horse-wonder","9":"product_tag-pferd","10":"product_tag-wonder","11":"product_tag-wonder-cooling-body-wrap","13":"first","14":"instock","15":"taxable","16":"shipping-taxable","17":"purchasable","18":"product-type-simple"},"_links":{"self":[{"href":"https:\/\/horsewonder.dk\/de\/wp-json\/wp\/v2\/product\/1407","targetHints":{"allow":["GET"]}}],"collection":[{"href":"https:\/\/horsewonder.dk\/de\/wp-json\/wp\/v2\/product"}],"about":[{"href":"https:\/\/horsewonder.dk\/de\/wp-json\/wp\/v2\/types\/product"}],"replies":[{"embeddable":true,"href":"https:\/\/horsewonder.dk\/de\/wp-json\/wp\/v2\/comments?post=1407"}],"version-history":[{"count":0,"href":"https:\/\/horsewonder.dk\/de\/wp-json\/wp\/v2\/product\/1407\/revisions"}],"wp:featuredmedia":[{"embeddable":true,"href":"https:\/\/horsewonder.dk\/de\/wp-json\/wp\/v2\/media\/1391"}],"wp:attachment":[{"href":"https:\/\/horsewonder.dk\/de\/wp-json\/wp\/v2\/media?parent=1407"}],"wp:term":[{"taxonomy":"product_brand","embeddable":true,"href":"https:\/\/horsewonder.dk\/de\/wp-json\/wp\/v2\/product_brand?post=1407"},{"taxonomy":"product_cat","embeddable":true,"href":"https:\/\/horsewonder.dk\/de\/wp-json\/wp\/v2\/product_cat?post=1407"},{"taxonomy":"product_tag","embeddable":true,"href":"https:\/\/horsewonder.dk\/de\/wp-json\/wp\/v2\/product_tag?post=1407"}],"curies":[{"name":"wp","href":"https:\/\/api.w.org\/{rel}","templated":true}]}}