{"id":1336,"date":"2026-03-31T06:43:07","date_gmt":"2026-03-31T05:43:07","guid":{"rendered":"https:\/\/horsewonder.dk\/product\/wonder-cooling-sprunggelenkbandage\/"},"modified":"2026-03-31T06:46:44","modified_gmt":"2026-03-31T05:46:44","slug":"wonder-cooling-sprunggelenkbandage","status":"publish","type":"product","link":"https:\/\/horsewonder.dk\/de\/produkt\/wonder-cooling-sprunggelenkbandage\/","title":{"rendered":"Wonder Cooling Sprunggelenkbandage"},"content":{"rendered":"<p>Mit unserem Wonder Cooling Hock Wrap bekommt dein Pferd die Abk\u00fchlung, die es nach dem Training oder bei \u00dcberhitzung braucht. Der Hock Wrap ist einfach anzuwenden und sorgt f\u00fcr stundenlange K\u00fchlung. <\/p>\n<p>Der Wrap k\u00fchlt stundenlang, selbst bei gro\u00dfer Hitze. Kein K\u00fchlschrank, kein Strom und kein Gel n\u00f6tig. Einfach anfeuchten, auswringen und aussch\u00fctteln!  <\/p>\n<p>&nbsp;<\/p>\n<h2><strong>So verwendest du den Wonder Cooling Hock Wrap<\/strong>:<\/h2>\n<ol>\n<li>Befeuchte den Wrap mit Wasser aus jeder Quelle und dr\u00fccke \u00fcbersch\u00fcssiges Wasser aus. Schwinge den Wrap 10\u201315 Sekunden lang durch die Luft. <\/li>\n<li>Mit der geriffelten Seite zum Pferd wird das Produkt um das Bein gewickelt und bedeckt f\u00fcr beste Ergebnisse so viel Fl\u00e4che wie m\u00f6glich.<\/li>\n<\/ol>\n<p>&nbsp;<\/p>\n<h2><strong>K\u00fchlzeit verl\u00e4ngern:<\/strong><\/h2>\n<p>indem du den Wrap einfach erneut anfeuchtest, z. B. durch leichtes Bespr\u00fchen mit Wasser aus dem Schlauch oder einer Spr\u00fchflasche. Wasser in jeder Temperatur kann verwendet werden, und der Wrap k\u00fchlt durch Verdunstung. <\/p>\n<p>&nbsp;<\/p>\n<h2><strong>Wartung und Pflege<\/strong>:<\/h2>\n<ul>\n<li>Vor und nach jeder Anwendung aussp\u00fclen.<\/li>\n<li>Wenn du den Wrap nicht mehr brauchst, falte ihn, solange er noch feucht ist, und lege ihn in die Originalverpackung oder einen luftdicht verschlossenen Beh\u00e4lter. Wenn er l\u00e4nger als 3\u20134 Wochen nicht verwendet wird, falte ihn, solange er noch feucht ist, und lass ihn vollst\u00e4ndig trocknen. <\/li>\n<li>Falte den Wrap nicht, wenn er hart ist; befeuchte ihn einfach, um ihn wieder weich zu machen.<\/li>\n<li>Separat in der Maschine oder von Hand mit milder Seife bzw. mildem Waschmittel waschbar. Den Wrap nicht in den Trockner geben. <\/li>\n<\/ul>\n<p>&nbsp;<\/p>\n<h3><strong>Hinweis<\/strong>:<\/h3>\n<p>Der Wrap ist nicht f\u00fcr medizinische Zust\u00e4nde gedacht, au\u00dfer zur Linderung. By Wonder \u00fcbernimmt keine Verantwortung f\u00fcr Sch\u00e4den, die durch unsachgem\u00e4\u00dfe Verwendung des Produkts entstehen. <\/p>\n","protected":false},"excerpt":{"rendered":"<p>Inkl. 2 Wraps<br \/>\nWonder Horse Cooling ist ein revolution\u00e4res Produkt f\u00fcr Pferde! Die Textiltechnologie nutzt ein fortschrittliches hyper-evaporatives Material. Ideal f\u00fcr Freizeitreiter, die den Komfort ihres Pferdes verbessern m\u00f6chten; hervorragend f\u00fcr den Turniersport, da es eine SCHNELLE, aber SICHERE Senkung der K\u00f6rperkerntemperatur erm\u00f6glicht. Perfekte Therapie zur Muskelregeneration nach Anstrengung, Transport, Anhidrose und anderen hitzebedingten Problemen.   <\/p>\n","protected":false},"featured_media":1337,"comment_status":"open","ping_status":"closed","template":"","meta":{"inline_featured_image":false},"product_brand":[],"product_cat":[67],"product_tag":[56,84,100,101,102,103],"class_list":{"0":"post-1336","1":"product","2":"type-product","3":"status-publish","4":"has-post-thumbnail","6":"product_cat-hourse-wonder","7":"product_tag-horse-wonder","8":"product_tag-pferd","9":"product_tag-sprunggelenkbandage","10":"product_tag-sprunggelenkbandage-fuer-pferde","11":"product_tag-wonder","12":"product_tag-wonder-cooling-sprunggelenkbandage","14":"first","15":"instock","16":"taxable","17":"shipping-taxable","18":"purchasable","19":"product-type-simple"},"_links":{"self":[{"href":"https:\/\/horsewonder.dk\/de\/wp-json\/wp\/v2\/product\/1336","targetHints":{"allow":["GET"]}}],"collection":[{"href":"https:\/\/horsewonder.dk\/de\/wp-json\/wp\/v2\/product"}],"about":[{"href":"https:\/\/horsewonder.dk\/de\/wp-json\/wp\/v2\/types\/product"}],"replies":[{"embeddable":true,"href":"https:\/\/horsewonder.dk\/de\/wp-json\/wp\/v2\/comments?post=1336"}],"version-history":[{"count":1,"href":"https:\/\/horsewonder.dk\/de\/wp-json\/wp\/v2\/product\/1336\/revisions"}],"predecessor-version":[{"id":1372,"href":"https:\/\/horsewonder.dk\/de\/wp-json\/wp\/v2\/product\/1336\/revisions\/1372"}],"wp:featuredmedia":[{"embeddable":true,"href":"https:\/\/horsewonder.dk\/de\/wp-json\/wp\/v2\/media\/1337"}],"wp:attachment":[{"href":"https:\/\/horsewonder.dk\/de\/wp-json\/wp\/v2\/media?parent=1336"}],"wp:term":[{"taxonomy":"product_brand","embeddable":true,"href":"https:\/\/horsewonder.dk\/de\/wp-json\/wp\/v2\/product_brand?post=1336"},{"taxonomy":"product_cat","embeddable":true,"href":"https:\/\/horsewonder.dk\/de\/wp-json\/wp\/v2\/product_cat?post=1336"},{"taxonomy":"product_tag","embeddable":true,"href":"https:\/\/horsewonder.dk\/de\/wp-json\/wp\/v2\/product_tag?post=1336"}],"curies":[{"name":"wp","href":"https:\/\/api.w.org\/{rel}","templated":true}]}}