{"id":1302,"date":"2026-03-31T06:33:54","date_gmt":"2026-03-31T05:33:54","guid":{"rendered":"https:\/\/horsewonder.dk\/product\/wonder-cooling-leg-wrap\/"},"modified":"2026-03-31T06:53:58","modified_gmt":"2026-03-31T05:53:58","slug":"wonder-cooling-leg-wrap","status":"publish","type":"product","link":"https:\/\/horsewonder.dk\/de\/produkt\/wonder-cooling-leg-wrap\/","title":{"rendered":"Wonder Cooling Leg Wrap"},"content":{"rendered":"<p>Mit Wonder Cooling Leg Wrap bekommt dein Pferd sofortige K\u00fchlung nach dem Training oder bei warmem Wetter. Der Leg Wrap ist einfach anzuwenden und bietet deinem Pferd stundenlang angenehme K\u00fchlung. <\/p>\n<p>Der Wrap k\u00fchlt stundenlang, selbst bei gro\u00dfer Hitze. Kein K\u00fchlschrank, kein Strom und kein Gel n\u00f6tig. Einfach anfeuchten, auswringen und aussch\u00fctteln!  <\/p>\n<p>&nbsp;<\/p>\n<h2><strong>So verwendest du Wonder Cooling Leg Wrap<\/strong>:<\/h2>\n<ol>\n<li>Befeuchte den Wrap mit Wasser aus jeder Quelle und dr\u00fccke \u00fcbersch\u00fcssiges Wasser aus. Schwinge den Wrap 10\u201315 Sekunden in der Luft. <\/li>\n<li>Mit der geriffelten Seite zum Pferd wickelst du das Produkt so fest wie m\u00f6glich um das Pferdebein \u2013 f\u00fcr die besten Ergebnisse.<\/li>\n<\/ol>\n<p>&nbsp;<\/p>\n<h2><strong>K\u00fchlzeit verl\u00e4ngern<\/strong><\/h2>\n<p>Indem du den Wrap einfach erneut anfeuchtest, z. B. durch leichtes Bespr\u00fchen mit Wasser aus einem Schlauch oder einer Spr\u00fchflasche. Wasser in jeder Temperatur kann verwendet werden, und der Wrap k\u00fchlt durch Verdunstung. Schwinge den Wrap, um Luftzirkulation zu erzeugen, und lege ihn anschlie\u00dfend auf das Pferd.  <\/p>\n<p>&nbsp;<\/p>\n<h2><strong>Wartung und Pflege<\/strong>:<\/h2>\n<ul>\n<li>Vor und nach jeder Anwendung aussp\u00fclen.<\/li>\n<li>Wenn du den Wrap nicht mehr benutzt, falte ihn, solange er noch feucht ist, zusammen und lege ihn in die Originalverpackung oder einen luftdicht verschlossenen Beh\u00e4lter. Wenn er l\u00e4nger als 3\u20134 Wochen nicht benutzt wird, falte ihn zusammen, solange er noch feucht ist, und lass ihn vollst\u00e4ndig trocknen.<\/li>\n<li>Falte den Wrap nicht, wenn er hart ist; befeuchte ihn einfach, um ihn wieder weich zu machen.<\/li>\n<li>Separat in der Maschine oder von Hand mit milder Seife oder Waschmittel waschbar. Den Wrap nicht in den Trockner geben. <\/li>\n<\/ul>\n<p>&nbsp;<\/p>\n<h3><strong>Hinweis<\/strong>:<\/h3>\n<p>Der Wrap ist nicht f\u00fcr medizinische Zust\u00e4nde gedacht, au\u00dfer zur Linderung. By Wonder \u00fcbernimmt keine Verantwortung f\u00fcr Sch\u00e4den, die durch unsachgem\u00e4\u00dfe Verwendung des Produkts entstehen. <\/p>\n<p>Gib deinem Pferd die beste K\u00fchlung mit Wonder Cooling Leg Wrap! \ud83d\udc34<\/p>\n","protected":false},"excerpt":{"rendered":"<p>Inkl. 2 Wraps<br \/>\nWonder Horse Cooling ist ein revolution\u00e4res Produkt f\u00fcr Pferde! Die Textiltechnologie nutzt ein fortschrittliches hyper-evaporatives Material. Ideal f\u00fcr Freizeitreiter, die den Komfort ihres Pferdes verbessern m\u00f6chten; hervorragend f\u00fcr den Turniersport, da es eine SCHNELLE, aber SICHERE Senkung der K\u00f6rperkerntemperatur erm\u00f6glicht. Perfekte Therapie zur Muskelregeneration nach Anstrengung, Transport, Anhidrose und anderen hitzebedingten Problemen.   <\/p>\n","protected":false},"featured_media":1303,"comment_status":"open","ping_status":"closed","template":"","meta":{"inline_featured_image":false},"product_brand":[],"product_cat":[67],"product_tag":[81,56,120,84,83,85],"class_list":{"0":"post-1302","1":"product","2":"type-product","3":"status-publish","4":"has-post-thumbnail","6":"product_cat-hourse-wonder","7":"product_tag-bein","8":"product_tag-horse-wonder","9":"product_tag-leg-wraps","10":"product_tag-pferd","11":"product_tag-pferdebeine","12":"product_tag-wrap","14":"first","15":"instock","16":"taxable","17":"shipping-taxable","18":"purchasable","19":"product-type-simple"},"_links":{"self":[{"href":"https:\/\/horsewonder.dk\/de\/wp-json\/wp\/v2\/product\/1302","targetHints":{"allow":["GET"]}}],"collection":[{"href":"https:\/\/horsewonder.dk\/de\/wp-json\/wp\/v2\/product"}],"about":[{"href":"https:\/\/horsewonder.dk\/de\/wp-json\/wp\/v2\/types\/product"}],"replies":[{"embeddable":true,"href":"https:\/\/horsewonder.dk\/de\/wp-json\/wp\/v2\/comments?post=1302"}],"version-history":[{"count":1,"href":"https:\/\/horsewonder.dk\/de\/wp-json\/wp\/v2\/product\/1302\/revisions"}],"predecessor-version":[{"id":1389,"href":"https:\/\/horsewonder.dk\/de\/wp-json\/wp\/v2\/product\/1302\/revisions\/1389"}],"wp:featuredmedia":[{"embeddable":true,"href":"https:\/\/horsewonder.dk\/de\/wp-json\/wp\/v2\/media\/1303"}],"wp:attachment":[{"href":"https:\/\/horsewonder.dk\/de\/wp-json\/wp\/v2\/media?parent=1302"}],"wp:term":[{"taxonomy":"product_brand","embeddable":true,"href":"https:\/\/horsewonder.dk\/de\/wp-json\/wp\/v2\/product_brand?post=1302"},{"taxonomy":"product_cat","embeddable":true,"href":"https:\/\/horsewonder.dk\/de\/wp-json\/wp\/v2\/product_cat?post=1302"},{"taxonomy":"product_tag","embeddable":true,"href":"https:\/\/horsewonder.dk\/de\/wp-json\/wp\/v2\/product_tag?post=1302"}],"curies":[{"name":"wp","href":"https:\/\/api.w.org\/{rel}","templated":true}]}}