{"id":1257,"date":"2026-03-31T06:22:17","date_gmt":"2026-03-31T05:22:17","guid":{"rendered":"https:\/\/horsewonder.dk\/product\/wonder-cooling-neck-wrap\/"},"modified":"2026-03-31T06:51:07","modified_gmt":"2026-03-31T05:51:07","slug":"wonder-cooling-neck-wrap","status":"publish","type":"product","link":"https:\/\/horsewonder.dk\/de\/produkt\/wonder-cooling-neck-wrap\/","title":{"rendered":"Wonder Cooling Neck Wrap"},"content":{"rendered":"<p>Unser Wonder Cooling Neck Wrap wurde entwickelt, um den Hals deines Pferdes nach dem Training oder bei warmem Wetter sofort zu k\u00fchlen. Er ist einfach anzuwenden und aus einem Material gefertigt, das den Komfort deines Pferdes gew\u00e4hrleistet. <\/p>\n<p>Der Wrap k\u00fchlt stundenlang, selbst bei gro\u00dfer Hitze. Kein K\u00fchlschrank, kein Strom und kein Gel n\u00f6tig. Einfach anfeuchten, auswringen und aussch\u00fctteln.  <\/p>\n<p>&nbsp;<\/p>\n<h2><strong>So wendest du den Wonder Cooling Neck Wrap bei deinem Pferd an<\/strong>:<\/h2>\n<ol>\n<li>Lege das Ende des Tuchs mit den angen\u00e4hten Riemen locker \u00fcber den Widerrist<\/li>\n<li>Ziehe das andere Ende des Wraps zu dir und stecke das Material darunter<\/li>\n<li>Befestige zuerst den Riemen, der dem Kopf am n\u00e4chsten ist, und achte darauf, dass das Material gut eingesteckt ist. Befestige dann den 2. und 3. Riemen, damit der Wrap sicher sitzt.  <\/li>\n<li>Befestige den Gator-Clip an der Seite des Neck Wrap (am weitesten vom Kopf entfernt) und befestige ihn am Widerrist<\/li>\n<\/ol>\n<p>&nbsp;<\/p>\n<h2><strong>So benutzt du den Neck Wrap<\/strong>:<\/h2>\n<ol>\n<li>Befeuchte den Wrap mit Wasser aus beliebiger Quelle und dr\u00fccke \u00fcbersch\u00fcssiges Wasser aus. Schwinge den Wrap 10\u201315 Sekunden durch die Luft. <\/li>\n<li>Mit der gerillten Seite nach unten: Lege das Ende des Wraps mit den angen\u00e4hten Riemen \u00fcber die Mitte des Widerrists. Der k\u00fcrzeste Riemen sollte am n\u00e4chsten am Kopf sein. <\/li>\n<li>Ziehe das Ende des Wraps ohne Riemen unter den Hals und stecke das Material unter die angen\u00e4hten Riemen<\/li>\n<li>Nutze die Klettverschl\u00fcsse, um sie um den Hals zu legen, und passe die L\u00e4nge an, bis es sich bequem anf\u00fchlt<\/li>\n<\/ol>\n<p>&nbsp;<\/p>\n<h2><strong>K\u00fchlzeit verl\u00e4ngern<\/strong><\/h2>\n<p>Indem du den Wrap einfach erneut anfeuchtest, z. B. durch leichtes Bespr\u00fchen mit Wasser aus einem Schlauch oder einer Spr\u00fchflasche. Wasser in jeder Temperatur kann verwendet werden, und der Wrap k\u00fchlt durch Verdunstung. Schwinge den Wrap, um Luftzirkulation zu erzeugen, und lege ihn anschlie\u00dfend auf das Pferd.  <\/p>\n<p>&nbsp;<\/p>\n<h2><strong>Wartung und Pflege<\/strong>:<\/h2>\n<ul>\n<li>Vor und nach jeder Anwendung aussp\u00fclen.<\/li>\n<li>Wenn du den Wrap nicht mehr benutzt, falte ihn, solange er noch feucht ist, zusammen und lege ihn in die Originalverpackung oder einen luftdicht verschlossenen Beh\u00e4lter.<br \/>\n-Wenn er l\u00e4nger als 3\u20134 Wochen nicht benutzt wird, falte ihn zusammen, solange er noch feucht ist, und lasse ihn vollst\u00e4ndig trocknen.<\/li>\n<li>Falte den Wrap nicht, wenn er hart ist; befeuchte ihn einfach, um ihn wieder weich zu machen.<\/li>\n<li>Separat in der Maschine oder von Hand mit milder Seife bzw. mildem Waschmittel waschbar. Den Wrap nicht in den Trockner geben. <\/li>\n<\/ul>\n<h3><strong>Hinweis<\/strong>:<\/h3>\n<p>Der Wrap ist nicht f\u00fcr medizinische Zust\u00e4nde gedacht, au\u00dfer um Linderung zu bieten. By Wonder \u00fcbernimmt keine Verantwortung f\u00fcr Sch\u00e4den, die durch unsachgem\u00e4\u00dfe Verwendung des Produkts entstehen. \ud83d\udc34<\/p>\n","protected":false},"excerpt":{"rendered":"<p>Gr\u00f6\u00dfe 24\u201dx55\u201d<br \/>\nWonder Horse Cooling ist ein revolution\u00e4res Produkt f\u00fcr Pferde! Die Textiltechnologie nutzt ein fortschrittliches hyper-evaporatives Material. Ideal f\u00fcr Freizeitreiter, die den Komfort ihres Pferdes verbessern m\u00f6chten; hervorragend f\u00fcr Wettkampfdisziplinen, da es eine SCHNELLE, aber SICHERE Senkung der K\u00f6rperkerntemperatur erm\u00f6glicht. Perfekte Therapie zur Muskelregeneration nach Anstrengung, Transport, Anhidrose und anderen hitzebedingten Problemen.   <\/p>\n","protected":false},"featured_media":1258,"comment_status":"open","ping_status":"closed","template":"","meta":{"inline_featured_image":false},"product_brand":[],"product_cat":[67],"product_tag":[54,56,57,55],"class_list":{"0":"post-1257","1":"product","2":"type-product","3":"status-publish","4":"has-post-thumbnail","6":"product_cat-hourse-wonder","7":"product_tag-halsband-fuer-pferde","8":"product_tag-horse-wonder","9":"product_tag-neck-wrap","10":"product_tag-pferdehals","12":"first","13":"instock","14":"taxable","15":"shipping-taxable","16":"purchasable","17":"product-type-simple"},"_links":{"self":[{"href":"https:\/\/horsewonder.dk\/de\/wp-json\/wp\/v2\/product\/1257","targetHints":{"allow":["GET"]}}],"collection":[{"href":"https:\/\/horsewonder.dk\/de\/wp-json\/wp\/v2\/product"}],"about":[{"href":"https:\/\/horsewonder.dk\/de\/wp-json\/wp\/v2\/types\/product"}],"replies":[{"embeddable":true,"href":"https:\/\/horsewonder.dk\/de\/wp-json\/wp\/v2\/comments?post=1257"}],"version-history":[{"count":3,"href":"https:\/\/horsewonder.dk\/de\/wp-json\/wp\/v2\/product\/1257\/revisions"}],"predecessor-version":[{"id":1382,"href":"https:\/\/horsewonder.dk\/de\/wp-json\/wp\/v2\/product\/1257\/revisions\/1382"}],"wp:featuredmedia":[{"embeddable":true,"href":"https:\/\/horsewonder.dk\/de\/wp-json\/wp\/v2\/media\/1258"}],"wp:attachment":[{"href":"https:\/\/horsewonder.dk\/de\/wp-json\/wp\/v2\/media?parent=1257"}],"wp:term":[{"taxonomy":"product_brand","embeddable":true,"href":"https:\/\/horsewonder.dk\/de\/wp-json\/wp\/v2\/product_brand?post=1257"},{"taxonomy":"product_cat","embeddable":true,"href":"https:\/\/horsewonder.dk\/de\/wp-json\/wp\/v2\/product_cat?post=1257"},{"taxonomy":"product_tag","embeddable":true,"href":"https:\/\/horsewonder.dk\/de\/wp-json\/wp\/v2\/product_tag?post=1257"}],"curies":[{"name":"wp","href":"https:\/\/api.w.org\/{rel}","templated":true}]}}